{"id":103,"date":"2018-12-29T20:23:43","date_gmt":"2018-12-29T19:23:43","guid":{"rendered":"http:\/\/lesvergersdemothois.fr\/?page_id=103"},"modified":"2022-01-04T16:25:23","modified_gmt":"2022-01-04T15:25:23","slug":"activites","status":"publish","type":"page","link":"https:\/\/lesvergersdemothois.fr\/en\/activites\/","title":{"rendered":"Activities"},"content":{"rendered":"<div data-elementor-type=\"wp-post\" data-elementor-id=\"103\" class=\"elementor elementor-103\">\n\t\t\t\t\t\t<section class=\"elementor-section elementor-top-section elementor-element elementor-element-f5e8570 elementor-section-boxed elementor-section-height-default elementor-section-height-default\" data-id=\"f5e8570\" data-element_type=\"section\">\n\t\t\t\t\t\t<div class=\"elementor-container elementor-column-gap-default\">\n\t\t\t\t\t<div class=\"elementor-column elementor-col-33 elementor-top-column elementor-element elementor-element-074bc13\" data-id=\"074bc13\" data-element_type=\"column\">\n\t\t\t<div class=\"elementor-widget-wrap elementor-element-populated\">\n\t\t\t\t\t\t<div class=\"elementor-element elementor-element-6064e6c elementor-widget elementor-widget-image\" data-id=\"6064e6c\" data-element_type=\"widget\" data-widget_type=\"image.default\">\n\t\t\t\t<div class=\"elementor-widget-container\">\n\t\t\t\t\t\t\t\t\t\t\t\t\t<img fetchpriority=\"high\" width=\"525\" height=\"350\" src=\"https:\/\/lesvergersdemothois.fr\/wp-content\/uploads\/2018\/12\/Ballade_1016_VL-56-1024x683.jpg\" class=\"attachment-large size-large wp-image-213\" alt=\"\" srcset=\"https:\/\/lesvergersdemothois.fr\/wp-content\/uploads\/2018\/12\/Ballade_1016_VL-56-1024x683.jpg 1024w, https:\/\/lesvergersdemothois.fr\/wp-content\/uploads\/2018\/12\/Ballade_1016_VL-56-300x200.jpg 300w, https:\/\/lesvergersdemothois.fr\/wp-content\/uploads\/2018\/12\/Ballade_1016_VL-56-768x512.jpg 768w\" sizes=\"100vw\" \/>\t\t\t\t\t\t\t\t\t\t\t\t\t<\/div>\n\t\t\t\t<\/div>\n\t\t\t\t<div class=\"elementor-element elementor-element-a918fe7 elementor-widget elementor-widget-image\" data-id=\"a918fe7\" data-element_type=\"widget\" data-widget_type=\"image.default\">\n\t\t\t\t<div class=\"elementor-widget-container\">\n\t\t\t\t\t\t\t\t\t\t\t\t\t<img width=\"525\" height=\"353\" src=\"https:\/\/lesvergersdemothois.fr\/wp-content\/uploads\/2018\/12\/IMG-VOG.jpg\" class=\"attachment-large size-large wp-image-120\" alt=\"\" srcset=\"https:\/\/lesvergersdemothois.fr\/wp-content\/uploads\/2018\/12\/IMG-VOG.jpg 769w, https:\/\/lesvergersdemothois.fr\/wp-content\/uploads\/2018\/12\/IMG-VOG-300x202.jpg 300w, https:\/\/lesvergersdemothois.fr\/wp-content\/uploads\/2018\/12\/IMG-VOG-768x516.jpg 768w\" sizes=\"100vw\" \/>\t\t\t\t\t\t\t\t\t\t\t\t\t<\/div>\n\t\t\t\t<\/div>\n\t\t\t\t\t<\/div>\n\t\t<\/div>\n\t\t\t\t<div class=\"elementor-column elementor-col-33 elementor-top-column elementor-element elementor-element-0b7de9b\" data-id=\"0b7de9b\" data-element_type=\"column\">\n\t\t\t<div class=\"elementor-widget-wrap elementor-element-populated\">\n\t\t\t\t\t\t<div class=\"elementor-element elementor-element-414b456 elementor-widget elementor-widget-image\" data-id=\"414b456\" data-element_type=\"widget\" data-widget_type=\"image.default\">\n\t\t\t\t<div class=\"elementor-widget-container\">\n\t\t\t\t\t\t\t\t\t\t\t\t\t<img width=\"512\" height=\"768\" src=\"https:\/\/lesvergersdemothois.fr\/wp-content\/uploads\/2018\/12\/d\u00e9but.jpg\" class=\"attachment-large size-large wp-image-189\" alt=\"\" srcset=\"https:\/\/lesvergersdemothois.fr\/wp-content\/uploads\/2018\/12\/d\u00e9but.jpg 512w, https:\/\/lesvergersdemothois.fr\/wp-content\/uploads\/2018\/12\/d\u00e9but-200x300.jpg 200w\" sizes=\"100vw\" \/>\t\t\t\t\t\t\t\t\t\t\t\t\t<\/div>\n\t\t\t\t<\/div>\n\t\t\t\t\t<\/div>\n\t\t<\/div>\n\t\t\t\t<div class=\"elementor-column elementor-col-33 elementor-top-column elementor-element elementor-element-7ce2fee\" data-id=\"7ce2fee\" data-element_type=\"column\">\n\t\t\t<div class=\"elementor-widget-wrap elementor-element-populated\">\n\t\t\t\t\t\t<div class=\"elementor-element elementor-element-30ac9a0 elementor-widget elementor-widget-image\" data-id=\"30ac9a0\" data-element_type=\"widget\" data-widget_type=\"image.default\">\n\t\t\t\t<div class=\"elementor-widget-container\">\n\t\t\t\t\t\t\t\t\t\t\t\t\t<img loading=\"lazy\" width=\"525\" height=\"298\" src=\"https:\/\/lesvergersdemothois.fr\/wp-content\/uploads\/2018\/12\/moutonverger-1024x582.jpg\" class=\"attachment-large size-large wp-image-198\" alt=\"\" srcset=\"https:\/\/lesvergersdemothois.fr\/wp-content\/uploads\/2018\/12\/moutonverger-1024x582.jpg 1024w, https:\/\/lesvergersdemothois.fr\/wp-content\/uploads\/2018\/12\/moutonverger-300x170.jpg 300w, https:\/\/lesvergersdemothois.fr\/wp-content\/uploads\/2018\/12\/moutonverger-768x436.jpg 768w\" sizes=\"100vw\" \/>\t\t\t\t\t\t\t\t\t\t\t\t\t<\/div>\n\t\t\t\t<\/div>\n\t\t\t\t<div class=\"elementor-element elementor-element-953285a elementor-widget elementor-widget-image\" data-id=\"953285a\" data-element_type=\"widget\" data-widget_type=\"image.default\">\n\t\t\t\t<div class=\"elementor-widget-container\">\n\t\t\t\t\t\t\t\t\t\t\t\t\t<img loading=\"lazy\" width=\"525\" height=\"360\" src=\"https:\/\/lesvergersdemothois.fr\/wp-content\/uploads\/2018\/12\/Haibike-sduro-hardseven-2.jpg\" class=\"attachment-large size-large wp-image-138\" alt=\"\" srcset=\"https:\/\/lesvergersdemothois.fr\/wp-content\/uploads\/2018\/12\/Haibike-sduro-hardseven-2.jpg 799w, https:\/\/lesvergersdemothois.fr\/wp-content\/uploads\/2018\/12\/Haibike-sduro-hardseven-2-300x206.jpg 300w, https:\/\/lesvergersdemothois.fr\/wp-content\/uploads\/2018\/12\/Haibike-sduro-hardseven-2-768x527.jpg 768w\" sizes=\"100vw\" \/>\t\t\t\t\t\t\t\t\t\t\t\t\t<\/div>\n\t\t\t\t<\/div>\n\t\t\t\t\t<\/div>\n\t\t<\/div>\n\t\t\t\t\t<\/div>\n\t\t<\/section>\n\t\t\t\t<section class=\"elementor-section elementor-top-section elementor-element elementor-element-6a27df36 elementor-section-boxed elementor-section-height-default elementor-section-height-default\" data-id=\"6a27df36\" data-element_type=\"section\">\n\t\t\t\t\t\t<div class=\"elementor-container elementor-column-gap-default\">\n\t\t\t\t\t<div class=\"elementor-column elementor-col-100 elementor-top-column elementor-element elementor-element-74c1236b\" data-id=\"74c1236b\" data-element_type=\"column\">\n\t\t\t<div class=\"elementor-widget-wrap elementor-element-populated\">\n\t\t\t\t\t\t<div class=\"elementor-element elementor-element-12db47c4 elementor-widget elementor-widget-text-editor\" data-id=\"12db47c4\" data-element_type=\"widget\" data-widget_type=\"text-editor.default\">\n\t\t\t\t<div class=\"elementor-widget-container\">\n\t\t\t\t\t\t\t<p><!-- wp:paragraph --><\/p>\n<p>Pour diversifier notre activit\u00e9 nous vous proposons :<\/p>\n<p><!-- \/wp:paragraph --><\/p>\n<p><!-- wp:paragraph --><\/p>\n<p>La\u00a0<a href=\"https:\/\/lesvergersdemothois.fr\/index.php\/velos-electriques\/\" target=\"_blank\" rel=\"noopener\">location de v\u00e9los \u00e9lectriques<\/a>\u00a0pour explorer notre bel environnement.\u00a0<a href=\"https:\/\/www.oisetourisme.com\/gerberoy\" target=\"_blank\" rel=\"noopener\">Gerberoy<\/a>\u00a0et\u00a0<a href=\"https:\/\/www.villagesetpatrimoine.fr\/saint-germer-de-fly\/\" target=\"_blank\" rel=\"noopener\">Saint Germer de Fly avec son abbaye<\/a>\u00a0sont deux haut lieux touristiques \u00e0 proximit\u00e9.<\/p>\n<p><!-- \/wp:paragraph --><\/p>\n<p><!-- wp:paragraph --><\/p>\n<p>La\u00a0<a href=\"https:\/\/lesvergersdemothois.fr\/index.php\/visite\/\" target=\"_blank\" rel=\"noopener\">visite de la ferme<\/a>\u00a0pour d\u00e9couvrir\u00a0<a href=\"https:\/\/lesvergersdemothois.fr\/index.php\/page-d-exemple\/\" target=\"_blank\" rel=\"noopener\">l&rsquo;\u00e9levage ovin<\/a>,\u00a0<a href=\"https:\/\/lesvergersdemothois.fr\/index.php\/arboriculture\/\" target=\"_blank\" rel=\"noopener\">l&rsquo;arboriculture<\/a>, l&rsquo;agriculture biologique, la production du cidre, la production d&rsquo;\u00e9lectricit\u00e9 photovolta\u00efque etc&#8230;<\/p>\n<p>Les\u00a0<a href=\"https:\/\/lesvergersdemothois.fr\/index.php\/cafe-peinture\/\" target=\"_blank\" rel=\"noopener\">Caf\u00e9s peinture<\/a>\u00a0de notre fille Lise, pour venir peindre librement en profitant des rencontres, d&rsquo;un caf\u00e9 et du cadre inspirant offert par les grandes pi\u00e8ces avec vue de la maison familiale.\u00a0<\/p>\n<p><!-- \/wp:paragraph --><\/p>\n<p><!-- wp:paragraph --><\/p>\n<p>Louez notre\u00a0<a href=\"https:\/\/lesvergersdemothois.fr\/index.php\/le-gite\/\" target=\"_blank\" rel=\"noopener\">g\u00eete<\/a>\u00a0pour profiter d&rsquo;un vrai temps de repos dans ce petit paradis de verdure.<\/p>\n<p><!-- \/wp:paragraph --><\/p>\t\t\t\t\t\t<\/div>\n\t\t\t\t<\/div>\n\t\t\t\t\t<\/div>\n\t\t<\/div>\n\t\t\t\t\t<\/div>\n\t\t<\/section>\n\t\t\t\t<\/div>","protected":false},"excerpt":{"rendered":"<p>Pour diversifier notre activit\u00e9 nous vous proposons : La\u00a0location de v\u00e9los \u00e9lectriques\u00a0pour explorer notre bel environnement.\u00a0Gerberoy\u00a0et\u00a0Saint Germer de Fly avec son abbaye\u00a0sont deux haut lieux touristiques \u00e0 proximit\u00e9. La\u00a0visite de la ferme\u00a0pour d\u00e9couvrir\u00a0l&rsquo;\u00e9levage ovin,\u00a0l&rsquo;arboriculture, l&rsquo;agriculture biologique, la production du cidre, la production d&rsquo;\u00e9lectricit\u00e9 photovolta\u00efque etc&#8230; Les\u00a0Caf\u00e9s peinture\u00a0de notre fille Lise, pour venir peindre librement en &hellip; <\/p>\n<p class=\"link-more\"><a href=\"https:\/\/lesvergersdemothois.fr\/en\/activites\/\" class=\"more-link\">Continue reading<span class=\"screen-reader-text\"> \u00ab\u00a0Activit\u00e9s\u00a0\u00bb<\/span><\/a><\/p>","protected":false},"author":1,"featured_media":0,"parent":0,"menu_order":0,"comment_status":"closed","ping_status":"closed","template":"","meta":[],"_links":{"self":[{"href":"https:\/\/lesvergersdemothois.fr\/en\/wp-json\/wp\/v2\/pages\/103"}],"collection":[{"href":"https:\/\/lesvergersdemothois.fr\/en\/wp-json\/wp\/v2\/pages"}],"about":[{"href":"https:\/\/lesvergersdemothois.fr\/en\/wp-json\/wp\/v2\/types\/page"}],"author":[{"embeddable":true,"href":"https:\/\/lesvergersdemothois.fr\/en\/wp-json\/wp\/v2\/users\/1"}],"replies":[{"embeddable":true,"href":"https:\/\/lesvergersdemothois.fr\/en\/wp-json\/wp\/v2\/comments?post=103"}],"version-history":[{"count":19,"href":"https:\/\/lesvergersdemothois.fr\/en\/wp-json\/wp\/v2\/pages\/103\/revisions"}],"predecessor-version":[{"id":719,"href":"https:\/\/lesvergersdemothois.fr\/en\/wp-json\/wp\/v2\/pages\/103\/revisions\/719"}],"wp:attachment":[{"href":"https:\/\/lesvergersdemothois.fr\/en\/wp-json\/wp\/v2\/media?parent=103"}],"curies":[{"name":"wp","href":"https:\/\/api.w.org\/{rel}","templated":true}]}}