{"id":104,"date":"2018-12-29T20:22:32","date_gmt":"2018-12-29T19:22:32","guid":{"rendered":"http:\/\/lesvergersdemothois.fr\/?page_id=104"},"modified":"2022-01-04T16:52:12","modified_gmt":"2022-01-04T15:52:12","slug":"velos-electriques","status":"publish","type":"page","link":"https:\/\/lesvergersdemothois.fr\/en\/velos-electriques\/","title":{"rendered":"Electric bikes"},"content":{"rendered":"<div data-elementor-type=\"wp-post\" data-elementor-id=\"104\" class=\"elementor elementor-104\">\n\t\t\t\t\t\t<section class=\"elementor-section elementor-top-section elementor-element elementor-element-cc5dc4f elementor-section-boxed elementor-section-height-default elementor-section-height-default\" data-id=\"cc5dc4f\" data-element_type=\"section\">\n\t\t\t\t\t\t<div class=\"elementor-container elementor-column-gap-default\">\n\t\t\t\t\t<div class=\"elementor-column elementor-col-100 elementor-top-column elementor-element elementor-element-2c047b2\" data-id=\"2c047b2\" data-element_type=\"column\">\n\t\t\t<div class=\"elementor-widget-wrap elementor-element-populated\">\n\t\t\t\t\t\t<div class=\"elementor-element elementor-element-d723766 elementor-widget elementor-widget-text-editor\" data-id=\"d723766\" data-element_type=\"widget\" data-widget_type=\"text-editor.default\">\n\t\t\t\t<div class=\"elementor-widget-container\">\n\t\t\t\t\t\t\t<p>Depuis le site de Mothois \u00e0 Saint Quentin des Pr\u00e9s, vous pouvez louer\u00a0des v\u00e9los \u00e0 assistance \u00e9lectrique (VAE) pour visiter les plus beaux sites du pays de Bray\u00a0:<\/p>\n<p><!-- \/wp:paragraph --><\/p>\n<p><!-- wp:paragraph --><\/p>\n<p><a style=\"font-family: var( --e-global-typography-text-font-family ), Sans-serif; font-weight: var( --e-global-typography-text-font-weight ); background-color: #ffffff; font-size: 1rem;\" href=\"https:\/\/www.villagesetpatrimoine.fr\/saint-germer-de-fly\/\" target=\"_blank\" rel=\"noopener\">Saint Germer de Fly<\/a>,\u00a0<a href=\"https:\/\/www.oisetourisme.com\/gerberoy\" target=\"_blank\" rel=\"noopener\">Gerberoy<\/a>,\u00a0<a href=\"https:\/\/www.avenuevertelondonparis.com\/\" target=\"_blank\" rel=\"noopener\">l&rsquo;avenue verte<\/a><span style=\"font-size: 1rem;\">, la\u00a0<\/span><a href=\"https:\/\/cyclotourisme-mag.com\/2021\/01\/03\/randonnee-a-travers-le-plateau-et-la-vallee-du-therain\/\" target=\"_blank\" rel=\"noopener\">vall\u00e9e du Th\u00e9rain<\/a><span style=\"font-size: 1rem;\">&#8230; bocage, jolis villages et collines \u00e0 perte de vue que vous gravirez sans effort.\u00a0<\/span><\/p>\n<p>Pour hommes, ce sont 2 VTT\u00a0Haibike \u00e0 moteur \u00e9lectrique Yamaha et batterie de 400wh.<\/p>\n<p><!-- \/wp:paragraph --><\/p>\n<p><!-- wp:paragraph --><\/p>\n<p>Pour dames ce sont 2 VTC O2Feel Off Road de capacit\u00e9s \u00e9quivalentes.<\/p>\t\t\t\t\t\t<\/div>\n\t\t\t\t<\/div>\n\t\t\t\t\t<\/div>\n\t\t<\/div>\n\t\t\t\t\t<\/div>\n\t\t<\/section>\n\t\t\t\t<section class=\"elementor-section elementor-top-section elementor-element elementor-element-bc21de3 elementor-section-boxed elementor-section-height-default elementor-section-height-default\" data-id=\"bc21de3\" data-element_type=\"section\">\n\t\t\t\t\t\t<div class=\"elementor-container elementor-column-gap-default\">\n\t\t\t\t\t<div class=\"elementor-column elementor-col-50 elementor-top-column elementor-element elementor-element-22cad54\" data-id=\"22cad54\" data-element_type=\"column\">\n\t\t\t<div class=\"elementor-widget-wrap elementor-element-populated\">\n\t\t\t\t\t\t<div class=\"elementor-element elementor-element-62ea6ab elementor-widget elementor-widget-image\" data-id=\"62ea6ab\" data-element_type=\"widget\" data-widget_type=\"image.default\">\n\t\t\t\t<div class=\"elementor-widget-container\">\n\t\t\t\t\t\t\t\t\t\t\t\t\t<img fetchpriority=\"high\" width=\"525\" height=\"353\" src=\"https:\/\/lesvergersdemothois.fr\/wp-content\/uploads\/2018\/12\/IMG-VOG.jpg\" class=\"attachment-large size-large wp-image-120\" alt=\"\" srcset=\"https:\/\/lesvergersdemothois.fr\/wp-content\/uploads\/2018\/12\/IMG-VOG.jpg 769w, https:\/\/lesvergersdemothois.fr\/wp-content\/uploads\/2018\/12\/IMG-VOG-300x202.jpg 300w, https:\/\/lesvergersdemothois.fr\/wp-content\/uploads\/2018\/12\/IMG-VOG-768x516.jpg 768w\" sizes=\"100vw\" \/>\t\t\t\t\t\t\t\t\t\t\t\t\t<\/div>\n\t\t\t\t<\/div>\n\t\t\t\t\t<\/div>\n\t\t<\/div>\n\t\t\t\t<div class=\"elementor-column elementor-col-50 elementor-top-column elementor-element elementor-element-86b554a\" data-id=\"86b554a\" data-element_type=\"column\">\n\t\t\t<div class=\"elementor-widget-wrap elementor-element-populated\">\n\t\t\t\t\t\t<div class=\"elementor-element elementor-element-d9b1aee elementor-widget elementor-widget-image\" data-id=\"d9b1aee\" data-element_type=\"widget\" data-widget_type=\"image.default\">\n\t\t\t\t<div class=\"elementor-widget-container\">\n\t\t\t\t\t\t\t\t\t\t\t\t\t<img width=\"525\" height=\"360\" src=\"https:\/\/lesvergersdemothois.fr\/wp-content\/uploads\/2018\/12\/Haibike-sduro-hardseven-2.jpg\" class=\"attachment-large size-large wp-image-138\" alt=\"\" srcset=\"https:\/\/lesvergersdemothois.fr\/wp-content\/uploads\/2018\/12\/Haibike-sduro-hardseven-2.jpg 799w, https:\/\/lesvergersdemothois.fr\/wp-content\/uploads\/2018\/12\/Haibike-sduro-hardseven-2-300x206.jpg 300w, https:\/\/lesvergersdemothois.fr\/wp-content\/uploads\/2018\/12\/Haibike-sduro-hardseven-2-768x527.jpg 768w\" sizes=\"100vw\" \/>\t\t\t\t\t\t\t\t\t\t\t\t\t<\/div>\n\t\t\t\t<\/div>\n\t\t\t\t\t<\/div>\n\t\t<\/div>\n\t\t\t\t\t<\/div>\n\t\t<\/section>\n\t\t\t\t<section class=\"elementor-section elementor-top-section elementor-element elementor-element-10aa41b8 elementor-section-boxed elementor-section-height-default elementor-section-height-default\" data-id=\"10aa41b8\" data-element_type=\"section\">\n\t\t\t\t\t\t<div class=\"elementor-container elementor-column-gap-default\">\n\t\t\t\t\t<div class=\"elementor-column elementor-col-100 elementor-top-column elementor-element elementor-element-7c9c6636\" data-id=\"7c9c6636\" data-element_type=\"column\">\n\t\t\t<div class=\"elementor-widget-wrap elementor-element-populated\">\n\t\t\t\t\t\t<div class=\"elementor-element elementor-element-281128b4 elementor-widget elementor-widget-text-editor\" data-id=\"281128b4\" data-element_type=\"widget\" data-widget_type=\"text-editor.default\">\n\t\t\t\t<div class=\"elementor-widget-container\">\n\t\t\t\t\t\t\t<p><!-- wp:paragraph --><\/p>\n<p><span style=\"font-size: 1rem;\">Un tableau de bord informe de l&rsquo;autonomie de la batterie. L&rsquo;assistance \u00e9lectrique est modulable au guidon.<\/span><\/p>\n<p><!-- \/wp:paragraph --><\/p>\n<p><!-- wp:paragraph --><\/p>\n<p>L&rsquo;autonomie va de 50 \u00e0 100 km suivant le niveau d&rsquo;assistance choisi.<\/p>\n<p><!-- \/wp:paragraph --><\/p>\n<p><!-- wp:paragraph --><\/p>\n<p>L&rsquo;assistance \u00e9lectrique est r\u00e9glementairement limit\u00e9e \u00e0 25 km\/h, ce qui veut dire qu&rsquo;au del\u00e0 de cette vitesse seul le p\u00e9dalage entra\u00eene le v\u00e9lo.<\/p>\n<p>En cas d&rsquo;\u00e9puisement de la charge \u00e9lectrique, le v\u00e9lo se conduit comme un v\u00e9lo classique un peu plus lourd (20 kg).\u00a0<\/p>\n<p><!-- \/wp:paragraph --><\/p>\n<p><!-- wp:paragraph --><\/p>\n<p>La location est \u00e0 la dur\u00e9e :<\/p>\n<p><!-- \/wp:paragraph --><\/p>\n<p><!-- wp:paragraph --><\/p>\n<p>30\u20ac la journ\u00e9e, 20\u20ac la demi-journ\u00e9e ou 10\u20ac l&rsquo;heure.<br \/>Nous fournissons les casques et un kit de crevaison.<\/p>\n<p><!-- \/wp:paragraph --><\/p>\n<p><!-- wp:paragraph --><\/p>\n<p>Renseignements et r\u00e9servation au \u00a0<strong>06 88 53 85 98<\/strong>\u00a0<\/p>\n<p><!-- \/wp:paragraph --><\/p>\t\t\t\t\t\t<\/div>\n\t\t\t\t<\/div>\n\t\t\t\t\t<\/div>\n\t\t<\/div>\n\t\t\t\t\t<\/div>\n\t\t<\/section>\n\t\t\t\t<\/div>","protected":false},"excerpt":{"rendered":"<p>Depuis le site de Mothois \u00e0 Saint Quentin des Pr\u00e9s, vous pouvez louer\u00a0des v\u00e9los \u00e0 assistance \u00e9lectrique (VAE) pour visiter les plus beaux sites du pays de Bray\u00a0: Saint Germer de Fly,\u00a0Gerberoy,\u00a0l&rsquo;avenue verte, la\u00a0vall\u00e9e du Th\u00e9rain&#8230; bocage, jolis villages et collines \u00e0 perte de vue que vous gravirez sans effort.\u00a0 Pour hommes, ce sont 2 &hellip; <\/p>\n<p class=\"link-more\"><a href=\"https:\/\/lesvergersdemothois.fr\/en\/velos-electriques\/\" class=\"more-link\">Continue reading<span class=\"screen-reader-text\"> \u00ab\u00a0V\u00e9los \u00e9lectriques\u00a0\u00bb<\/span><\/a><\/p>","protected":false},"author":1,"featured_media":0,"parent":0,"menu_order":0,"comment_status":"closed","ping_status":"closed","template":"","meta":[],"_links":{"self":[{"href":"https:\/\/lesvergersdemothois.fr\/en\/wp-json\/wp\/v2\/pages\/104"}],"collection":[{"href":"https:\/\/lesvergersdemothois.fr\/en\/wp-json\/wp\/v2\/pages"}],"about":[{"href":"https:\/\/lesvergersdemothois.fr\/en\/wp-json\/wp\/v2\/types\/page"}],"author":[{"embeddable":true,"href":"https:\/\/lesvergersdemothois.fr\/en\/wp-json\/wp\/v2\/users\/1"}],"replies":[{"embeddable":true,"href":"https:\/\/lesvergersdemothois.fr\/en\/wp-json\/wp\/v2\/comments?post=104"}],"version-history":[{"count":26,"href":"https:\/\/lesvergersdemothois.fr\/en\/wp-json\/wp\/v2\/pages\/104\/revisions"}],"predecessor-version":[{"id":742,"href":"https:\/\/lesvergersdemothois.fr\/en\/wp-json\/wp\/v2\/pages\/104\/revisions\/742"}],"wp:attachment":[{"href":"https:\/\/lesvergersdemothois.fr\/en\/wp-json\/wp\/v2\/media?parent=104"}],"curies":[{"name":"wp","href":"https:\/\/api.w.org\/{rel}","templated":true}]}}