{"id":1407,"date":"2023-12-04T13:53:09","date_gmt":"2023-12-04T12:53:09","guid":{"rendered":"https:\/\/lesvergersdemothois.fr\/?page_id=1407"},"modified":"2025-12-18T16:26:09","modified_gmt":"2025-12-18T15:26:09","slug":"mariviere","status":"publish","type":"page","link":"https:\/\/lesvergersdemothois.fr\/en\/mariviere\/","title":{"rendered":"Marivi\u00e8re"},"content":{"rendered":"<div data-elementor-type=\"wp-page\" data-elementor-id=\"1407\" class=\"elementor elementor-1407\">\n\t\t\t\t\t\t<section class=\"elementor-section elementor-top-section elementor-element elementor-element-06ff380 elementor-section-boxed elementor-section-height-default elementor-section-height-default\" data-id=\"06ff380\" data-element_type=\"section\">\n\t\t\t\t\t\t<div class=\"elementor-container elementor-column-gap-default\">\n\t\t\t\t\t<div class=\"elementor-column elementor-col-33 elementor-top-column elementor-element elementor-element-4cc4a01\" data-id=\"4cc4a01\" data-element_type=\"column\">\n\t\t\t<div class=\"elementor-widget-wrap elementor-element-populated\">\n\t\t\t\t\t\t<div class=\"elementor-element elementor-element-8ef7ced elementor-widget elementor-widget-image\" data-id=\"8ef7ced\" data-element_type=\"widget\" data-widget_type=\"image.default\">\n\t\t\t\t<div class=\"elementor-widget-container\">\n\t\t\t\t\t\t\t\t\t\t\t\t\t<img fetchpriority=\"high\" width=\"525\" height=\"372\" src=\"https:\/\/lesvergersdemothois.fr\/wp-content\/uploads\/2024\/01\/logo-sans-lisere-1024x726.png\" class=\"attachment-large size-large wp-image-1464\" alt=\"\" srcset=\"https:\/\/lesvergersdemothois.fr\/wp-content\/uploads\/2024\/01\/logo-sans-lisere-1024x726.png 1024w, https:\/\/lesvergersdemothois.fr\/wp-content\/uploads\/2024\/01\/logo-sans-lisere-300x213.png 300w, https:\/\/lesvergersdemothois.fr\/wp-content\/uploads\/2024\/01\/logo-sans-lisere-768x545.png 768w, https:\/\/lesvergersdemothois.fr\/wp-content\/uploads\/2024\/01\/logo-sans-lisere-1536x1090.png 1536w, https:\/\/lesvergersdemothois.fr\/wp-content\/uploads\/2024\/01\/logo-sans-lisere.png 1748w\" sizes=\"100vw\" \/>\t\t\t\t\t\t\t\t\t\t\t\t\t<\/div>\n\t\t\t\t<\/div>\n\t\t\t\t<div class=\"elementor-element elementor-element-a382950 elementor-widget elementor-widget-text-editor\" data-id=\"a382950\" data-element_type=\"widget\" data-widget_type=\"text-editor.default\">\n\t\t\t\t<div class=\"elementor-widget-container\">\n\t\t\t\t\t\t\t<p><b>Jardin bio de plantes aromatiques et m\u00e9dicinales et petits fruits<\/b><\/p><p>Tisanes, sirops, aromates et autres gourmandises&#8230; au c\u0153ur du Pays de Bray.<\/p>\t\t\t\t\t\t<\/div>\n\t\t\t\t<\/div>\n\t\t\t\t\t<\/div>\n\t\t<\/div>\n\t\t\t\t<div class=\"elementor-column elementor-col-66 elementor-top-column elementor-element elementor-element-5bde117\" data-id=\"5bde117\" data-element_type=\"column\">\n\t\t\t<div class=\"elementor-widget-wrap elementor-element-populated\">\n\t\t\t\t\t\t<div class=\"elementor-element elementor-element-d25b49e elementor-widget__width-initial elementor-widget elementor-widget-image\" data-id=\"d25b49e\" data-element_type=\"widget\" data-widget_type=\"image.default\">\n\t\t\t\t<div class=\"elementor-widget-container\">\n\t\t\t\t\t\t\t\t\t\t\t\t\t<img width=\"525\" height=\"350\" src=\"https:\/\/lesvergersdemothois.fr\/wp-content\/uploads\/2023\/12\/01099663-1024x683.jpg\" class=\"attachment-large size-large wp-image-1409\" alt=\"\" srcset=\"https:\/\/lesvergersdemothois.fr\/wp-content\/uploads\/2023\/12\/01099663-1024x683.jpg 1024w, https:\/\/lesvergersdemothois.fr\/wp-content\/uploads\/2023\/12\/01099663-300x200.jpg 300w, https:\/\/lesvergersdemothois.fr\/wp-content\/uploads\/2023\/12\/01099663-768x512.jpg 768w, https:\/\/lesvergersdemothois.fr\/wp-content\/uploads\/2023\/12\/01099663-1536x1024.jpg 1536w, https:\/\/lesvergersdemothois.fr\/wp-content\/uploads\/2023\/12\/01099663-2048x1365.jpg 2048w\" sizes=\"100vw\" \/>\t\t\t\t\t\t\t\t\t\t\t\t\t<\/div>\n\t\t\t\t<\/div>\n\t\t\t\t\t<\/div>\n\t\t<\/div>\n\t\t\t\t\t<\/div>\n\t\t<\/section>\n\t\t\t\t<section class=\"elementor-section elementor-top-section elementor-element elementor-element-6760674 elementor-section-boxed elementor-section-height-default elementor-section-height-default\" data-id=\"6760674\" data-element_type=\"section\">\n\t\t\t\t\t\t<div class=\"elementor-container elementor-column-gap-default\">\n\t\t\t\t\t<div class=\"elementor-column elementor-col-50 elementor-top-column elementor-element elementor-element-16b2060\" data-id=\"16b2060\" data-element_type=\"column\">\n\t\t\t<div class=\"elementor-widget-wrap elementor-element-populated\">\n\t\t\t\t\t\t<div class=\"elementor-element elementor-element-9661967 elementor-widget elementor-widget-image\" data-id=\"9661967\" data-element_type=\"widget\" data-widget_type=\"image.default\">\n\t\t\t\t<div class=\"elementor-widget-container\">\n\t\t\t\t\t\t\t\t\t\t\t\t\t<img width=\"525\" height=\"525\" src=\"https:\/\/lesvergersdemothois.fr\/wp-content\/uploads\/2023\/12\/01100093-1024x1024.jpg\" class=\"attachment-large size-large wp-image-1418\" alt=\"\" srcset=\"https:\/\/lesvergersdemothois.fr\/wp-content\/uploads\/2023\/12\/01100093-1024x1024.jpg 1024w, https:\/\/lesvergersdemothois.fr\/wp-content\/uploads\/2023\/12\/01100093-300x300.jpg 300w, https:\/\/lesvergersdemothois.fr\/wp-content\/uploads\/2023\/12\/01100093-150x150.jpg 150w, https:\/\/lesvergersdemothois.fr\/wp-content\/uploads\/2023\/12\/01100093-768x768.jpg 768w, https:\/\/lesvergersdemothois.fr\/wp-content\/uploads\/2023\/12\/01100093-1536x1536.jpg 1536w, https:\/\/lesvergersdemothois.fr\/wp-content\/uploads\/2023\/12\/01100093-2048x2048.jpg 2048w, https:\/\/lesvergersdemothois.fr\/wp-content\/uploads\/2023\/12\/01100093-100x100.jpg 100w\" sizes=\"100vw\" \/>\t\t\t\t\t\t\t\t\t\t\t\t\t<\/div>\n\t\t\t\t<\/div>\n\t\t\t\t\t<\/div>\n\t\t<\/div>\n\t\t\t\t<div class=\"elementor-column elementor-col-50 elementor-top-column elementor-element elementor-element-38233a9\" data-id=\"38233a9\" data-element_type=\"column\">\n\t\t\t<div class=\"elementor-widget-wrap elementor-element-populated\">\n\t\t\t\t\t\t<div class=\"elementor-element elementor-element-c49b19d elementor-align-center elementor-widget elementor-widget-button\" data-id=\"c49b19d\" data-element_type=\"widget\" data-widget_type=\"button.default\">\n\t\t\t\t<div class=\"elementor-widget-container\">\n\t\t\t\t\t<div class=\"elementor-button-wrapper\">\n\t\t\t<a class=\"elementor-button elementor-button-link elementor-size-sm\" href=\"https:\/\/mariviere.fr\/\">\n\t\t\t\t\t\t<span class=\"elementor-button-content-wrapper\">\n\t\t\t\t\t\t\t\t\t<span class=\"elementor-button-text\">E-shop<\/span>\n\t\t\t\t\t<\/span>\n\t\t\t\t\t<\/a>\n\t\t<\/div>\n\t\t\t\t<\/div>\n\t\t\t\t<\/div>\n\t\t\t\t<div class=\"elementor-element elementor-element-2f37cc2 elementor-widget elementor-widget-text-editor\" data-id=\"2f37cc2\" data-element_type=\"widget\" data-widget_type=\"text-editor.default\">\n\t\t\t\t<div class=\"elementor-widget-container\">\n\t\t\t\t\t\t\t<p>C&rsquo;est au coeur des Vergers de Mothois que Marie alias Marivi\u00e8re a cr\u00e9\u00e9 en 2023 son jardin pour concocter une gamme de produits haute en couleur, en saveurs et en vertus pour la sant\u00e9.<\/p><p><b><i>Herbal teas<\/i><\/b> simples et compos\u00e9es, <b><i>Syrups<\/i><\/b>, <b><i>Confitures<\/i><\/b> et <b><i>gel\u00e9es<\/i><\/b>, <b><i>Vinaigre<\/i><\/b> de cidre de la ferme aromatis\u00e9 aux herbes de son jardin, il y en a pour tous les go\u00fbts !\u00a0<\/p><p>Retrouvez ses produits au magasin dans la cour de ferme les samedis matin de 10h \u00e0 13h et dans sa boutique en ligne.<\/p><p>\u00a0<\/p>\t\t\t\t\t\t<\/div>\n\t\t\t\t<\/div>\n\t\t\t\t\t<\/div>\n\t\t<\/div>\n\t\t\t\t\t<\/div>\n\t\t<\/section>\n\t\t\t\t<section class=\"elementor-section elementor-top-section elementor-element elementor-element-83caf0c elementor-section-boxed elementor-section-height-default elementor-section-height-default\" data-id=\"83caf0c\" data-element_type=\"section\">\n\t\t\t\t\t\t<div class=\"elementor-container elementor-column-gap-default\">\n\t\t\t\t\t<div class=\"elementor-column elementor-col-25 elementor-top-column elementor-element elementor-element-f287a89\" data-id=\"f287a89\" data-element_type=\"column\">\n\t\t\t<div class=\"elementor-widget-wrap elementor-element-populated\">\n\t\t\t\t\t\t<div class=\"elementor-element elementor-element-1da711b elementor-widget elementor-widget-image\" data-id=\"1da711b\" data-element_type=\"widget\" data-widget_type=\"image.default\">\n\t\t\t\t<div class=\"elementor-widget-container\">\n\t\t\t\t\t\t\t\t\t\t\t\t\t<img loading=\"lazy\" width=\"525\" height=\"700\" src=\"https:\/\/lesvergersdemothois.fr\/wp-content\/uploads\/2023\/12\/tisane-768x1024.jpg\" class=\"attachment-large size-large wp-image-1403\" alt=\"\" srcset=\"https:\/\/lesvergersdemothois.fr\/wp-content\/uploads\/2023\/12\/tisane-768x1024.jpg 768w, https:\/\/lesvergersdemothois.fr\/wp-content\/uploads\/2023\/12\/tisane-225x300.jpg 225w, https:\/\/lesvergersdemothois.fr\/wp-content\/uploads\/2023\/12\/tisane-1152x1536.jpg 1152w, https:\/\/lesvergersdemothois.fr\/wp-content\/uploads\/2023\/12\/tisane-1535x2048.jpg 1535w, https:\/\/lesvergersdemothois.fr\/wp-content\/uploads\/2023\/12\/tisane-scaled.jpg 1919w\" sizes=\"100vw\" \/>\t\t\t\t\t\t\t\t\t\t\t\t\t<\/div>\n\t\t\t\t<\/div>\n\t\t\t\t<div class=\"elementor-element elementor-element-5dc6109 elementor-widget elementor-widget-heading\" data-id=\"5dc6109\" data-element_type=\"widget\" data-widget_type=\"heading.default\">\n\t\t\t\t<div class=\"elementor-widget-container\">\n\t\t\t<h2 class=\"elementor-heading-title elementor-size-default\">Herbal teas<\/h2>\t\t<\/div>\n\t\t\t\t<\/div>\n\t\t\t\t<div class=\"elementor-element elementor-element-1d0bc59 elementor-widget elementor-widget-text-editor\" data-id=\"1d0bc59\" data-element_type=\"widget\" data-widget_type=\"text-editor.default\">\n\t\t\t\t<div class=\"elementor-widget-container\">\n\t\t\t\t\t\t\t<p><b>Tisanes simples : 5\u20ac<\/b><\/p><p>Verveine, Tilleul&#8230;<\/p><p><b>Herbal teabaskets: \u00a35.80<\/b><\/p><p>Joy&rsquo;Eau No\u00ebl, Eau Douce Nuit&#8230;<\/p><p>\u00a0<\/p><p>Poids des sachets variant entre 20 et 30g<\/p>\t\t\t\t\t\t<\/div>\n\t\t\t\t<\/div>\n\t\t\t\t\t<\/div>\n\t\t<\/div>\n\t\t\t\t<div class=\"elementor-column elementor-col-25 elementor-top-column elementor-element elementor-element-92a4091\" data-id=\"92a4091\" data-element_type=\"column\">\n\t\t\t<div class=\"elementor-widget-wrap elementor-element-populated\">\n\t\t\t\t\t\t<div class=\"elementor-element elementor-element-443f346 elementor-widget elementor-widget-image\" data-id=\"443f346\" data-element_type=\"widget\" data-widget_type=\"image.default\">\n\t\t\t\t<div class=\"elementor-widget-container\">\n\t\t\t\t\t\t\t\t\t\t\t\t\t<img loading=\"lazy\" width=\"525\" height=\"700\" src=\"https:\/\/lesvergersdemothois.fr\/wp-content\/uploads\/2023\/12\/PXL_20231202_092434772-768x1024.jpg\" class=\"attachment-large size-large wp-image-1399\" alt=\"\" srcset=\"https:\/\/lesvergersdemothois.fr\/wp-content\/uploads\/2023\/12\/PXL_20231202_092434772-768x1024.jpg 768w, https:\/\/lesvergersdemothois.fr\/wp-content\/uploads\/2023\/12\/PXL_20231202_092434772-225x300.jpg 225w, https:\/\/lesvergersdemothois.fr\/wp-content\/uploads\/2023\/12\/PXL_20231202_092434772-1152x1536.jpg 1152w, https:\/\/lesvergersdemothois.fr\/wp-content\/uploads\/2023\/12\/PXL_20231202_092434772-1536x2048.jpg 1536w, https:\/\/lesvergersdemothois.fr\/wp-content\/uploads\/2023\/12\/PXL_20231202_092434772-scaled.jpg 1920w\" sizes=\"100vw\" \/>\t\t\t\t\t\t\t\t\t\t\t\t\t<\/div>\n\t\t\t\t<\/div>\n\t\t\t\t<div class=\"elementor-element elementor-element-c62a51b elementor-widget elementor-widget-heading\" data-id=\"c62a51b\" data-element_type=\"widget\" data-widget_type=\"heading.default\">\n\t\t\t\t<div class=\"elementor-widget-container\">\n\t\t\t<h2 class=\"elementor-heading-title elementor-size-default\">Vinaigres<\/h2>\t\t<\/div>\n\t\t\t\t<\/div>\n\t\t\t\t<div class=\"elementor-element elementor-element-ca2af07 elementor-widget elementor-widget-text-editor\" data-id=\"ca2af07\" data-element_type=\"widget\" data-widget_type=\"text-editor.default\">\n\t\t\t\t<div class=\"elementor-widget-container\">\n\t\t\t\t\t\t\t<p>Synergie du vinaigre de cidre des Vergers de Mothois et des plantes infus\u00e9es fra\u00eeches de Marivi\u00e8re :<\/p><p><b>Basilic, Estragon, Sureau&#8230;\u00a0<\/b><\/p><p>Pour parfumer vos salades, assaisonner ou d\u00e9glacer un plat&#8230; Profitez des saveurs des aromates en toute saison !<\/p><p>La bouteille de 25cl : 4\u20ac<\/p><p>La bouteille de 50cl : 7\u20ac<\/p>\t\t\t\t\t\t<\/div>\n\t\t\t\t<\/div>\n\t\t\t\t\t<\/div>\n\t\t<\/div>\n\t\t\t\t<div class=\"elementor-column elementor-col-25 elementor-top-column elementor-element elementor-element-fa4aa06\" data-id=\"fa4aa06\" data-element_type=\"column\">\n\t\t\t<div class=\"elementor-widget-wrap elementor-element-populated\">\n\t\t\t\t\t\t<div class=\"elementor-element elementor-element-033de55 elementor-widget elementor-widget-image\" data-id=\"033de55\" data-element_type=\"widget\" data-widget_type=\"image.default\">\n\t\t\t\t<div class=\"elementor-widget-container\">\n\t\t\t\t\t\t\t\t\t\t\t\t\t<img loading=\"lazy\" width=\"525\" height=\"700\" src=\"https:\/\/lesvergersdemothois.fr\/wp-content\/uploads\/2023\/12\/photo-site-768x1024.jpg\" class=\"attachment-large size-large wp-image-1394\" alt=\"\" srcset=\"https:\/\/lesvergersdemothois.fr\/wp-content\/uploads\/2023\/12\/photo-site-768x1024.jpg 768w, https:\/\/lesvergersdemothois.fr\/wp-content\/uploads\/2023\/12\/photo-site-225x300.jpg 225w, https:\/\/lesvergersdemothois.fr\/wp-content\/uploads\/2023\/12\/photo-site-1152x1536.jpg 1152w, https:\/\/lesvergersdemothois.fr\/wp-content\/uploads\/2023\/12\/photo-site-1536x2048.jpg 1536w, https:\/\/lesvergersdemothois.fr\/wp-content\/uploads\/2023\/12\/photo-site-scaled.jpg 1920w\" sizes=\"100vw\" \/>\t\t\t\t\t\t\t\t\t\t\t\t\t<\/div>\n\t\t\t\t<\/div>\n\t\t\t\t<div class=\"elementor-element elementor-element-348700e elementor-widget elementor-widget-heading\" data-id=\"348700e\" data-element_type=\"widget\" data-widget_type=\"heading.default\">\n\t\t\t\t<div class=\"elementor-widget-container\">\n\t\t\t<h2 class=\"elementor-heading-title elementor-size-default\">Syrups<\/h2>\t\t<\/div>\n\t\t\t\t<\/div>\n\t\t\t\t<div class=\"elementor-element elementor-element-2ea336a elementor-widget elementor-widget-text-editor\" data-id=\"2ea336a\" data-element_type=\"widget\" data-widget_type=\"text-editor.default\">\n\t\t\t\t<div class=\"elementor-widget-container\">\n\t\t\t\t\t\t\t<p>To be consumed diluted in a drink or neat to flavour your dishes and desserts.<\/p><p><b style=\"color: var( --e-global-color-text ); font-family: var( --e-global-typography-text-font-family ), Sans-serif;\">M\u00e9lisse<\/b><b>,\u00a0<\/b><b>Sureau,\u00a0<\/b><b>Framboise,\u00a0<\/b><b>G\u00e9ranium-Rosat&#8230;<\/b><\/p><p>La bouteille de 25cl : 4,80\u20ac<\/p><p>La bouteille de 50cl : 8\u20ac<\/p>\t\t\t\t\t\t<\/div>\n\t\t\t\t<\/div>\n\t\t\t\t\t<\/div>\n\t\t<\/div>\n\t\t\t\t<div class=\"elementor-column elementor-col-25 elementor-top-column elementor-element elementor-element-19b76b0\" data-id=\"19b76b0\" data-element_type=\"column\">\n\t\t\t<div class=\"elementor-widget-wrap elementor-element-populated\">\n\t\t\t\t\t\t<div class=\"elementor-element elementor-element-e06ca65 elementor-widget elementor-widget-image\" data-id=\"e06ca65\" data-element_type=\"widget\" data-widget_type=\"image.default\">\n\t\t\t\t<div class=\"elementor-widget-container\">\n\t\t\t\t\t\t\t\t\t\t\t\t\t<img loading=\"lazy\" width=\"525\" height=\"700\" src=\"https:\/\/lesvergersdemothois.fr\/wp-content\/uploads\/2024\/04\/sel-768x1024.jpg\" class=\"attachment-large size-large wp-image-1502\" alt=\"\" srcset=\"https:\/\/lesvergersdemothois.fr\/wp-content\/uploads\/2024\/04\/sel-768x1024.jpg 768w, https:\/\/lesvergersdemothois.fr\/wp-content\/uploads\/2024\/04\/sel-225x300.jpg 225w, https:\/\/lesvergersdemothois.fr\/wp-content\/uploads\/2024\/04\/sel.jpg 972w\" sizes=\"100vw\" \/>\t\t\t\t\t\t\t\t\t\t\t\t\t<\/div>\n\t\t\t\t<\/div>\n\t\t\t\t<div class=\"elementor-element elementor-element-6b582b9 elementor-widget elementor-widget-heading\" data-id=\"6b582b9\" data-element_type=\"widget\" data-widget_type=\"heading.default\">\n\t\t\t\t<div class=\"elementor-widget-container\">\n\t\t\t<h2 class=\"elementor-heading-title elementor-size-default\">Sels aux herbes<\/h2>\t\t<\/div>\n\t\t\t\t<\/div>\n\t\t\t\t<div class=\"elementor-element elementor-element-f3b4a7f elementor-widget elementor-widget-text-editor\" data-id=\"f3b4a7f\" data-element_type=\"widget\" data-widget_type=\"text-editor.default\">\n\t\t\t\t<div class=\"elementor-widget-container\">\n\t\t\t\t\t\t\t<p>En grillade, sur un \u0153uf, en salade&#8230;\u00a0<\/p><p>L&rsquo;Estival, Le Proven\u00e7al&#8230;<\/p><p><span style=\"color: var( --e-global-color-text ); font-family: var( --e-global-typography-text-font-family ), Sans-serif; font-weight: var( --e-global-typography-text-font-weight );\">Sel de Gu\u00e9rande moulu IGP aromatis\u00e9 aux herbes s\u00e8ches de Marivi\u00e8re (10%)<\/span><\/p><p>Pot de 70g<\/p>\t\t\t\t\t\t<\/div>\n\t\t\t\t<\/div>\n\t\t\t\t<div class=\"elementor-element elementor-element-60da342 elementor-widget elementor-widget-image\" data-id=\"60da342\" data-element_type=\"widget\" data-widget_type=\"image.default\">\n\t\t\t\t<div class=\"elementor-widget-container\">\n\t\t\t\t\t\t\t\t\t\t\t\t\t<img loading=\"lazy\" width=\"525\" height=\"700\" src=\"https:\/\/lesvergersdemothois.fr\/wp-content\/uploads\/2023\/12\/gelee-768x1024.jpg\" class=\"attachment-large size-large wp-image-1402\" alt=\"\" srcset=\"https:\/\/lesvergersdemothois.fr\/wp-content\/uploads\/2023\/12\/gelee-768x1024.jpg 768w, https:\/\/lesvergersdemothois.fr\/wp-content\/uploads\/2023\/12\/gelee-225x300.jpg 225w, https:\/\/lesvergersdemothois.fr\/wp-content\/uploads\/2023\/12\/gelee-1152x1536.jpg 1152w, https:\/\/lesvergersdemothois.fr\/wp-content\/uploads\/2023\/12\/gelee-1537x2048.jpg 1537w, https:\/\/lesvergersdemothois.fr\/wp-content\/uploads\/2023\/12\/gelee-scaled.jpg 1921w\" sizes=\"100vw\" \/>\t\t\t\t\t\t\t\t\t\t\t\t\t<\/div>\n\t\t\t\t<\/div>\n\t\t\t\t<div class=\"elementor-element elementor-element-b6b5508 elementor-widget elementor-widget-heading\" data-id=\"b6b5508\" data-element_type=\"widget\" data-widget_type=\"heading.default\">\n\t\t\t\t<div class=\"elementor-widget-container\">\n\t\t\t<h2 class=\"elementor-heading-title elementor-size-default\">Gel\u00e9es &amp; Confitures<\/h2>\t\t<\/div>\n\t\t\t\t<\/div>\n\t\t\t\t<div class=\"elementor-element elementor-element-08ebd82 elementor-widget elementor-widget-text-editor\" data-id=\"08ebd82\" data-element_type=\"widget\" data-widget_type=\"text-editor.default\">\n\t\t\t\t<div class=\"elementor-widget-container\">\n\t\t\t\t\t\t\t<p>Le pot de 240g : 4\u20ac<\/p><p><span style=\"color: var( --e-global-color-text ); font-family: var( --e-global-typography-text-font-family ), Sans-serif; font-weight: var( --e-global-typography-text-font-weight );\">Le pot de 360g : 5\u20ac<\/span><\/p>\t\t\t\t\t\t<\/div>\n\t\t\t\t<\/div>\n\t\t\t\t\t<\/div>\n\t\t<\/div>\n\t\t\t\t\t<\/div>\n\t\t<\/section>\n\t\t\t\t<section class=\"elementor-section elementor-top-section elementor-element elementor-element-2fde080 elementor-section-boxed elementor-section-height-default elementor-section-height-default\" data-id=\"2fde080\" data-element_type=\"section\">\n\t\t\t\t\t\t<div class=\"elementor-container elementor-column-gap-default\">\n\t\t\t\t\t<div class=\"elementor-column elementor-col-100 elementor-top-column elementor-element elementor-element-222b224\" data-id=\"222b224\" data-element_type=\"column\">\n\t\t\t<div class=\"elementor-widget-wrap elementor-element-populated\">\n\t\t\t\t\t\t<div class=\"elementor-element elementor-element-59857ab elementor-widget elementor-widget-image\" data-id=\"59857ab\" data-element_type=\"widget\" data-widget_type=\"image.default\">\n\t\t\t\t<div class=\"elementor-widget-container\">\n\t\t\t\t\t\t\t\t\t\t\t\t\t<img loading=\"lazy\" width=\"525\" height=\"394\" src=\"https:\/\/lesvergersdemothois.fr\/wp-content\/uploads\/2025\/12\/PXL_20251210_111454269-1024x768.jpg\" class=\"attachment-large size-large wp-image-1658\" alt=\"\" srcset=\"https:\/\/lesvergersdemothois.fr\/wp-content\/uploads\/2025\/12\/PXL_20251210_111454269-1024x768.jpg 1024w, https:\/\/lesvergersdemothois.fr\/wp-content\/uploads\/2025\/12\/PXL_20251210_111454269-300x225.jpg 300w, https:\/\/lesvergersdemothois.fr\/wp-content\/uploads\/2025\/12\/PXL_20251210_111454269-768x576.jpg 768w, https:\/\/lesvergersdemothois.fr\/wp-content\/uploads\/2025\/12\/PXL_20251210_111454269-1536x1152.jpg 1536w, https:\/\/lesvergersdemothois.fr\/wp-content\/uploads\/2025\/12\/PXL_20251210_111454269-2048x1536.jpg 2048w\" sizes=\"100vw\" \/>\t\t\t\t\t\t\t\t\t\t\t\t\t<\/div>\n\t\t\t\t<\/div>\n\t\t\t\t<div class=\"elementor-element elementor-element-a56bb17 elementor-widget elementor-widget-text-editor\" data-id=\"a56bb17\" data-element_type=\"widget\" data-widget_type=\"text-editor.default\">\n\t\t\t\t<div class=\"elementor-widget-container\">\n\t\t\t\t\t\t\t<h3>Retrouvez Marivi\u00e8re sur les r\u00e9seaux !<\/h3>\t\t\t\t\t\t<\/div>\n\t\t\t\t<\/div>\n\t\t\t\t<div class=\"elementor-element elementor-element-f0c7e99 elementor-shape-rounded elementor-grid-0 e-grid-align-center elementor-widget elementor-widget-social-icons\" data-id=\"f0c7e99\" data-element_type=\"widget\" data-widget_type=\"social-icons.default\">\n\t\t\t\t<div class=\"elementor-widget-container\">\n\t\t\t\t\t<div class=\"elementor-social-icons-wrapper elementor-grid\">\n\t\t\t\t\t\t\t<span class=\"elementor-grid-item\">\n\t\t\t\t\t<a class=\"elementor-icon elementor-social-icon elementor-social-icon-facebook elementor-repeater-item-c37dde6\" href=\"https:\/\/www.facebook.com\/jardindemariviere\" target=\"_blank\">\n\t\t\t\t\t\t<span class=\"elementor-screen-only\">Facebook<\/span>\n\t\t\t\t\t\t<i class=\"fab fa-facebook\"><\/i>\t\t\t\t\t<\/a>\n\t\t\t\t<\/span>\n\t\t\t\t\t\t\t<span class=\"elementor-grid-item\">\n\t\t\t\t\t<a class=\"elementor-icon elementor-social-icon elementor-social-icon-instagram elementor-repeater-item-292e8b7\" href=\"https:\/\/www.instagram.com\/mariviere\/\" target=\"_blank\">\n\t\t\t\t\t\t<span class=\"elementor-screen-only\">Instagram<\/span>\n\t\t\t\t\t\t<i class=\"fab fa-instagram\"><\/i>\t\t\t\t\t<\/a>\n\t\t\t\t<\/span>\n\t\t\t\t\t<\/div>\n\t\t\t\t<\/div>\n\t\t\t\t<\/div>\n\t\t\t\t\t<\/div>\n\t\t<\/div>\n\t\t\t\t\t<\/div>\n\t\t<\/section>\n\t\t\t\t<\/div>","protected":false},"excerpt":{"rendered":"<p>Jardin bio de plantes aromatiques et m\u00e9dicinales et petits fruits Tisanes, sirops, aromates et autres gourmandises&#8230; au c\u0153ur du Pays de Bray. E-shop C&rsquo;est au coeur des Vergers de Mothois que Marie alias Marivi\u00e8re a cr\u00e9\u00e9 en 2023 son jardin pour concocter une gamme de produits haute en couleur, en saveurs et en vertus pour &hellip; <\/p>\n<p class=\"link-more\"><a href=\"https:\/\/lesvergersdemothois.fr\/en\/mariviere\/\" class=\"more-link\">Continue reading<span class=\"screen-reader-text\"> \u00ab\u00a0Marivi\u00e8re\u00a0\u00bb<\/span><\/a><\/p>","protected":false},"author":1,"featured_media":0,"parent":0,"menu_order":0,"comment_status":"closed","ping_status":"closed","template":"","meta":[],"_links":{"self":[{"href":"https:\/\/lesvergersdemothois.fr\/en\/wp-json\/wp\/v2\/pages\/1407"}],"collection":[{"href":"https:\/\/lesvergersdemothois.fr\/en\/wp-json\/wp\/v2\/pages"}],"about":[{"href":"https:\/\/lesvergersdemothois.fr\/en\/wp-json\/wp\/v2\/types\/page"}],"author":[{"embeddable":true,"href":"https:\/\/lesvergersdemothois.fr\/en\/wp-json\/wp\/v2\/users\/1"}],"replies":[{"embeddable":true,"href":"https:\/\/lesvergersdemothois.fr\/en\/wp-json\/wp\/v2\/comments?post=1407"}],"version-history":[{"count":59,"href":"https:\/\/lesvergersdemothois.fr\/en\/wp-json\/wp\/v2\/pages\/1407\/revisions"}],"predecessor-version":[{"id":1661,"href":"https:\/\/lesvergersdemothois.fr\/en\/wp-json\/wp\/v2\/pages\/1407\/revisions\/1661"}],"wp:attachment":[{"href":"https:\/\/lesvergersdemothois.fr\/en\/wp-json\/wp\/v2\/media?parent=1407"}],"curies":[{"name":"wp","href":"https:\/\/api.w.org\/{rel}","templated":true}]}}