{"id":152,"date":"2018-12-30T15:40:09","date_gmt":"2018-12-30T14:40:09","guid":{"rendered":"http:\/\/lesvergersdemothois.fr\/?page_id=152"},"modified":"2024-01-24T10:29:20","modified_gmt":"2024-01-24T09:29:20","slug":"visite","status":"publish","type":"page","link":"https:\/\/lesvergersdemothois.fr\/en\/visite\/","title":{"rendered":"Visit"},"content":{"rendered":"<div data-elementor-type=\"wp-post\" data-elementor-id=\"152\" class=\"elementor elementor-152\">\n\t\t\t\t\t\t<section class=\"elementor-section elementor-top-section elementor-element elementor-element-497a98d0 elementor-section-boxed elementor-section-height-default elementor-section-height-default\" data-id=\"497a98d0\" data-element_type=\"section\">\n\t\t\t\t\t\t<div class=\"elementor-container elementor-column-gap-default\">\n\t\t\t\t\t<div class=\"elementor-column elementor-col-100 elementor-top-column elementor-element elementor-element-5ddf0b47\" data-id=\"5ddf0b47\" data-element_type=\"column\">\n\t\t\t<div class=\"elementor-widget-wrap elementor-element-populated\">\n\t\t\t\t\t\t<div class=\"elementor-element elementor-element-33afea47 elementor-widget elementor-widget-text-editor\" data-id=\"33afea47\" data-element_type=\"widget\" data-widget_type=\"text-editor.default\">\n\t\t\t\t<div class=\"elementor-widget-container\">\n\t\t\t\t\t\t\t<p><!-- wp:image --><\/p>\n<figure class=\"wp-block-image\">La visite se fait autour du site de Mothois, avec le troupeau et ses vergers en fonction de la saison, des envies et des disponibilit\u00e9s. Contactez Jean au 0688538598 ou Lise au 0637743334.\u00a0<\/figure>\n<figure class=\"wp-block-image\">D\u00e8s la mi f\u00e9vrier, les agneaux naissent \u00e0 la bergerie, pendant 1 mois, venez leur rendre visite avec les enfants !<\/figure>\n<p><!-- \/wp:paragraph --><\/p>\t\t\t\t\t\t<\/div>\n\t\t\t\t<\/div>\n\t\t\t\t<div class=\"elementor-element elementor-element-70c4385 elementor-widget elementor-widget-image-gallery\" data-id=\"70c4385\" data-element_type=\"widget\" data-widget_type=\"image-gallery.default\">\n\t\t\t\t<div class=\"elementor-widget-container\">\n\t\t\t\t\t<div class=\"elementor-image-gallery\">\n\t\t\t<div id='gallery-1' class='gallery galleryid-152 gallery-columns-4 gallery-size-medium'><figure class='gallery-item'>\n\t\t\t<div class='gallery-icon landscape'>\n\t\t\t\t<a data-elementor-open-lightbox=\"yes\" data-elementor-lightbox-slideshow=\"70c4385\" data-elementor-lightbox-title=\"IMG_20200422_181251\" data-e-action-hash=\"#elementor-action%3Aaction%3Dlightbox%26settings%3DeyJpZCI6NzIxLCJ1cmwiOiJodHRwczpcL1wvbGVzdmVyZ2Vyc2RlbW90aG9pcy5mclwvd3AtY29udGVudFwvdXBsb2Fkc1wvMjAyMlwvMDFcL0lNR18yMDIwMDQyMl8xODEyNTEtc2NhbGVkLmpwZyIsInNsaWRlc2hvdyI6IjcwYzQzODUifQ%3D%3D\" href='https:\/\/lesvergersdemothois.fr\/wp-content\/uploads\/2022\/01\/IMG_20200422_181251-scaled.jpg'><img fetchpriority=\"high\" width=\"300\" height=\"225\" src=\"https:\/\/lesvergersdemothois.fr\/wp-content\/uploads\/2022\/01\/IMG_20200422_181251-300x225.jpg\" class=\"attachment-medium size-medium\" alt=\"\" srcset=\"https:\/\/lesvergersdemothois.fr\/wp-content\/uploads\/2022\/01\/IMG_20200422_181251-300x225.jpg 300w, https:\/\/lesvergersdemothois.fr\/wp-content\/uploads\/2022\/01\/IMG_20200422_181251-1024x768.jpg 1024w, https:\/\/lesvergersdemothois.fr\/wp-content\/uploads\/2022\/01\/IMG_20200422_181251-768x576.jpg 768w, https:\/\/lesvergersdemothois.fr\/wp-content\/uploads\/2022\/01\/IMG_20200422_181251-1536x1152.jpg 1536w, https:\/\/lesvergersdemothois.fr\/wp-content\/uploads\/2022\/01\/IMG_20200422_181251-2048x1536.jpg 2048w\" sizes=\"100vw\" \/><\/a>\n\t\t\t<\/div><\/figure><figure class='gallery-item'>\n\t\t\t<div class='gallery-icon landscape'>\n\t\t\t\t<a data-elementor-open-lightbox=\"yes\" data-elementor-lightbox-slideshow=\"70c4385\" data-elementor-lightbox-title=\"Balade accompagn\u00e9e dans la ferme\" data-e-action-hash=\"#elementor-action%3Aaction%3Dlightbox%26settings%3DeyJpZCI6NzIyLCJ1cmwiOiJodHRwczpcL1wvbGVzdmVyZ2Vyc2RlbW90aG9pcy5mclwvd3AtY29udGVudFwvdXBsb2Fkc1wvMjAyMlwvMDFcL0lNR18yMDIwMDQyMl8xODE1NTctc2NhbGVkLmpwZyIsInNsaWRlc2hvdyI6IjcwYzQzODUifQ%3D%3D\" href='https:\/\/lesvergersdemothois.fr\/wp-content\/uploads\/2022\/01\/IMG_20200422_181557-scaled.jpg'><img width=\"300\" height=\"225\" src=\"https:\/\/lesvergersdemothois.fr\/wp-content\/uploads\/2022\/01\/IMG_20200422_181557-300x225.jpg\" class=\"attachment-medium size-medium\" alt=\"\" srcset=\"https:\/\/lesvergersdemothois.fr\/wp-content\/uploads\/2022\/01\/IMG_20200422_181557-300x225.jpg 300w, https:\/\/lesvergersdemothois.fr\/wp-content\/uploads\/2022\/01\/IMG_20200422_181557-1024x768.jpg 1024w, https:\/\/lesvergersdemothois.fr\/wp-content\/uploads\/2022\/01\/IMG_20200422_181557-768x576.jpg 768w, https:\/\/lesvergersdemothois.fr\/wp-content\/uploads\/2022\/01\/IMG_20200422_181557-1536x1152.jpg 1536w, https:\/\/lesvergersdemothois.fr\/wp-content\/uploads\/2022\/01\/IMG_20200422_181557-2048x1536.jpg 2048w\" sizes=\"100vw\" \/><\/a>\n\t\t\t<\/div><\/figure><figure class='gallery-item'>\n\t\t\t<div class='gallery-icon landscape'>\n\t\t\t\t<a data-elementor-open-lightbox=\"yes\" data-elementor-lightbox-slideshow=\"70c4385\" data-elementor-lightbox-title=\"IMG_20200422_181821\" data-e-action-hash=\"#elementor-action%3Aaction%3Dlightbox%26settings%3DeyJpZCI6NzIzLCJ1cmwiOiJodHRwczpcL1wvbGVzdmVyZ2Vyc2RlbW90aG9pcy5mclwvd3AtY29udGVudFwvdXBsb2Fkc1wvMjAyMlwvMDFcL0lNR18yMDIwMDQyMl8xODE4MjEtc2NhbGVkLmpwZyIsInNsaWRlc2hvdyI6IjcwYzQzODUifQ%3D%3D\" href='https:\/\/lesvergersdemothois.fr\/wp-content\/uploads\/2022\/01\/IMG_20200422_181821-scaled.jpg'><img width=\"300\" height=\"225\" src=\"https:\/\/lesvergersdemothois.fr\/wp-content\/uploads\/2022\/01\/IMG_20200422_181821-300x225.jpg\" class=\"attachment-medium size-medium\" alt=\"\" srcset=\"https:\/\/lesvergersdemothois.fr\/wp-content\/uploads\/2022\/01\/IMG_20200422_181821-300x225.jpg 300w, https:\/\/lesvergersdemothois.fr\/wp-content\/uploads\/2022\/01\/IMG_20200422_181821-1024x768.jpg 1024w, https:\/\/lesvergersdemothois.fr\/wp-content\/uploads\/2022\/01\/IMG_20200422_181821-768x576.jpg 768w, https:\/\/lesvergersdemothois.fr\/wp-content\/uploads\/2022\/01\/IMG_20200422_181821-1536x1152.jpg 1536w, https:\/\/lesvergersdemothois.fr\/wp-content\/uploads\/2022\/01\/IMG_20200422_181821-2048x1536.jpg 2048w\" sizes=\"100vw\" \/><\/a>\n\t\t\t<\/div><\/figure><figure class='gallery-item'>\n\t\t\t<div class='gallery-icon landscape'>\n\t\t\t\t<a data-elementor-open-lightbox=\"yes\" data-elementor-lightbox-slideshow=\"70c4385\" data-elementor-lightbox-title=\"IMG_20200422_181821\" data-e-action-hash=\"#elementor-action%3Aaction%3Dlightbox%26settings%3DeyJpZCI6OTAzLCJ1cmwiOiJodHRwczpcL1wvbGVzdmVyZ2Vyc2RlbW90aG9pcy5mclwvd3AtY29udGVudFwvdXBsb2Fkc1wvMjAyMlwvMDJcL1BYTF8yMDIxMTIxMF8xMzIyNDU2NTgtc2NhbGVkLmpwZyIsInNsaWRlc2hvdyI6IjcwYzQzODUifQ%3D%3D\" href='https:\/\/lesvergersdemothois.fr\/wp-content\/uploads\/2022\/02\/PXL_20211210_132245658-scaled.jpg'><img loading=\"lazy\" width=\"300\" height=\"225\" src=\"https:\/\/lesvergersdemothois.fr\/wp-content\/uploads\/2022\/02\/PXL_20211210_132245658-300x225.jpg\" class=\"attachment-medium size-medium\" alt=\"\" srcset=\"https:\/\/lesvergersdemothois.fr\/wp-content\/uploads\/2022\/02\/PXL_20211210_132245658-300x225.jpg 300w, https:\/\/lesvergersdemothois.fr\/wp-content\/uploads\/2022\/02\/PXL_20211210_132245658-1024x768.jpg 1024w, https:\/\/lesvergersdemothois.fr\/wp-content\/uploads\/2022\/02\/PXL_20211210_132245658-768x576.jpg 768w, https:\/\/lesvergersdemothois.fr\/wp-content\/uploads\/2022\/02\/PXL_20211210_132245658-1536x1152.jpg 1536w, https:\/\/lesvergersdemothois.fr\/wp-content\/uploads\/2022\/02\/PXL_20211210_132245658-2048x1536.jpg 2048w\" sizes=\"100vw\" \/><\/a>\n\t\t\t<\/div><\/figure>\n\t\t<\/div>\n\t\t<\/div>\n\t\t\t\t<\/div>\n\t\t\t\t<\/div>\n\t\t\t\t<div class=\"elementor-element elementor-element-5b097cc elementor-widget elementor-widget-image-gallery\" data-id=\"5b097cc\" data-element_type=\"widget\" data-widget_type=\"image-gallery.default\">\n\t\t\t\t<div class=\"elementor-widget-container\">\n\t\t\t\t\t<div class=\"elementor-image-gallery\">\n\t\t\t<div id='gallery-2' class='gallery galleryid-152 gallery-columns-4 gallery-size-large'><figure class='gallery-item'>\n\t\t\t<div class='gallery-icon landscape'>\n\t\t\t\t<a data-elementor-open-lightbox=\"yes\" data-elementor-lightbox-slideshow=\"5b097cc\" data-elementor-lightbox-title=\"Un agneau\" data-e-action-hash=\"#elementor-action%3Aaction%3Dlightbox%26settings%3DeyJpZCI6OTQyLCJ1cmwiOiJodHRwczpcL1wvbGVzdmVyZ2Vyc2RlbW90aG9pcy5mclwvd3AtY29udGVudFwvdXBsb2Fkc1wvMjAyMlwvMDJcL0lNRy0yMDIxMDMwOS1XQTAwMTYtMS5qcGciLCJzbGlkZXNob3ciOiI1YjA5N2NjIn0%3D\" href='https:\/\/lesvergersdemothois.fr\/wp-content\/uploads\/2022\/02\/IMG-20210309-WA0016-1.jpg'><img loading=\"lazy\" width=\"525\" height=\"295\" src=\"https:\/\/lesvergersdemothois.fr\/wp-content\/uploads\/2022\/02\/IMG-20210309-WA0016-1-1024x576.jpg\" class=\"attachment-large size-large\" alt=\"\" srcset=\"https:\/\/lesvergersdemothois.fr\/wp-content\/uploads\/2022\/02\/IMG-20210309-WA0016-1-1024x576.jpg 1024w, https:\/\/lesvergersdemothois.fr\/wp-content\/uploads\/2022\/02\/IMG-20210309-WA0016-1-300x169.jpg 300w, https:\/\/lesvergersdemothois.fr\/wp-content\/uploads\/2022\/02\/IMG-20210309-WA0016-1-768x432.jpg 768w, https:\/\/lesvergersdemothois.fr\/wp-content\/uploads\/2022\/02\/IMG-20210309-WA0016-1-1536x865.jpg 1536w, https:\/\/lesvergersdemothois.fr\/wp-content\/uploads\/2022\/02\/IMG-20210309-WA0016-1.jpg 1542w\" sizes=\"100vw\" \/><\/a>\n\t\t\t<\/div><\/figure><figure class='gallery-item'>\n\t\t\t<div class='gallery-icon landscape'>\n\t\t\t\t<a data-elementor-open-lightbox=\"yes\" data-elementor-lightbox-slideshow=\"5b097cc\" data-elementor-lightbox-title=\"Les agneaux \u00e0 c\u00e2liner au mois de Mars\" data-e-action-hash=\"#elementor-action%3Aaction%3Dlightbox%26settings%3DeyJpZCI6OTQzLCJ1cmwiOiJodHRwczpcL1wvbGVzdmVyZ2Vyc2RlbW90aG9pcy5mclwvd3AtY29udGVudFwvdXBsb2Fkc1wvMjAyMlwvMDJcL0lNRy0yMDIxMDMxMi1XQTAwMTAuanBnIiwic2xpZGVzaG93IjoiNWIwOTdjYyJ9\" href='https:\/\/lesvergersdemothois.fr\/wp-content\/uploads\/2022\/02\/IMG-20210312-WA0010.jpg'><img loading=\"lazy\" width=\"525\" height=\"350\" src=\"https:\/\/lesvergersdemothois.fr\/wp-content\/uploads\/2022\/02\/IMG-20210312-WA0010-1024x683.jpg\" class=\"attachment-large size-large\" alt=\"\" srcset=\"https:\/\/lesvergersdemothois.fr\/wp-content\/uploads\/2022\/02\/IMG-20210312-WA0010-1024x683.jpg 1024w, https:\/\/lesvergersdemothois.fr\/wp-content\/uploads\/2022\/02\/IMG-20210312-WA0010-300x200.jpg 300w, https:\/\/lesvergersdemothois.fr\/wp-content\/uploads\/2022\/02\/IMG-20210312-WA0010-768x512.jpg 768w, https:\/\/lesvergersdemothois.fr\/wp-content\/uploads\/2022\/02\/IMG-20210312-WA0010-1536x1024.jpg 1536w, https:\/\/lesvergersdemothois.fr\/wp-content\/uploads\/2022\/02\/IMG-20210312-WA0010.jpg 1560w\" sizes=\"100vw\" \/><\/a>\n\t\t\t<\/div><\/figure><figure class='gallery-item'>\n\t\t\t<div class='gallery-icon landscape'>\n\t\t\t\t<a data-elementor-open-lightbox=\"yes\" data-elementor-lightbox-slideshow=\"5b097cc\" data-elementor-lightbox-title=\"IMG-20210312-WA0016 1\" data-e-action-hash=\"#elementor-action%3Aaction%3Dlightbox%26settings%3DeyJpZCI6OTQ0LCJ1cmwiOiJodHRwczpcL1wvbGVzdmVyZ2Vyc2RlbW90aG9pcy5mclwvd3AtY29udGVudFwvdXBsb2Fkc1wvMjAyMlwvMDJcL0lNRy0yMDIxMDMxMi1XQTAwMTYtMS5qcGciLCJzbGlkZXNob3ciOiI1YjA5N2NjIn0%3D\" href='https:\/\/lesvergersdemothois.fr\/wp-content\/uploads\/2022\/02\/IMG-20210312-WA0016-1.jpg'><img loading=\"lazy\" width=\"525\" height=\"350\" src=\"https:\/\/lesvergersdemothois.fr\/wp-content\/uploads\/2022\/02\/IMG-20210312-WA0016-1-1024x683.jpg\" class=\"attachment-large size-large\" alt=\"\" srcset=\"https:\/\/lesvergersdemothois.fr\/wp-content\/uploads\/2022\/02\/IMG-20210312-WA0016-1-1024x683.jpg 1024w, https:\/\/lesvergersdemothois.fr\/wp-content\/uploads\/2022\/02\/IMG-20210312-WA0016-1-300x200.jpg 300w, https:\/\/lesvergersdemothois.fr\/wp-content\/uploads\/2022\/02\/IMG-20210312-WA0016-1-768x512.jpg 768w, https:\/\/lesvergersdemothois.fr\/wp-content\/uploads\/2022\/02\/IMG-20210312-WA0016-1.jpg 1489w\" sizes=\"100vw\" \/><\/a>\n\t\t\t<\/div><\/figure><figure class='gallery-item'>\n\t\t\t<div class='gallery-icon landscape'>\n\t\t\t\t<a data-elementor-open-lightbox=\"yes\" data-elementor-lightbox-slideshow=\"5b097cc\" data-elementor-lightbox-title=\"IMG-20210312-WA0017 1\" data-e-action-hash=\"#elementor-action%3Aaction%3Dlightbox%26settings%3DeyJpZCI6OTQ1LCJ1cmwiOiJodHRwczpcL1wvbGVzdmVyZ2Vyc2RlbW90aG9pcy5mclwvd3AtY29udGVudFwvdXBsb2Fkc1wvMjAyMlwvMDJcL0lNRy0yMDIxMDMxMi1XQTAwMTctMS5qcGciLCJzbGlkZXNob3ciOiI1YjA5N2NjIn0%3D\" href='https:\/\/lesvergersdemothois.fr\/wp-content\/uploads\/2022\/02\/IMG-20210312-WA0017-1.jpg'><img loading=\"lazy\" width=\"525\" height=\"350\" src=\"https:\/\/lesvergersdemothois.fr\/wp-content\/uploads\/2022\/02\/IMG-20210312-WA0017-1-1024x683.jpg\" class=\"attachment-large size-large\" alt=\"\" srcset=\"https:\/\/lesvergersdemothois.fr\/wp-content\/uploads\/2022\/02\/IMG-20210312-WA0017-1-1024x683.jpg 1024w, https:\/\/lesvergersdemothois.fr\/wp-content\/uploads\/2022\/02\/IMG-20210312-WA0017-1-300x200.jpg 300w, https:\/\/lesvergersdemothois.fr\/wp-content\/uploads\/2022\/02\/IMG-20210312-WA0017-1-768x512.jpg 768w, https:\/\/lesvergersdemothois.fr\/wp-content\/uploads\/2022\/02\/IMG-20210312-WA0017-1-1536x1024.jpg 1536w, https:\/\/lesvergersdemothois.fr\/wp-content\/uploads\/2022\/02\/IMG-20210312-WA0017-1.jpg 1560w\" sizes=\"100vw\" \/><\/a>\n\t\t\t<\/div><\/figure>\n\t\t<\/div>\n\t\t<\/div>\n\t\t\t\t<\/div>\n\t\t\t\t<\/div>\n\t\t\t\t\t<\/div>\n\t\t<\/div>\n\t\t\t\t\t<\/div>\n\t\t<\/section>\n\t\t\t\t<\/div>","protected":false},"excerpt":{"rendered":"","protected":false},"author":1,"featured_media":0,"parent":0,"menu_order":0,"comment_status":"closed","ping_status":"closed","template":"","meta":[],"_links":{"self":[{"href":"https:\/\/lesvergersdemothois.fr\/en\/wp-json\/wp\/v2\/pages\/152"}],"collection":[{"href":"https:\/\/lesvergersdemothois.fr\/en\/wp-json\/wp\/v2\/pages"}],"about":[{"href":"https:\/\/lesvergersdemothois.fr\/en\/wp-json\/wp\/v2\/types\/page"}],"author":[{"embeddable":true,"href":"https:\/\/lesvergersdemothois.fr\/en\/wp-json\/wp\/v2\/users\/1"}],"replies":[{"embeddable":true,"href":"https:\/\/lesvergersdemothois.fr\/en\/wp-json\/wp\/v2\/comments?post=152"}],"version-history":[{"count":30,"href":"https:\/\/lesvergersdemothois.fr\/en\/wp-json\/wp\/v2\/pages\/152\/revisions"}],"predecessor-version":[{"id":1480,"href":"https:\/\/lesvergersdemothois.fr\/en\/wp-json\/wp\/v2\/pages\/152\/revisions\/1480"}],"wp:attachment":[{"href":"https:\/\/lesvergersdemothois.fr\/en\/wp-json\/wp\/v2\/media?parent=152"}],"curies":[{"name":"wp","href":"https:\/\/api.w.org\/{rel}","templated":true}]}}