{"id":2,"date":"2018-12-27T19:35:23","date_gmt":"2018-12-27T18:35:23","guid":{"rendered":"http:\/\/lesvergersdemothois.fr\/?page_id=2"},"modified":"2024-01-24T10:12:34","modified_gmt":"2024-01-24T09:12:34","slug":"elevage","status":"publish","type":"page","link":"https:\/\/lesvergersdemothois.fr\/en\/elevage\/","title":{"rendered":"Sheep farming"},"content":{"rendered":"<div data-elementor-type=\"wp-post\" data-elementor-id=\"2\" class=\"elementor elementor-2\">\n\t\t\t\t\t\t<section class=\"elementor-section elementor-top-section elementor-element elementor-element-5e62069 elementor-section-boxed elementor-section-height-default elementor-section-height-default\" data-id=\"5e62069\" data-element_type=\"section\">\n\t\t\t\t\t\t<div class=\"elementor-container elementor-column-gap-default\">\n\t\t\t\t\t<div class=\"elementor-column elementor-col-100 elementor-top-column elementor-element elementor-element-4f7f08e\" data-id=\"4f7f08e\" data-element_type=\"column\">\n\t\t\t<div class=\"elementor-widget-wrap elementor-element-populated\">\n\t\t\t\t\t\t<div class=\"elementor-element elementor-element-e61a830 elementor-widget elementor-widget-video\" data-id=\"e61a830\" data-element_type=\"widget\" data-settings=\"{&quot;video_type&quot;:&quot;hosted&quot;,&quot;controls&quot;:&quot;yes&quot;}\" data-widget_type=\"video.default\">\n\t\t\t\t<div class=\"elementor-widget-container\">\n\t\t\t\t\t<div class=\"e-hosted-video elementor-wrapper elementor-open-inline\">\n\t\t\t\t\t<video class=\"elementor-video\" src=\"https:\/\/lesvergersdemothois.fr\/wp-content\/uploads\/2022\/02\/PXL_20210919_081826811.mp4\" controls=\"\" preload=\"metadata\" controlslist=\"nodownload\"><\/video>\n\t\t\t\t<\/div>\n\t\t\t\t<\/div>\n\t\t\t\t<\/div>\n\t\t\t\t\t<\/div>\n\t\t<\/div>\n\t\t\t\t\t<\/div>\n\t\t<\/section>\n\t\t\t\t<section class=\"elementor-section elementor-top-section elementor-element elementor-element-e1e3405 elementor-section-boxed elementor-section-height-default elementor-section-height-default\" data-id=\"e1e3405\" data-element_type=\"section\">\n\t\t\t\t\t\t<div class=\"elementor-container elementor-column-gap-default\">\n\t\t\t\t\t<div class=\"elementor-column elementor-col-100 elementor-top-column elementor-element elementor-element-fc0bcc3\" data-id=\"fc0bcc3\" data-element_type=\"column\">\n\t\t\t<div class=\"elementor-widget-wrap elementor-element-populated\">\n\t\t\t\t\t\t<div class=\"elementor-element elementor-element-a8d5756 elementor-widget elementor-widget-text-editor\" data-id=\"a8d5756\" data-element_type=\"widget\" data-widget_type=\"text-editor.default\">\n\t\t\t\t<div class=\"elementor-widget-container\">\n\t\t\t\t\t\t\t<p>L&rsquo;\u00e9levage ovin est pratiqu\u00e9 \u00e0 Mothois depuis trois g\u00e9n\u00e9rations.<\/p><p>C&rsquo;est un troupeau de 450 brebis qui p\u00e2turent toute l&rsquo;ann\u00e9e sur les 65 ha de prairies permanentes et les 55 ha de vergers. Le croisement des races Texel et Suffolk permet d&rsquo;avoir le meilleur des deux races : animaux rustiques adapt\u00e9s au plein air avec une bonne conformation.<\/p><p>Les naissances ont lieu en mars, les agneaux profitent de la pousse d&rsquo;herbe du printemps pour leur croissance. Ils ne consomment pas de concentr\u00e9 alimentaire.<\/p><p>Les agneaux sont commercialis\u00e9s par la coop\u00e9rative Les Bergers du Nord-Est pour leur viande sous Label Bio et Label Rouge.<\/p>\t\t\t\t\t\t<\/div>\n\t\t\t\t<\/div>\n\t\t\t\t<div class=\"elementor-element elementor-element-e1af9d2 elementor-widget elementor-widget-video\" data-id=\"e1af9d2\" data-element_type=\"widget\" data-settings=\"{&quot;video_type&quot;:&quot;hosted&quot;,&quot;controls&quot;:&quot;yes&quot;}\" data-widget_type=\"video.default\">\n\t\t\t\t<div class=\"elementor-widget-container\">\n\t\t\t\t\t<div class=\"e-hosted-video elementor-wrapper elementor-open-inline\">\n\t\t\t\t\t<video class=\"elementor-video\" src=\"https:\/\/lesvergersdemothois.fr\/wp-content\/uploads\/2022\/02\/PXL_20210919_075248928.mp4\" controls=\"\" preload=\"metadata\" controlslist=\"nodownload\"><\/video>\n\t\t\t\t<\/div>\n\t\t\t\t<\/div>\n\t\t\t\t<\/div>\n\t\t\t\t\t<\/div>\n\t\t<\/div>\n\t\t\t\t\t<\/div>\n\t\t<\/section>\n\t\t\t\t<section class=\"elementor-section elementor-top-section elementor-element elementor-element-63d402b2 elementor-section-boxed elementor-section-height-default elementor-section-height-default\" data-id=\"63d402b2\" data-element_type=\"section\">\n\t\t\t\t\t\t<div class=\"elementor-container elementor-column-gap-default\">\n\t\t\t\t\t<div class=\"elementor-column elementor-col-100 elementor-top-column elementor-element elementor-element-48a55b2f\" data-id=\"48a55b2f\" data-element_type=\"column\">\n\t\t\t<div class=\"elementor-widget-wrap elementor-element-populated\">\n\t\t\t\t\t\t<div class=\"elementor-element elementor-element-78e5ca22 elementor-widget elementor-widget-text-editor\" data-id=\"78e5ca22\" data-element_type=\"widget\" data-widget_type=\"text-editor.default\">\n\t\t\t\t<div class=\"elementor-widget-container\">\n\t\t\t\t\t\t\t<p>Le p\u00e2turage des vergers est une synergie entre \u00e9levage et arboriculture car les deux productions gagnent en efficacit\u00e9 technique et \u00e9conomique : Plus de parcours et de ressources alimentaires pour les moutons d&rsquo;une part, moins de travail d&rsquo;entretien des vergers d&rsquo;autre part.<\/p><p>Les gains pour les vergers sont multiples : enherbement total sous les arbres l\u00e0 ou on devait d\u00e9sherber chimiquement ou m\u00e9caniquement, am\u00e9lioration de la qualit\u00e9 des fruits \u00e0 cidre r\u00e9colt\u00e9s dans l&rsquo;herbe sans contact avec la terre, diminution de la pression des parasites et des champignons sur les arbres, \u00e9limination des fruits tomb\u00e9s pr\u00e9cocement au sol avant la r\u00e9colte etc&#8230;<\/p><p>Ce type d&rsquo;\u00e9levage \u00e0 faible co\u00fbt permet de valoriser les ressources en herbe de la ferme, de limiter au maximum les achats d&rsquo;aliments et au final d&rsquo;avoir une bonne efficacit\u00e9 \u00e9conomique.<\/p>\t\t\t\t\t\t<\/div>\n\t\t\t\t<\/div>\n\t\t\t\t<div class=\"elementor-element elementor-element-000cfc2 elementor-widget elementor-widget-image-gallery\" data-id=\"000cfc2\" data-element_type=\"widget\" data-widget_type=\"image-gallery.default\">\n\t\t\t\t<div class=\"elementor-widget-container\">\n\t\t\t\t\t<div class=\"elementor-image-gallery\">\n\t\t\t<div id='gallery-1' class='gallery galleryid-2 gallery-columns-3 gallery-size-large'><figure class='gallery-item'>\n\t\t\t<div class='gallery-icon landscape'>\n\t\t\t\t<a data-elementor-open-lightbox=\"yes\" data-elementor-lightbox-slideshow=\"000cfc2\" data-elementor-lightbox-title=\"IMG-20201120-WA0010\" data-e-action-hash=\"#elementor-action%3Aaction%3Dlightbox%26settings%3DeyJpZCI6OTIxLCJ1cmwiOiJodHRwczpcL1wvbGVzdmVyZ2Vyc2RlbW90aG9pcy5mclwvd3AtY29udGVudFwvdXBsb2Fkc1wvMjAyMlwvMDJcL0lNRy0yMDIwMTEyMC1XQTAwMTAuanBnIiwic2xpZGVzaG93IjoiMDAwY2ZjMiJ9\" href='https:\/\/lesvergersdemothois.fr\/wp-content\/uploads\/2022\/02\/IMG-20201120-WA0010.jpg'><img fetchpriority=\"high\" width=\"525\" height=\"394\" src=\"https:\/\/lesvergersdemothois.fr\/wp-content\/uploads\/2022\/02\/IMG-20201120-WA0010-1024x768.jpg\" class=\"attachment-large size-large\" alt=\"\" srcset=\"https:\/\/lesvergersdemothois.fr\/wp-content\/uploads\/2022\/02\/IMG-20201120-WA0010-1024x768.jpg 1024w, https:\/\/lesvergersdemothois.fr\/wp-content\/uploads\/2022\/02\/IMG-20201120-WA0010-300x225.jpg 300w, https:\/\/lesvergersdemothois.fr\/wp-content\/uploads\/2022\/02\/IMG-20201120-WA0010-768x576.jpg 768w, https:\/\/lesvergersdemothois.fr\/wp-content\/uploads\/2022\/02\/IMG-20201120-WA0010-1536x1152.jpg 1536w, https:\/\/lesvergersdemothois.fr\/wp-content\/uploads\/2022\/02\/IMG-20201120-WA0010.jpg 1600w\" sizes=\"100vw\" \/><\/a>\n\t\t\t<\/div><\/figure><figure class='gallery-item'>\n\t\t\t<div class='gallery-icon landscape'>\n\t\t\t\t<a data-elementor-open-lightbox=\"yes\" data-elementor-lightbox-slideshow=\"000cfc2\" data-elementor-lightbox-title=\"IMG-20210101-WA0055\" data-e-action-hash=\"#elementor-action%3Aaction%3Dlightbox%26settings%3DeyJpZCI6OTIyLCJ1cmwiOiJodHRwczpcL1wvbGVzdmVyZ2Vyc2RlbW90aG9pcy5mclwvd3AtY29udGVudFwvdXBsb2Fkc1wvMjAyMlwvMDJcL0lNRy0yMDIxMDEwMS1XQTAwNTUuanBnIiwic2xpZGVzaG93IjoiMDAwY2ZjMiJ9\" href='https:\/\/lesvergersdemothois.fr\/wp-content\/uploads\/2022\/02\/IMG-20210101-WA0055.jpg'><img width=\"525\" height=\"295\" src=\"https:\/\/lesvergersdemothois.fr\/wp-content\/uploads\/2022\/02\/IMG-20210101-WA0055-1024x576.jpg\" class=\"attachment-large size-large\" alt=\"\" srcset=\"https:\/\/lesvergersdemothois.fr\/wp-content\/uploads\/2022\/02\/IMG-20210101-WA0055-1024x576.jpg 1024w, https:\/\/lesvergersdemothois.fr\/wp-content\/uploads\/2022\/02\/IMG-20210101-WA0055-300x169.jpg 300w, https:\/\/lesvergersdemothois.fr\/wp-content\/uploads\/2022\/02\/IMG-20210101-WA0055-768x432.jpg 768w, https:\/\/lesvergersdemothois.fr\/wp-content\/uploads\/2022\/02\/IMG-20210101-WA0055-1536x864.jpg 1536w, https:\/\/lesvergersdemothois.fr\/wp-content\/uploads\/2022\/02\/IMG-20210101-WA0055.jpg 1600w\" sizes=\"100vw\" \/><\/a>\n\t\t\t<\/div><\/figure><figure class='gallery-item'>\n\t\t\t<div class='gallery-icon landscape'>\n\t\t\t\t<a data-elementor-open-lightbox=\"yes\" data-elementor-lightbox-slideshow=\"000cfc2\" data-elementor-lightbox-title=\"IMG-20210102-WA0001\" data-e-action-hash=\"#elementor-action%3Aaction%3Dlightbox%26settings%3DeyJpZCI6OTIzLCJ1cmwiOiJodHRwczpcL1wvbGVzdmVyZ2Vyc2RlbW90aG9pcy5mclwvd3AtY29udGVudFwvdXBsb2Fkc1wvMjAyMlwvMDJcL0lNRy0yMDIxMDEwMi1XQTAwMDEuanBnIiwic2xpZGVzaG93IjoiMDAwY2ZjMiJ9\" href='https:\/\/lesvergersdemothois.fr\/wp-content\/uploads\/2022\/02\/IMG-20210102-WA0001.jpg'><img width=\"525\" height=\"394\" src=\"https:\/\/lesvergersdemothois.fr\/wp-content\/uploads\/2022\/02\/IMG-20210102-WA0001.jpg\" class=\"attachment-large size-large\" alt=\"\" srcset=\"https:\/\/lesvergersdemothois.fr\/wp-content\/uploads\/2022\/02\/IMG-20210102-WA0001.jpg 1024w, https:\/\/lesvergersdemothois.fr\/wp-content\/uploads\/2022\/02\/IMG-20210102-WA0001-300x225.jpg 300w, https:\/\/lesvergersdemothois.fr\/wp-content\/uploads\/2022\/02\/IMG-20210102-WA0001-768x576.jpg 768w\" sizes=\"100vw\" \/><\/a>\n\t\t\t<\/div><\/figure><figure class='gallery-item'>\n\t\t\t<div class='gallery-icon landscape'>\n\t\t\t\t<a data-elementor-open-lightbox=\"yes\" data-elementor-lightbox-slideshow=\"000cfc2\" data-elementor-lightbox-title=\"Mothois\" data-e-action-hash=\"#elementor-action%3Aaction%3Dlightbox%26settings%3DeyJpZCI6OTI0LCJ1cmwiOiJodHRwczpcL1wvbGVzdmVyZ2Vyc2RlbW90aG9pcy5mclwvd3AtY29udGVudFwvdXBsb2Fkc1wvMjAyMlwvMDJcL0lNRy0yMDIxMDMwOS1XQTAwMDkuanBnIiwic2xpZGVzaG93IjoiMDAwY2ZjMiJ9\" href='https:\/\/lesvergersdemothois.fr\/wp-content\/uploads\/2022\/02\/IMG-20210309-WA0009.jpg'><img loading=\"lazy\" width=\"525\" height=\"257\" src=\"https:\/\/lesvergersdemothois.fr\/wp-content\/uploads\/2022\/02\/IMG-20210309-WA0009-1024x501.jpg\" class=\"attachment-large size-large\" alt=\"\" srcset=\"https:\/\/lesvergersdemothois.fr\/wp-content\/uploads\/2022\/02\/IMG-20210309-WA0009-1024x501.jpg 1024w, https:\/\/lesvergersdemothois.fr\/wp-content\/uploads\/2022\/02\/IMG-20210309-WA0009-300x147.jpg 300w, https:\/\/lesvergersdemothois.fr\/wp-content\/uploads\/2022\/02\/IMG-20210309-WA0009-768x376.jpg 768w, https:\/\/lesvergersdemothois.fr\/wp-content\/uploads\/2022\/02\/IMG-20210309-WA0009-1536x752.jpg 1536w, https:\/\/lesvergersdemothois.fr\/wp-content\/uploads\/2022\/02\/IMG-20210309-WA0009.jpg 1600w\" sizes=\"100vw\" \/><\/a>\n\t\t\t<\/div><\/figure><figure class='gallery-item'>\n\t\t\t<div class='gallery-icon landscape'>\n\t\t\t\t<a data-elementor-open-lightbox=\"yes\" data-elementor-lightbox-slideshow=\"000cfc2\" data-elementor-lightbox-title=\"IMG-20210529-WA0023\" data-e-action-hash=\"#elementor-action%3Aaction%3Dlightbox%26settings%3DeyJpZCI6OTI1LCJ1cmwiOiJodHRwczpcL1wvbGVzdmVyZ2Vyc2RlbW90aG9pcy5mclwvd3AtY29udGVudFwvdXBsb2Fkc1wvMjAyMlwvMDJcL0lNRy0yMDIxMDUyOS1XQTAwMjMuanBnIiwic2xpZGVzaG93IjoiMDAwY2ZjMiJ9\" href='https:\/\/lesvergersdemothois.fr\/wp-content\/uploads\/2022\/02\/IMG-20210529-WA0023.jpg'><img loading=\"lazy\" width=\"525\" height=\"350\" src=\"https:\/\/lesvergersdemothois.fr\/wp-content\/uploads\/2022\/02\/IMG-20210529-WA0023-1024x683.jpg\" class=\"attachment-large size-large\" alt=\"\" srcset=\"https:\/\/lesvergersdemothois.fr\/wp-content\/uploads\/2022\/02\/IMG-20210529-WA0023-1024x683.jpg 1024w, https:\/\/lesvergersdemothois.fr\/wp-content\/uploads\/2022\/02\/IMG-20210529-WA0023-300x200.jpg 300w, https:\/\/lesvergersdemothois.fr\/wp-content\/uploads\/2022\/02\/IMG-20210529-WA0023-768x512.jpg 768w, https:\/\/lesvergersdemothois.fr\/wp-content\/uploads\/2022\/02\/IMG-20210529-WA0023.jpg 1296w\" sizes=\"100vw\" \/><\/a>\n\t\t\t<\/div><\/figure><figure class='gallery-item'>\n\t\t\t<div class='gallery-icon landscape'>\n\t\t\t\t<a data-elementor-open-lightbox=\"yes\" data-elementor-lightbox-slideshow=\"000cfc2\" data-elementor-lightbox-title=\"IMG-20210101-WA0022\" data-e-action-hash=\"#elementor-action%3Aaction%3Dlightbox%26settings%3DeyJpZCI6OTI3LCJ1cmwiOiJodHRwczpcL1wvbGVzdmVyZ2Vyc2RlbW90aG9pcy5mclwvd3AtY29udGVudFwvdXBsb2Fkc1wvMjAyMlwvMDJcL0lNRy0yMDIxMDEwMS1XQTAwMjIuanBnIiwic2xpZGVzaG93IjoiMDAwY2ZjMiJ9\" href='https:\/\/lesvergersdemothois.fr\/wp-content\/uploads\/2022\/02\/IMG-20210101-WA0022.jpg'><img loading=\"lazy\" width=\"525\" height=\"394\" src=\"https:\/\/lesvergersdemothois.fr\/wp-content\/uploads\/2022\/02\/IMG-20210101-WA0022-1024x768.jpg\" class=\"attachment-large size-large\" alt=\"\" srcset=\"https:\/\/lesvergersdemothois.fr\/wp-content\/uploads\/2022\/02\/IMG-20210101-WA0022-1024x768.jpg 1024w, https:\/\/lesvergersdemothois.fr\/wp-content\/uploads\/2022\/02\/IMG-20210101-WA0022-300x225.jpg 300w, https:\/\/lesvergersdemothois.fr\/wp-content\/uploads\/2022\/02\/IMG-20210101-WA0022-768x576.jpg 768w, https:\/\/lesvergersdemothois.fr\/wp-content\/uploads\/2022\/02\/IMG-20210101-WA0022-1536x1152.jpg 1536w, https:\/\/lesvergersdemothois.fr\/wp-content\/uploads\/2022\/02\/IMG-20210101-WA0022.jpg 1600w\" sizes=\"100vw\" \/><\/a>\n\t\t\t<\/div><\/figure><figure class='gallery-item'>\n\t\t\t<div class='gallery-icon landscape'>\n\t\t\t\t<a data-elementor-open-lightbox=\"yes\" data-elementor-lightbox-slideshow=\"000cfc2\" data-elementor-lightbox-title=\"IMG-20210309-WA0010 1\" data-e-action-hash=\"#elementor-action%3Aaction%3Dlightbox%26settings%3DeyJpZCI6OTI4LCJ1cmwiOiJodHRwczpcL1wvbGVzdmVyZ2Vyc2RlbW90aG9pcy5mclwvd3AtY29udGVudFwvdXBsb2Fkc1wvMjAyMlwvMDJcL0lNRy0yMDIxMDMwOS1XQTAwMTAtMS5qcGciLCJzbGlkZXNob3ciOiIwMDBjZmMyIn0%3D\" href='https:\/\/lesvergersdemothois.fr\/wp-content\/uploads\/2022\/02\/IMG-20210309-WA0010-1.jpg'><img loading=\"lazy\" width=\"525\" height=\"276\" src=\"https:\/\/lesvergersdemothois.fr\/wp-content\/uploads\/2022\/02\/IMG-20210309-WA0010-1-1024x538.jpg\" class=\"attachment-large size-large\" alt=\"\" srcset=\"https:\/\/lesvergersdemothois.fr\/wp-content\/uploads\/2022\/02\/IMG-20210309-WA0010-1-1024x538.jpg 1024w, https:\/\/lesvergersdemothois.fr\/wp-content\/uploads\/2022\/02\/IMG-20210309-WA0010-1-300x158.jpg 300w, https:\/\/lesvergersdemothois.fr\/wp-content\/uploads\/2022\/02\/IMG-20210309-WA0010-1-768x403.jpg 768w, https:\/\/lesvergersdemothois.fr\/wp-content\/uploads\/2022\/02\/IMG-20210309-WA0010-1-1536x807.jpg 1536w, https:\/\/lesvergersdemothois.fr\/wp-content\/uploads\/2022\/02\/IMG-20210309-WA0010-1.jpg 1599w\" sizes=\"100vw\" \/><\/a>\n\t\t\t<\/div><\/figure>\n\t\t<\/div>\n\t\t<\/div>\n\t\t\t\t<\/div>\n\t\t\t\t<\/div>\n\t\t\t\t\t<\/div>\n\t\t<\/div>\n\t\t\t\t\t<\/div>\n\t\t<\/section>\n\t\t\t\t<\/div>","protected":false},"excerpt":{"rendered":"<p>https:\/\/lesvergersdemothois.fr\/wp-content\/uploads\/2022\/02\/PXL_20210919_081826811.mp4 L&rsquo;\u00e9levage ovin est pratiqu\u00e9 \u00e0 Mothois depuis trois g\u00e9n\u00e9rations. C&rsquo;est un troupeau de 450 brebis qui p\u00e2turent toute l&rsquo;ann\u00e9e sur les 65 ha de prairies permanentes et les 55 ha de vergers. Le croisement des races Texel et Suffolk permet d&rsquo;avoir le meilleur des deux races : animaux rustiques adapt\u00e9s au plein air avec &hellip; <\/p>\n<p class=\"link-more\"><a href=\"https:\/\/lesvergersdemothois.fr\/en\/elevage\/\" class=\"more-link\">Continue reading<span class=\"screen-reader-text\"> \u00ab\u00a0Elevage ovin\u00a0\u00bb<\/span><\/a><\/p>","protected":false},"author":1,"featured_media":0,"parent":0,"menu_order":0,"comment_status":"closed","ping_status":"closed","template":"","meta":[],"_links":{"self":[{"href":"https:\/\/lesvergersdemothois.fr\/en\/wp-json\/wp\/v2\/pages\/2"}],"collection":[{"href":"https:\/\/lesvergersdemothois.fr\/en\/wp-json\/wp\/v2\/pages"}],"about":[{"href":"https:\/\/lesvergersdemothois.fr\/en\/wp-json\/wp\/v2\/types\/page"}],"author":[{"embeddable":true,"href":"https:\/\/lesvergersdemothois.fr\/en\/wp-json\/wp\/v2\/users\/1"}],"replies":[{"embeddable":true,"href":"https:\/\/lesvergersdemothois.fr\/en\/wp-json\/wp\/v2\/comments?post=2"}],"version-history":[{"count":22,"href":"https:\/\/lesvergersdemothois.fr\/en\/wp-json\/wp\/v2\/pages\/2\/revisions"}],"predecessor-version":[{"id":932,"href":"https:\/\/lesvergersdemothois.fr\/en\/wp-json\/wp\/v2\/pages\/2\/revisions\/932"}],"wp:attachment":[{"href":"https:\/\/lesvergersdemothois.fr\/en\/wp-json\/wp\/v2\/media?parent=2"}],"curies":[{"name":"wp","href":"https:\/\/api.w.org\/{rel}","templated":true}]}}