{"id":284,"date":"2020-04-28T17:57:45","date_gmt":"2020-04-28T15:57:45","guid":{"rendered":"http:\/\/lesvergersdemothois.fr\/?page_id=284"},"modified":"2020-12-14T19:01:07","modified_gmt":"2020-12-14T18:01:07","slug":"revue-de-presse","status":"publish","type":"page","link":"https:\/\/lesvergersdemothois.fr\/en\/revue-de-presse\/","title":{"rendered":"Press review"},"content":{"rendered":"<div data-elementor-type=\"wp-post\" data-elementor-id=\"284\" class=\"elementor elementor-284 elementor-bc-flex-widget\">\n\t\t\t\t\t\t<section class=\"elementor-section elementor-top-section elementor-element elementor-element-6ccfa600 elementor-section-boxed elementor-section-height-default elementor-section-height-default\" data-id=\"6ccfa600\" data-element_type=\"section\">\n\t\t\t\t\t\t<div class=\"elementor-container elementor-column-gap-default\">\n\t\t\t\t\t<div class=\"elementor-column elementor-col-100 elementor-top-column elementor-element elementor-element-7ad018b2\" data-id=\"7ad018b2\" data-element_type=\"column\">\n\t\t\t<div class=\"elementor-widget-wrap elementor-element-populated\">\n\t\t\t\t\t\t<div class=\"elementor-element elementor-element-e8ef18e elementor-widget elementor-widget-text-editor\" data-id=\"e8ef18e\" data-element_type=\"widget\" data-widget_type=\"text-editor.default\">\n\t\t\t\t<div class=\"elementor-widget-container\">\n\t\t\t\t\t\t\t<p><!-- wp:paragraph --><\/p>\n<p><!-- \/wp:paragraph --><!-- wp:html --><\/p>\n<p>En 2018 nous avons \u00e9t\u00e9 contact\u00e9 par deux membres de POLLINIS, ONG environnementale de d\u00e9fense des pollinisateurs. Ils sont venus nous interviewer \u00e0 la ferme sur notre fa\u00e7on de vivre en accord avec notre environnement, ils en ont fait un bel article parmi d&rsquo;autres, une belle galerie de portraits !<\/p>\n<p><blockquote class=\"wp-embedded-content\" data-secret=\"vtVf2i96e3\"><a href=\"https:\/\/www.pollinis.org\/publications\/terres-de-pollinisateurs-rencontre-avec-jean-lefaucheux-des-vergers-de-mothois\/\">Terres de pollinisateurs&nbsp;: rencontre avec Jean Lefaucheux des vergers de Mothois<\/a><\/blockquote><iframe class=\"wp-embedded-content\" sandbox=\"allow-scripts\" security=\"restricted\" style=\"position: absolute; clip: rect(1px, 1px, 1px, 1px);\" src=\"https:\/\/www.pollinis.org\/publications\/terres-de-pollinisateurs-rencontre-avec-jean-lefaucheux-des-vergers-de-mothois\/embed\/#?secret=vtVf2i96e3\" data-secret=\"vtVf2i96e3\" width=\"525\" height=\"296\" title=\"\u00ab\u00a0Terres de pollinisateurs&nbsp;: rencontre avec &lt;BR&gt;Jean Lefaucheux des vergers de Mothois\u00a0\u00bb &#8212; Pollinis\" frameborder=\"0\" marginwidth=\"0\" marginheight=\"0\" scrolling=\"no\"><\/iframe><\/p>\n<p>\u00a0<\/p>\n<p><!-- \/wp:html --><!-- wp:paragraph --><\/p>\n<p><!-- \/wp:paragraph --><!-- wp:paragraph --><\/p>\n<p><!-- \/wp:paragraph --><\/p>\t\t\t\t\t\t<\/div>\n\t\t\t\t<\/div>\n\t\t\t\t\t<\/div>\n\t\t<\/div>\n\t\t\t\t\t<\/div>\n\t\t<\/section>\n\t\t\t\t<\/div>","protected":false},"excerpt":{"rendered":"<p>En 2018 nous avons \u00e9t\u00e9 contact\u00e9 par deux membres de POLLINIS, ONG environnementale de d\u00e9fense des pollinisateurs. Ils sont venus nous interviewer \u00e0 la ferme sur notre fa\u00e7on de vivre en accord avec notre environnement, ils en ont fait un bel article parmi d&rsquo;autres, une belle galerie de portraits ! Terres de pollinisateurs&nbsp;: rencontre avec &hellip; <\/p>\n<p class=\"link-more\"><a href=\"https:\/\/lesvergersdemothois.fr\/en\/revue-de-presse\/\" class=\"more-link\">Continue reading<span class=\"screen-reader-text\"> \u00ab\u00a0Revue de presse\u00a0\u00bb<\/span><\/a><\/p>","protected":false},"author":1,"featured_media":0,"parent":0,"menu_order":0,"comment_status":"closed","ping_status":"closed","template":"","meta":[],"_links":{"self":[{"href":"https:\/\/lesvergersdemothois.fr\/en\/wp-json\/wp\/v2\/pages\/284"}],"collection":[{"href":"https:\/\/lesvergersdemothois.fr\/en\/wp-json\/wp\/v2\/pages"}],"about":[{"href":"https:\/\/lesvergersdemothois.fr\/en\/wp-json\/wp\/v2\/types\/page"}],"author":[{"embeddable":true,"href":"https:\/\/lesvergersdemothois.fr\/en\/wp-json\/wp\/v2\/users\/1"}],"replies":[{"embeddable":true,"href":"https:\/\/lesvergersdemothois.fr\/en\/wp-json\/wp\/v2\/comments?post=284"}],"version-history":[{"count":8,"href":"https:\/\/lesvergersdemothois.fr\/en\/wp-json\/wp\/v2\/pages\/284\/revisions"}],"predecessor-version":[{"id":316,"href":"https:\/\/lesvergersdemothois.fr\/en\/wp-json\/wp\/v2\/pages\/284\/revisions\/316"}],"wp:attachment":[{"href":"https:\/\/lesvergersdemothois.fr\/en\/wp-json\/wp\/v2\/media?parent=284"}],"curies":[{"name":"wp","href":"https:\/\/api.w.org\/{rel}","templated":true}]}}