{"id":36,"date":"2018-12-28T19:37:07","date_gmt":"2018-12-28T18:37:07","guid":{"rendered":"http:\/\/lesvergersdemothois.fr\/?page_id=36"},"modified":"2025-11-10T10:02:51","modified_gmt":"2025-11-10T09:02:51","slug":"accueil","status":"publish","type":"page","link":"https:\/\/lesvergersdemothois.fr\/en\/","title":{"rendered":"Les Vergers de Mothois"},"content":{"rendered":"<div data-elementor-type=\"wp-post\" data-elementor-id=\"36\" class=\"elementor elementor-36\">\n\t\t\t\t\t\t<section class=\"elementor-section elementor-top-section elementor-element elementor-element-ebf96e5 elementor-section-boxed elementor-section-height-default elementor-section-height-default\" data-id=\"ebf96e5\" data-element_type=\"section\">\n\t\t\t\t\t\t<div class=\"elementor-container elementor-column-gap-default\">\n\t\t\t\t\t<div class=\"elementor-column elementor-col-100 elementor-top-column elementor-element elementor-element-065cf25\" data-id=\"065cf25\" data-element_type=\"column\">\n\t\t\t<div class=\"elementor-widget-wrap elementor-element-populated\">\n\t\t\t\t\t\t<div class=\"elementor-element elementor-element-56f5cdc elementor-widget elementor-widget-text-editor\" data-id=\"56f5cdc\" data-element_type=\"widget\" data-widget_type=\"text-editor.default\">\n\t\t\t\t<div class=\"elementor-widget-container\">\n\t\t\t\t\t\t\t<p>The Mothois estate is located in Saint Quentin des Pr\u00e9s in the Pays de Bray, between Normandy and Picardy.<\/p><p>Here, we raise\u00a0<a href=\"https:\/\/lesvergersdemothois.fr\/en\/elevage\/\" target=\"_blank\" rel=\"noopener\">sheep<\/a>\u00a0and\u00a0<a href=\"https:\/\/lesvergersdemothois.fr\/en\/arboriculture\/\" target=\"_blank\" rel=\"noopener\">Apple trees<\/a>\u00a0as well as\u00a0<a href=\"https:\/\/lesvergersdemothois.fr\/en\/mariviere\/\" target=\"_blank\" rel=\"noopener\">aromatic and medicinal plants and small fruits<\/a>, in a hedgerow valley in compliance with organic farming rules.<\/p>\t\t\t\t\t\t<\/div>\n\t\t\t\t<\/div>\n\t\t\t\t<div class=\"elementor-element elementor-element-2afd864 elementor-widget elementor-widget-image-gallery\" data-id=\"2afd864\" data-element_type=\"widget\" data-widget_type=\"image-gallery.default\">\n\t\t\t\t<div class=\"elementor-widget-container\">\n\t\t\t\t\t<div class=\"elementor-image-gallery\">\n\t\t\t<div id='gallery-1' class='gallery galleryid-36 gallery-columns-3 gallery-size-twentyseventeen-featured-image'><figure class='gallery-item'>\n\t\t\t<div class='gallery-icon landscape'>\n\t\t\t\t<a data-elementor-open-lightbox=\"yes\" data-elementor-lightbox-slideshow=\"2afd864\" data-elementor-lightbox-title=\"Mothois vu du ciel (le g\u00eete en haut \u00e0 droite)\" data-e-action-hash=\"#elementor-action%3Aaction%3Dlightbox%26settings%3DeyJpZCI6NjkxLCJ1cmwiOiJodHRwczpcL1wvbGVzdmVyZ2Vyc2RlbW90aG9pcy5mclwvd3AtY29udGVudFwvdXBsb2Fkc1wvMjAyMlwvMDFcL0RKSV8wMDMyLXNjYWxlZC5qcGciLCJzbGlkZXNob3ciOiIyYWZkODY0In0%3D\" href='https:\/\/lesvergersdemothois.fr\/wp-content\/uploads\/2022\/01\/DJI_0032-scaled.jpg'><img fetchpriority=\"high\" width=\"2000\" height=\"1200\" src=\"https:\/\/lesvergersdemothois.fr\/wp-content\/uploads\/2022\/01\/DJI_0032-2000x1200.jpg\" class=\"attachment-twentyseventeen-featured-image size-twentyseventeen-featured-image\" alt=\"\" sizes=\"100vw\" \/><\/a>\n\t\t\t<\/div><\/figure><figure class='gallery-item'>\n\t\t\t<div class='gallery-icon landscape'>\n\t\t\t\t<a data-elementor-open-lightbox=\"yes\" data-elementor-lightbox-slideshow=\"2afd864\" data-elementor-lightbox-title=\"DCIM100MEDIADJI_0047.JPG\" data-e-action-hash=\"#elementor-action%3Aaction%3Dlightbox%26settings%3DeyJpZCI6NjkzLCJ1cmwiOiJodHRwczpcL1wvbGVzdmVyZ2Vyc2RlbW90aG9pcy5mclwvd3AtY29udGVudFwvdXBsb2Fkc1wvMjAyMlwvMDFcL0RKSV8wMDQ3LXNjYWxlZC5qcGciLCJzbGlkZXNob3ciOiIyYWZkODY0In0%3D\" href='https:\/\/lesvergersdemothois.fr\/wp-content\/uploads\/2022\/01\/DJI_0047-scaled.jpg'><img width=\"2000\" height=\"1200\" src=\"https:\/\/lesvergersdemothois.fr\/wp-content\/uploads\/2022\/01\/DJI_0047-2000x1200.jpg\" class=\"attachment-twentyseventeen-featured-image size-twentyseventeen-featured-image\" alt=\"\" sizes=\"100vw\" \/><\/a>\n\t\t\t<\/div><\/figure><figure class='gallery-item'>\n\t\t\t<div class='gallery-icon landscape'>\n\t\t\t\t<a data-elementor-open-lightbox=\"yes\" data-elementor-lightbox-slideshow=\"2afd864\" data-elementor-lightbox-title=\"DCIM100MEDIADJI_0089.JPG\" data-e-action-hash=\"#elementor-action%3Aaction%3Dlightbox%26settings%3DeyJpZCI6Njk0LCJ1cmwiOiJodHRwczpcL1wvbGVzdmVyZ2Vyc2RlbW90aG9pcy5mclwvd3AtY29udGVudFwvdXBsb2Fkc1wvMjAyMlwvMDFcL0RKSV8wMDg5LXNjYWxlZC5qcGciLCJzbGlkZXNob3ciOiIyYWZkODY0In0%3D\" href='https:\/\/lesvergersdemothois.fr\/wp-content\/uploads\/2022\/01\/DJI_0089-scaled.jpg'><img width=\"2000\" height=\"1200\" src=\"https:\/\/lesvergersdemothois.fr\/wp-content\/uploads\/2022\/01\/DJI_0089-2000x1200.jpg\" class=\"attachment-twentyseventeen-featured-image size-twentyseventeen-featured-image\" alt=\"\" sizes=\"100vw\" \/><\/a>\n\t\t\t<\/div><\/figure><figure class='gallery-item'>\n\t\t\t<div class='gallery-icon landscape'>\n\t\t\t\t<a data-elementor-open-lightbox=\"yes\" data-elementor-lightbox-slideshow=\"2afd864\" data-elementor-lightbox-title=\"01099663\" data-e-action-hash=\"#elementor-action%3Aaction%3Dlightbox%26settings%3DeyJpZCI6MTQwOSwidXJsIjoiaHR0cHM6XC9cL2xlc3ZlcmdlcnNkZW1vdGhvaXMuZnJcL3dwLWNvbnRlbnRcL3VwbG9hZHNcLzIwMjNcLzEyXC8wMTA5OTY2My1zY2FsZWQuanBnIiwic2xpZGVzaG93IjoiMmFmZDg2NCJ9\" href='https:\/\/lesvergersdemothois.fr\/wp-content\/uploads\/2023\/12\/01099663-scaled.jpg'><img loading=\"lazy\" width=\"2000\" height=\"1200\" src=\"https:\/\/lesvergersdemothois.fr\/wp-content\/uploads\/2023\/12\/01099663-2000x1200.jpg\" class=\"attachment-twentyseventeen-featured-image size-twentyseventeen-featured-image\" alt=\"\" sizes=\"100vw\" \/><\/a>\n\t\t\t<\/div><\/figure><figure class='gallery-item'>\n\t\t\t<div class='gallery-icon landscape'>\n\t\t\t\t<a data-elementor-open-lightbox=\"yes\" data-elementor-lightbox-slideshow=\"2afd864\" data-elementor-lightbox-title=\"PXL_20211024_083138960\" data-e-action-hash=\"#elementor-action%3Aaction%3Dlightbox%26settings%3DeyJpZCI6MTQxMSwidXJsIjoiaHR0cHM6XC9cL2xlc3ZlcmdlcnNkZW1vdGhvaXMuZnJcL3dwLWNvbnRlbnRcL3VwbG9hZHNcLzIwMjNcLzEyXC9QWExfMjAyMTEwMjRfMDgzMTM4OTYwLXNjYWxlZC5qcGciLCJzbGlkZXNob3ciOiIyYWZkODY0In0%3D\" href='https:\/\/lesvergersdemothois.fr\/wp-content\/uploads\/2023\/12\/PXL_20211024_083138960-scaled.jpg'><img loading=\"lazy\" width=\"2000\" height=\"1200\" src=\"https:\/\/lesvergersdemothois.fr\/wp-content\/uploads\/2023\/12\/PXL_20211024_083138960-2000x1200.jpg\" class=\"attachment-twentyseventeen-featured-image size-twentyseventeen-featured-image\" alt=\"\" sizes=\"100vw\" \/><\/a>\n\t\t\t<\/div><\/figure><figure class='gallery-item'>\n\t\t\t<div class='gallery-icon landscape'>\n\t\t\t\t<a data-elementor-open-lightbox=\"yes\" data-elementor-lightbox-slideshow=\"2afd864\" data-elementor-lightbox-title=\"IMG_20201103_155613\" data-e-action-hash=\"#elementor-action%3Aaction%3Dlightbox%26settings%3DeyJpZCI6MTQxMiwidXJsIjoiaHR0cHM6XC9cL2xlc3ZlcmdlcnNkZW1vdGhvaXMuZnJcL3dwLWNvbnRlbnRcL3VwbG9hZHNcLzIwMjNcLzEyXC9JTUdfMjAyMDExMDNfMTU1NjEzLXNjYWxlZC5qcGciLCJzbGlkZXNob3ciOiIyYWZkODY0In0%3D\" href='https:\/\/lesvergersdemothois.fr\/wp-content\/uploads\/2023\/12\/IMG_20201103_155613-scaled.jpg'><img loading=\"lazy\" width=\"2000\" height=\"1200\" src=\"https:\/\/lesvergersdemothois.fr\/wp-content\/uploads\/2023\/12\/IMG_20201103_155613-2000x1200.jpg\" class=\"attachment-twentyseventeen-featured-image size-twentyseventeen-featured-image\" alt=\"\" sizes=\"100vw\" \/><\/a>\n\t\t\t<\/div><\/figure>\n\t\t<\/div>\n\t\t<\/div>\n\t\t\t\t<\/div>\n\t\t\t\t<\/div>\n\t\t\t\t<div class=\"elementor-element elementor-element-ea21320 elementor-widget elementor-widget-text-editor\" data-id=\"ea21320\" data-element_type=\"widget\" data-widget_type=\"text-editor.default\">\n\t\t\t\t<div class=\"elementor-widget-container\">\n\t\t\t\t\t\t\t<p><span style=\"color: var( --e-global-color-text ); font-family: var( --e-global-typography-text-font-family ), Sans-serif; font-weight: var( --e-global-typography-text-font-weight ); font-size: 1rem;\">We welcome you to the&nbsp;<\/span><a style=\"font-family: var( --e-global-typography-text-font-family ), Sans-serif; font-weight: var( --e-global-typography-text-font-weight ); background-color: #ffffff; font-size: 1rem;\" href=\"https:\/\/lesvergersdemothois.fr\/en\/magasin\/\" target=\"_blank\" rel=\"noopener\">Shop<\/a><span style=\"color: var( --e-global-color-text ); font-family: var( --e-global-typography-text-font-family ), Sans-serif; font-weight: var( --e-global-typography-text-font-weight ); font-size: 1rem;\">&nbsp;at the farm to offer you our&nbsp;<\/span><a style=\"font-family: var( --e-global-typography-text-font-family ), Sans-serif; font-weight: var( --e-global-typography-text-font-weight ); background-color: #ffffff; font-size: 1rem;\" href=\"https:\/\/lesvergersdemothois.fr\/en\/produits\/\" target=\"_blank\" rel=\"noopener\">Products<\/a><span style=\"color: var( --e-global-color-text ); font-family: var( --e-global-typography-text-font-family ), Sans-serif; font-weight: var( --e-global-typography-text-font-weight ); font-size: 1rem;\"> Apples, Ciders, Apple Juice, Apple Cider Vinegar, as well as Herbal Teas, Syrups and other delicacies<\/span>&nbsp;of <a href=\"https:\/\/lesvergersdemothois.fr\/en\/mariviere\/\" target=\"_blank\" rel=\"noopener\">Marivi\u00e8re<\/a><span style=\"color: var( --e-global-color-text ); font-family: var( --e-global-typography-text-font-family ), Sans-serif; font-weight: var( --e-global-typography-text-font-weight ); font-size: 1rem;\">&nbsp;!<\/span><\/p>\n<p>You can stay at <a href=\"https:\/\/lesvergersdemothois.fr\/en\/gite\/\" target=\"_blank\" rel=\"noopener\">G\u00eete des Vergers de Mothois<\/a>, A house with a terrace and private garden, offering exceptional, unobstructed views of our meadows. With its three bedrooms, it can accommodate 6 people for a lovely countryside holiday! Bookings can be made online via our module. <a href=\"https:\/\/secure.reservit.com\/fo\/booking\/2\/433840\/dates?nbroom=1&amp;specialMode=default&amp;__utmz=128918670.1632133135.1.1.utmcsr%3D(direct)%7Cutmccn%3D(direct)%7Cutmcmd%3D(none)&amp;begindate=13%2F01%2F2022&amp;forceStep1=1&amp;tmonth=01&amp;tyear=2022&amp;hotelid=433840&amp;numnight=5&amp;m=booking&amp;roomAge1=40,40&amp;langcode=FR&amp;enddate=18%2F01%2F2022&amp;fyear=2022&amp;custid=2&amp;fmonth=01&amp;_ga=GA1.3.524363176.1625920310&amp;fday=13&amp;__utma=128918670.524363176.1625920310.1639683497.1641234601.29&amp;tday=18\" target=\"_blank\" rel=\"noopener\">reservations<\/a>.<\/p>\t\t\t\t\t\t<\/div>\n\t\t\t\t<\/div>\n\t\t\t\t\t<\/div>\n\t\t<\/div>\n\t\t\t\t\t<\/div>\n\t\t<\/section>\n\t\t\t\t<section class=\"elementor-section elementor-top-section elementor-element elementor-element-57bd8ea elementor-section-boxed elementor-section-height-default elementor-section-height-default\" data-id=\"57bd8ea\" data-element_type=\"section\">\n\t\t\t\t\t\t<div class=\"elementor-container elementor-column-gap-default\">\n\t\t\t\t\t<div class=\"elementor-column elementor-col-100 elementor-top-column elementor-element elementor-element-98817c9\" data-id=\"98817c9\" data-element_type=\"column\">\n\t\t\t<div class=\"elementor-widget-wrap elementor-element-populated\">\n\t\t\t\t\t\t<div class=\"elementor-element elementor-element-01c5b99 elementor-widget elementor-widget-google_maps\" data-id=\"01c5b99\" data-element_type=\"widget\" data-widget_type=\"google_maps.default\">\n\t\t\t\t<div class=\"elementor-widget-container\">\n\t\t\t\t\t<div class=\"elementor-custom-embed\">\n\t\t\t<iframe loading=\"lazy\"\n\t\t\t\t\tsrc=\"https:\/\/maps.google.com\/maps?q=EARL%20du%20Domaine%20de%20Mothois&#038;t=m&#038;z=10&#038;output=embed&#038;iwloc=near\"\n\t\t\t\t\ttitle=\"Earl of the Mothois Estate\"\n\t\t\t\t\taria-label=\"Earl of the Mothois Estate\"\n\t\t\t><\/iframe>\n\t\t<\/div>\n\t\t\t\t<\/div>\n\t\t\t\t<\/div>\n\t\t\t\t\t<\/div>\n\t\t<\/div>\n\t\t\t\t\t<\/div>\n\t\t<\/section>\n\t\t\t\t<section class=\"elementor-section elementor-top-section elementor-element elementor-element-b6fb243 elementor-section-boxed elementor-section-height-default elementor-section-height-default\" data-id=\"b6fb243\" data-element_type=\"section\">\n\t\t\t\t\t\t<div class=\"elementor-container elementor-column-gap-default\">\n\t\t\t\t\t<div class=\"elementor-column elementor-col-100 elementor-top-column elementor-element elementor-element-fd371ed\" data-id=\"fd371ed\" data-element_type=\"column\">\n\t\t\t<div class=\"elementor-widget-wrap elementor-element-populated\">\n\t\t\t\t\t\t<div class=\"elementor-element elementor-element-ce25bf9 elementor-widget elementor-widget-spacer\" data-id=\"ce25bf9\" data-element_type=\"widget\" data-widget_type=\"spacer.default\">\n\t\t\t\t<div class=\"elementor-widget-container\">\n\t\t\t\t\t<div class=\"elementor-spacer\">\n\t\t\t<div class=\"elementor-spacer-inner\"><\/div>\n\t\t<\/div>\n\t\t\t\t<\/div>\n\t\t\t\t<\/div>\n\t\t\t\t<div class=\"elementor-element elementor-element-c971210 elementor-widget elementor-widget-wp-widget-mc4wp_form_widget\" data-id=\"c971210\" data-element_type=\"widget\" data-widget_type=\"wp-widget-mc4wp_form_widget.default\">\n\t\t\t\t<div class=\"elementor-widget-container\">\n\t\t\t<h5>Receive our email notifications<\/h5><script>(function() {\n\twindow.mc4wp = window.mc4wp || {\n\t\tlisteners: [],\n\t\tforms: {\n\t\t\ton: function(evt, cb) {\n\t\t\t\twindow.mc4wp.listeners.push(\n\t\t\t\t\t{\n\t\t\t\t\t\tevent   : evt,\n\t\t\t\t\t\tcallback: cb\n\t\t\t\t\t}\n\t\t\t\t);\n\t\t\t}\n\t\t}\n\t}\n})();\n<\/script><!-- Mailchimp for WordPress v4.12.5 - https:\/\/wordpress.org\/plugins\/mailchimp-for-wp\/ --><form id=\"mc4wp-form-1\" class=\"mc4wp-form mc4wp-form-355 mc4wp-form-basic\" method=\"post\" data-id=\"355\" data-name=\"Rester inform\u00e9 par Email\" action=\"\" ><div class=\"mc4wp-form-fields\"><p>\r\n\t<label>Email Address: \r\n\t\t<input type=\"email\" name=\"EMAIL\" placeholder=\"Your email address\" required \/>\r\n<\/label>\r\n<\/p>\r\n\r\n<p>\r\n\t<input type=\"submit\" value=\"Receive Information\" \/>\r\n<\/p><\/div><label style=\"display: none !important;\">Leave this field empty if you're human: <input type=\"text\" name=\"_mc4wp_honeypot\" value=\"\" tabindex=\"-1\" autocomplete=\"off\" \/><\/label><input type=\"hidden\" name=\"_mc4wp_timestamp\" value=\"1778645669\" \/><input type=\"hidden\" name=\"_mc4wp_form_id\" value=\"355\" \/><input type=\"hidden\" name=\"_mc4wp_form_element_id\" value=\"mc4wp-form-1\" \/><div class=\"mc4wp-response\"><\/div><input type=\"hidden\" name=\"trp-form-language\" value=\"en\"\/><\/form><!-- \/ Mailchimp for WordPress Plugin -->\t\t<\/div>\n\t\t\t\t<\/div>\n\t\t\t\t\t<\/div>\n\t\t<\/div>\n\t\t\t\t\t<\/div>\n\t\t<\/section>\n\t\t\t\t<\/div>","protected":false},"excerpt":{"rendered":"<p>Le domaine de Mothois se situe \u00e0 Saint Quentin des Pr\u00e9s dans le Pays de Bray entre Normandie et Picardie. On y \u00e9l\u00e8ve des\u00a0moutons\u00a0et des\u00a0pommiers\u00a0ainsi que des\u00a0plantes aromatiques et m\u00e9dicinales et petits fruits, dans une vall\u00e9e bocag\u00e8re dans le respect des r\u00e8gles de l&rsquo;agriculture biologique. Nous vous accueillons au&nbsp;magasin&nbsp;\u00e0 la ferme pour vous proposer nos&nbsp;produits &hellip; <\/p>\n<p class=\"link-more\"><a href=\"https:\/\/lesvergersdemothois.fr\/en\/\" class=\"more-link\">Continue reading<span class=\"screen-reader-text\"> \u00ab\u00a0Les Vergers de Mothois\u00a0\u00bb<\/span><\/a><\/p>","protected":false},"author":1,"featured_media":0,"parent":0,"menu_order":0,"comment_status":"closed","ping_status":"closed","template":"","meta":[],"_links":{"self":[{"href":"https:\/\/lesvergersdemothois.fr\/en\/wp-json\/wp\/v2\/pages\/36"}],"collection":[{"href":"https:\/\/lesvergersdemothois.fr\/en\/wp-json\/wp\/v2\/pages"}],"about":[{"href":"https:\/\/lesvergersdemothois.fr\/en\/wp-json\/wp\/v2\/types\/page"}],"author":[{"embeddable":true,"href":"https:\/\/lesvergersdemothois.fr\/en\/wp-json\/wp\/v2\/users\/1"}],"replies":[{"embeddable":true,"href":"https:\/\/lesvergersdemothois.fr\/en\/wp-json\/wp\/v2\/comments?post=36"}],"version-history":[{"count":67,"href":"https:\/\/lesvergersdemothois.fr\/en\/wp-json\/wp\/v2\/pages\/36\/revisions"}],"predecessor-version":[{"id":1644,"href":"https:\/\/lesvergersdemothois.fr\/en\/wp-json\/wp\/v2\/pages\/36\/revisions\/1644"}],"wp:attachment":[{"href":"https:\/\/lesvergersdemothois.fr\/en\/wp-json\/wp\/v2\/media?parent=36"}],"curies":[{"name":"wp","href":"https:\/\/api.w.org\/{rel}","templated":true}]}}