{"id":53,"date":"2018-12-28T22:06:59","date_gmt":"2018-12-28T21:06:59","guid":{"rendered":"http:\/\/lesvergersdemothois.fr\/?page_id=53"},"modified":"2026-05-12T13:46:20","modified_gmt":"2026-05-12T11:46:20","slug":"magasin","status":"publish","type":"page","link":"https:\/\/lesvergersdemothois.fr\/en\/magasin\/","title":{"rendered":"Shop"},"content":{"rendered":"<div data-elementor-type=\"wp-post\" data-elementor-id=\"53\" class=\"elementor elementor-53\">\n\t\t\t\t\t\t<section class=\"elementor-section elementor-top-section elementor-element elementor-element-3c448f1 elementor-section-boxed elementor-section-height-default elementor-section-height-default\" data-id=\"3c448f1\" data-element_type=\"section\">\n\t\t\t\t\t\t<div class=\"elementor-container elementor-column-gap-default\">\n\t\t\t\t\t<div class=\"elementor-column elementor-col-100 elementor-top-column elementor-element elementor-element-9b4a564\" data-id=\"9b4a564\" data-element_type=\"column\">\n\t\t\t<div class=\"elementor-widget-wrap elementor-element-populated\">\n\t\t\t\t\t\t<div class=\"elementor-element elementor-element-cae22cd elementor-widget elementor-widget-text-editor\" data-id=\"cae22cd\" data-element_type=\"widget\" data-widget_type=\"text-editor.default\">\n\t\t\t\t<div class=\"elementor-widget-container\">\n\t\t\t\t\t\t\t<p><span style=\"color: var( --e-global-color-text ); font-family: var( --e-global-typography-text-font-family ), Sans-serif; font-weight: var( --e-global-typography-text-font-weight ); font-size: 1rem;\">La saison de vente de pommes 2025-2026 est termin\u00e9e !<\/span><\/p>\n<p><span style=\"color: var( --e-global-color-text ); font-family: var( --e-global-typography-text-font-family ), Sans-serif; font-weight: var( --e-global-typography-text-font-weight ); font-size: 1rem;\">Le magasin reste ouvert les Samedis matins de 10h \u00e0 13h.&nbsp;<\/span><\/p>\n<p><span style=\"color: var( --e-global-color-text ); font-family: var( --e-global-typography-text-font-family ), Sans-serif; font-weight: var( --e-global-typography-text-font-weight ); font-size: 1rem;\">Retrouvez au magasin nos produits de la ferme :&nbsp; Cidres, Vinaigre de cidre, Jus de pomme, Miel, Tisanes, Sirops etc..<\/span><span style=\"color: var( --e-global-color-text ); font-family: var( --e-global-typography-text-font-family ), Sans-serif; font-weight: var( --e-global-typography-text-font-weight ); font-size: 1rem;\">.<\/span><\/p>\n<p><span style=\"font-size: 16px;\">Il est possible de prendre rendez-vous pour r\u00e9cup\u00e9rer une commande en dehors des horaires d&rsquo;ouverture en t\u00e9l\u00e9phonant au 0676215910.<\/span><\/p>\t\t\t\t\t\t<\/div>\n\t\t\t\t<\/div>\n\t\t\t\t\t<\/div>\n\t\t<\/div>\n\t\t\t\t\t<\/div>\n\t\t<\/section>\n\t\t\t\t<section class=\"elementor-section elementor-top-section elementor-element elementor-element-6a26440 elementor-section-boxed elementor-section-height-default elementor-section-height-default\" data-id=\"6a26440\" data-element_type=\"section\">\n\t\t\t\t\t\t<div class=\"elementor-container elementor-column-gap-default\">\n\t\t\t\t\t<div class=\"elementor-column elementor-col-33 elementor-top-column elementor-element elementor-element-e1302af\" data-id=\"e1302af\" data-element_type=\"column\">\n\t\t\t<div class=\"elementor-widget-wrap elementor-element-populated\">\n\t\t\t\t\t\t<div class=\"elementor-element elementor-element-71f3c41 elementor-position-top elementor-widget elementor-widget-image-box\" data-id=\"71f3c41\" data-element_type=\"widget\" data-widget_type=\"image-box.default\">\n\t\t\t\t<div class=\"elementor-widget-container\">\n\t\t\t<div class=\"elementor-image-box-wrapper\"><figure class=\"elementor-image-box-img\"><a href=\"https:\/\/lesvergersdemothois.fr\/index.php\/produits\/\" target=\"_blank\" tabindex=\"-1\"><img fetchpriority=\"high\" width=\"1920\" height=\"2560\" src=\"https:\/\/lesvergersdemothois.fr\/wp-content\/uploads\/2022\/02\/PXL_20220211_093654672-scaled.jpg\" class=\"attachment-full size-full wp-image-895\" alt=\"\" srcset=\"https:\/\/lesvergersdemothois.fr\/wp-content\/uploads\/2022\/02\/PXL_20220211_093654672-scaled.jpg 1920w, https:\/\/lesvergersdemothois.fr\/wp-content\/uploads\/2022\/02\/PXL_20220211_093654672-225x300.jpg 225w, https:\/\/lesvergersdemothois.fr\/wp-content\/uploads\/2022\/02\/PXL_20220211_093654672-768x1024.jpg 768w, https:\/\/lesvergersdemothois.fr\/wp-content\/uploads\/2022\/02\/PXL_20220211_093654672-1152x1536.jpg 1152w, https:\/\/lesvergersdemothois.fr\/wp-content\/uploads\/2022\/02\/PXL_20220211_093654672-1536x2048.jpg 1536w\" sizes=\"(max-width: 767px) 89vw, (max-width: 1000px) 54vw, (max-width: 1071px) 543px, 580px\" \/><\/a><\/figure><div class=\"elementor-image-box-content\"><h3 class=\"elementor-image-box-title\"><a href=\"https:\/\/lesvergersdemothois.fr\/index.php\/produits\/\" target=\"_blank\">Le Verger \u00e0 Cidre<\/a><\/h3><\/div><\/div>\t\t<\/div>\n\t\t\t\t<\/div>\n\t\t\t\t\t<\/div>\n\t\t<\/div>\n\t\t\t\t<div class=\"elementor-column elementor-col-33 elementor-top-column elementor-element elementor-element-d942118\" data-id=\"d942118\" data-element_type=\"column\">\n\t\t\t<div class=\"elementor-widget-wrap elementor-element-populated\">\n\t\t\t\t\t\t<div class=\"elementor-element elementor-element-0b529d1 elementor-position-top elementor-widget elementor-widget-image-box\" data-id=\"0b529d1\" data-element_type=\"widget\" data-widget_type=\"image-box.default\">\n\t\t\t\t<div class=\"elementor-widget-container\">\n\t\t\t<div class=\"elementor-image-box-wrapper\"><figure class=\"elementor-image-box-img\"><a href=\"https:\/\/lesvergersdemothois.fr\/index.php\/pommes-de-table\/\" target=\"_blank\" tabindex=\"-1\"><img width=\"1920\" height=\"2560\" src=\"https:\/\/lesvergersdemothois.fr\/wp-content\/uploads\/2022\/11\/PXL_20221117_094146815-scaled-e1668688341997.jpg\" class=\"attachment-full size-full wp-image-1215\" alt=\"\" srcset=\"https:\/\/lesvergersdemothois.fr\/wp-content\/uploads\/2022\/11\/PXL_20221117_094146815-scaled-e1668688341997.jpg 1920w, https:\/\/lesvergersdemothois.fr\/wp-content\/uploads\/2022\/11\/PXL_20221117_094146815-scaled-e1668688341997-225x300.jpg 225w, https:\/\/lesvergersdemothois.fr\/wp-content\/uploads\/2022\/11\/PXL_20221117_094146815-scaled-e1668688341997-768x1024.jpg 768w, https:\/\/lesvergersdemothois.fr\/wp-content\/uploads\/2022\/11\/PXL_20221117_094146815-scaled-e1668688341997-1152x1536.jpg 1152w, https:\/\/lesvergersdemothois.fr\/wp-content\/uploads\/2022\/11\/PXL_20221117_094146815-scaled-e1668688341997-1536x2048.jpg 1536w\" sizes=\"(max-width: 767px) 89vw, (max-width: 1000px) 54vw, (max-width: 1071px) 543px, 580px\" \/><\/a><\/figure><div class=\"elementor-image-box-content\"><h3 class=\"elementor-image-box-title\"><a href=\"https:\/\/lesvergersdemothois.fr\/index.php\/pommes-de-table\/\" target=\"_blank\">Les Pommes de table<\/a><\/h3><\/div><\/div>\t\t<\/div>\n\t\t\t\t<\/div>\n\t\t\t\t\t<\/div>\n\t\t<\/div>\n\t\t\t\t<div class=\"elementor-column elementor-col-33 elementor-top-column elementor-element elementor-element-aa3cb40\" data-id=\"aa3cb40\" data-element_type=\"column\">\n\t\t\t<div class=\"elementor-widget-wrap elementor-element-populated\">\n\t\t\t\t\t\t<div class=\"elementor-element elementor-element-f8c92af elementor-position-top elementor-widget elementor-widget-image-box\" data-id=\"f8c92af\" data-element_type=\"widget\" data-widget_type=\"image-box.default\">\n\t\t\t\t<div class=\"elementor-widget-container\">\n\t\t\t<div class=\"elementor-image-box-wrapper\"><figure class=\"elementor-image-box-img\"><a href=\"https:\/\/lesvergersdemothois.fr\/en\/mariviere\/\" target=\"_blank\" tabindex=\"-1\"><img width=\"1920\" height=\"2560\" src=\"https:\/\/lesvergersdemothois.fr\/wp-content\/uploads\/2023\/12\/photo-site-scaled.jpg\" class=\"attachment-full size-full wp-image-1394\" alt=\"\" srcset=\"https:\/\/lesvergersdemothois.fr\/wp-content\/uploads\/2023\/12\/photo-site-scaled.jpg 1920w, https:\/\/lesvergersdemothois.fr\/wp-content\/uploads\/2023\/12\/photo-site-225x300.jpg 225w, https:\/\/lesvergersdemothois.fr\/wp-content\/uploads\/2023\/12\/photo-site-768x1024.jpg 768w, https:\/\/lesvergersdemothois.fr\/wp-content\/uploads\/2023\/12\/photo-site-1152x1536.jpg 1152w, https:\/\/lesvergersdemothois.fr\/wp-content\/uploads\/2023\/12\/photo-site-1536x2048.jpg 1536w\" sizes=\"(max-width: 767px) 89vw, (max-width: 1000px) 54vw, (max-width: 1071px) 543px, 580px\" \/><\/a><\/figure><div class=\"elementor-image-box-content\"><h3 class=\"elementor-image-box-title\"><a href=\"https:\/\/lesvergersdemothois.fr\/en\/mariviere\/\" target=\"_blank\">Les produits  de Marivi\u00e8re<\/a><\/h3><\/div><\/div>\t\t<\/div>\n\t\t\t\t<\/div>\n\t\t\t\t\t<\/div>\n\t\t<\/div>\n\t\t\t\t\t<\/div>\n\t\t<\/section>\n\t\t\t\t<\/div>","protected":false},"excerpt":{"rendered":"<p>La saison de vente de pommes 2025-2026 est termin\u00e9e ! Le magasin reste ouvert les Samedis matins de 10h \u00e0 13h.&nbsp; Retrouvez au magasin nos produits de la ferme :&nbsp; Cidres, Vinaigre de cidre, Jus de pomme, Miel, Tisanes, Sirops etc&#8230; Il est possible de prendre rendez-vous pour r\u00e9cup\u00e9rer une commande en dehors des horaires &hellip; <\/p>\n<p class=\"link-more\"><a href=\"https:\/\/lesvergersdemothois.fr\/en\/magasin\/\" class=\"more-link\">Continue reading<span class=\"screen-reader-text\"> \u00ab\u00a0Magasin\u00a0\u00bb<\/span><\/a><\/p>","protected":false},"author":1,"featured_media":0,"parent":0,"menu_order":0,"comment_status":"closed","ping_status":"closed","template":"","meta":[],"_links":{"self":[{"href":"https:\/\/lesvergersdemothois.fr\/en\/wp-json\/wp\/v2\/pages\/53"}],"collection":[{"href":"https:\/\/lesvergersdemothois.fr\/en\/wp-json\/wp\/v2\/pages"}],"about":[{"href":"https:\/\/lesvergersdemothois.fr\/en\/wp-json\/wp\/v2\/types\/page"}],"author":[{"embeddable":true,"href":"https:\/\/lesvergersdemothois.fr\/en\/wp-json\/wp\/v2\/users\/1"}],"replies":[{"embeddable":true,"href":"https:\/\/lesvergersdemothois.fr\/en\/wp-json\/wp\/v2\/comments?post=53"}],"version-history":[{"count":165,"href":"https:\/\/lesvergersdemothois.fr\/en\/wp-json\/wp\/v2\/pages\/53\/revisions"}],"predecessor-version":[{"id":1756,"href":"https:\/\/lesvergersdemothois.fr\/en\/wp-json\/wp\/v2\/pages\/53\/revisions\/1756"}],"wp:attachment":[{"href":"https:\/\/lesvergersdemothois.fr\/en\/wp-json\/wp\/v2\/media?parent=53"}],"curies":[{"name":"wp","href":"https:\/\/api.w.org\/{rel}","templated":true}]}}