{"id":55,"date":"2018-12-28T22:07:16","date_gmt":"2018-12-28T21:07:16","guid":{"rendered":"http:\/\/lesvergersdemothois.fr\/?page_id=55"},"modified":"2025-12-18T16:40:54","modified_gmt":"2025-12-18T15:40:54","slug":"produits","status":"publish","type":"page","link":"https:\/\/lesvergersdemothois.fr\/en\/produits\/","title":{"rendered":"Products"},"content":{"rendered":"<div data-elementor-type=\"wp-post\" data-elementor-id=\"55\" class=\"elementor elementor-55\">\n\t\t\t\t\t\t<section class=\"elementor-section elementor-top-section elementor-element elementor-element-c6d4e3f elementor-section-boxed elementor-section-height-default elementor-section-height-default\" data-id=\"c6d4e3f\" data-element_type=\"section\">\n\t\t\t\t\t\t<div class=\"elementor-container elementor-column-gap-default\">\n\t\t\t\t\t<div class=\"elementor-column elementor-col-33 elementor-top-column elementor-element elementor-element-212703e\" data-id=\"212703e\" data-element_type=\"column\">\n\t\t\t<div class=\"elementor-widget-wrap elementor-element-populated\">\n\t\t\t\t\t\t<div class=\"elementor-element elementor-element-0291169 elementor-position-top elementor-widget elementor-widget-image-box\" data-id=\"0291169\" data-element_type=\"widget\" data-widget_type=\"image-box.default\">\n\t\t\t\t<div class=\"elementor-widget-container\">\n\t\t\t<div class=\"elementor-image-box-wrapper\"><figure class=\"elementor-image-box-img\"><img fetchpriority=\"high\" width=\"1920\" height=\"2560\" src=\"https:\/\/lesvergersdemothois.fr\/wp-content\/uploads\/2022\/02\/PXL_20220211_095038900-scaled.jpg\" class=\"attachment-full size-full wp-image-864\" alt=\"\" srcset=\"https:\/\/lesvergersdemothois.fr\/wp-content\/uploads\/2022\/02\/PXL_20220211_095038900-scaled.jpg 1920w, https:\/\/lesvergersdemothois.fr\/wp-content\/uploads\/2022\/02\/PXL_20220211_095038900-225x300.jpg 225w, https:\/\/lesvergersdemothois.fr\/wp-content\/uploads\/2022\/02\/PXL_20220211_095038900-768x1024.jpg 768w, https:\/\/lesvergersdemothois.fr\/wp-content\/uploads\/2022\/02\/PXL_20220211_095038900-1152x1536.jpg 1152w, https:\/\/lesvergersdemothois.fr\/wp-content\/uploads\/2022\/02\/PXL_20220211_095038900-1536x2048.jpg 1536w\" sizes=\"(max-width: 767px) 89vw, (max-width: 1000px) 54vw, (max-width: 1071px) 543px, 580px\" \/><\/figure><div class=\"elementor-image-box-content\"><h3 class=\"elementor-image-box-title\">Cider<\/h3><p class=\"elementor-image-box-description\"><span style=\"text-align: start; white-space: normal;\">No added sulphites<\/span><span style=\"text-align: start; white-space: normal;\">Natural fermentation and effervescence<\/span><br><span style=\"text-align: start; white-space: normal;\">4\u20ac a bottle<\/span><br><span style=\"text-align: start; white-space: normal;\">23\u20ac a carton of 6 bottles<\/span><\/p><\/div><\/div>\t\t<\/div>\n\t\t\t\t<\/div>\n\t\t\t\t\t<\/div>\n\t\t<\/div>\n\t\t\t\t<div class=\"elementor-column elementor-col-33 elementor-top-column elementor-element elementor-element-b58a0ea\" data-id=\"b58a0ea\" data-element_type=\"column\">\n\t\t\t<div class=\"elementor-widget-wrap elementor-element-populated\">\n\t\t\t\t\t\t<div class=\"elementor-element elementor-element-1897df5 elementor-position-top elementor-widget elementor-widget-image-box\" data-id=\"1897df5\" data-element_type=\"widget\" data-widget_type=\"image-box.default\">\n\t\t\t\t<div class=\"elementor-widget-container\">\n\t\t\t<div class=\"elementor-image-box-wrapper\"><figure class=\"elementor-image-box-img\"><a href=\"https:\/\/lesvergersdemothois.fr\/en\/mariviere\/\" tabindex=\"-1\"><img width=\"1920\" height=\"2560\" src=\"https:\/\/lesvergersdemothois.fr\/wp-content\/uploads\/2023\/12\/PXL_20231202_092434772-scaled.jpg\" class=\"attachment-full size-full wp-image-1399\" alt=\"\" srcset=\"https:\/\/lesvergersdemothois.fr\/wp-content\/uploads\/2023\/12\/PXL_20231202_092434772-scaled.jpg 1920w, https:\/\/lesvergersdemothois.fr\/wp-content\/uploads\/2023\/12\/PXL_20231202_092434772-225x300.jpg 225w, https:\/\/lesvergersdemothois.fr\/wp-content\/uploads\/2023\/12\/PXL_20231202_092434772-768x1024.jpg 768w, https:\/\/lesvergersdemothois.fr\/wp-content\/uploads\/2023\/12\/PXL_20231202_092434772-1152x1536.jpg 1152w, https:\/\/lesvergersdemothois.fr\/wp-content\/uploads\/2023\/12\/PXL_20231202_092434772-1536x2048.jpg 1536w\" sizes=\"(max-width: 767px) 89vw, (max-width: 1000px) 54vw, (max-width: 1071px) 543px, 580px\" \/><\/a><\/figure><div class=\"elementor-image-box-content\"><h3 class=\"elementor-image-box-title\"><a href=\"https:\/\/lesvergersdemothois.fr\/en\/mariviere\/\">Flavoured vinegars<\/a><\/h3><p class=\"elementor-image-box-description\"><b>Basil, Tarragon, Elderflower...<\/b><br>Synergy of Mothois Orchards' apple cider vinegar and Marivi\u00e8re's fresh infused plants <br>4\u20ac for the 25cl bottle<\/p><\/div><\/div>\t\t<\/div>\n\t\t\t\t<\/div>\n\t\t\t\t\t<\/div>\n\t\t<\/div>\n\t\t\t\t<div class=\"elementor-column elementor-col-33 elementor-top-column elementor-element elementor-element-707533c\" data-id=\"707533c\" data-element_type=\"column\">\n\t\t\t<div class=\"elementor-widget-wrap elementor-element-populated\">\n\t\t\t\t\t\t<div class=\"elementor-element elementor-element-d07e863 elementor-position-top elementor-widget elementor-widget-image-box\" data-id=\"d07e863\" data-element_type=\"widget\" data-widget_type=\"image-box.default\">\n\t\t\t\t<div class=\"elementor-widget-container\">\n\t\t\t<div class=\"elementor-image-box-wrapper\"><figure class=\"elementor-image-box-img\"><img width=\"1920\" height=\"2560\" src=\"https:\/\/lesvergersdemothois.fr\/wp-content\/uploads\/2022\/02\/PXL_20220211_095017276-scaled.jpg\" class=\"attachment-full size-full wp-image-863\" alt=\"\" srcset=\"https:\/\/lesvergersdemothois.fr\/wp-content\/uploads\/2022\/02\/PXL_20220211_095017276-scaled.jpg 1920w, https:\/\/lesvergersdemothois.fr\/wp-content\/uploads\/2022\/02\/PXL_20220211_095017276-225x300.jpg 225w, https:\/\/lesvergersdemothois.fr\/wp-content\/uploads\/2022\/02\/PXL_20220211_095017276-768x1024.jpg 768w, https:\/\/lesvergersdemothois.fr\/wp-content\/uploads\/2022\/02\/PXL_20220211_095017276-1152x1536.jpg 1152w, https:\/\/lesvergersdemothois.fr\/wp-content\/uploads\/2022\/02\/PXL_20220211_095017276-1536x2048.jpg 1536w\" sizes=\"(max-width: 767px) 89vw, (max-width: 1000px) 54vw, (max-width: 1071px) 543px, 580px\" \/><\/figure><div class=\"elementor-image-box-content\"><h3 class=\"elementor-image-box-title\">Apple juice<\/h3><p class=\"elementor-image-box-description\"><span style=\"text-align: start; white-space: normal;\">Pasteurised<\/span><br><span style=\"text-align: start; white-space: normal;\">3\u20ac a bottle<\/span><br><span style=\"text-align: start; white-space: normal;\">\u20ac17 for a case of 6 bottles<\/span><\/p><\/div><\/div>\t\t<\/div>\n\t\t\t\t<\/div>\n\t\t\t\t\t<\/div>\n\t\t<\/div>\n\t\t\t\t\t<\/div>\n\t\t<\/section>\n\t\t\t\t<section class=\"elementor-section elementor-top-section elementor-element elementor-element-586506c elementor-section-boxed elementor-section-height-default elementor-section-height-default\" data-id=\"586506c\" data-element_type=\"section\">\n\t\t\t\t\t\t<div class=\"elementor-container elementor-column-gap-default\">\n\t\t\t\t\t<div class=\"elementor-column elementor-col-33 elementor-top-column elementor-element elementor-element-5b8bcc9\" data-id=\"5b8bcc9\" data-element_type=\"column\">\n\t\t\t<div class=\"elementor-widget-wrap elementor-element-populated\">\n\t\t\t\t\t\t<div class=\"elementor-element elementor-element-c277c31 elementor-position-top elementor-widget elementor-widget-image-box\" data-id=\"c277c31\" data-element_type=\"widget\" data-widget_type=\"image-box.default\">\n\t\t\t\t<div class=\"elementor-widget-container\">\n\t\t\t<div class=\"elementor-image-box-wrapper\"><figure class=\"elementor-image-box-img\"><a href=\"https:\/\/lesvergersdemothois.fr\/en\/mariviere\/\" tabindex=\"-1\"><img loading=\"lazy\" width=\"1919\" height=\"2560\" src=\"https:\/\/lesvergersdemothois.fr\/wp-content\/uploads\/2023\/12\/tisane-scaled.jpg\" class=\"attachment-full size-full wp-image-1403\" alt=\"\" srcset=\"https:\/\/lesvergersdemothois.fr\/wp-content\/uploads\/2023\/12\/tisane-scaled.jpg 1919w, https:\/\/lesvergersdemothois.fr\/wp-content\/uploads\/2023\/12\/tisane-225x300.jpg 225w, https:\/\/lesvergersdemothois.fr\/wp-content\/uploads\/2023\/12\/tisane-768x1024.jpg 768w, https:\/\/lesvergersdemothois.fr\/wp-content\/uploads\/2023\/12\/tisane-1152x1536.jpg 1152w, https:\/\/lesvergersdemothois.fr\/wp-content\/uploads\/2023\/12\/tisane-1535x2048.jpg 1535w\" sizes=\"(max-width: 767px) 89vw, (max-width: 1000px) 54vw, (max-width: 1071px) 543px, 580px\" \/><\/a><\/figure><div class=\"elementor-image-box-content\"><h3 class=\"elementor-image-box-title\"><a href=\"https:\/\/lesvergersdemothois.fr\/en\/mariviere\/\">Herbal teas<\/a><\/h3><p class=\"elementor-image-box-description\">Simple herbal teas (1 plant): \u20ac5    <br><b>Verbena, Linden...<\/b>\nHerbal teabaskets: \u00a35.80<br><b>Merry Christmas, Holy Night...<\/b>\n20g sachets<\/p><\/div><\/div>\t\t<\/div>\n\t\t\t\t<\/div>\n\t\t\t\t\t<\/div>\n\t\t<\/div>\n\t\t\t\t<div class=\"elementor-column elementor-col-33 elementor-top-column elementor-element elementor-element-99486f0\" data-id=\"99486f0\" data-element_type=\"column\">\n\t\t\t<div class=\"elementor-widget-wrap elementor-element-populated\">\n\t\t\t\t\t\t<div class=\"elementor-element elementor-element-0f2fdda elementor-position-top elementor-widget elementor-widget-image-box\" data-id=\"0f2fdda\" data-element_type=\"widget\" data-widget_type=\"image-box.default\">\n\t\t\t\t<div class=\"elementor-widget-container\">\n\t\t\t<div class=\"elementor-image-box-wrapper\"><figure class=\"elementor-image-box-img\"><img loading=\"lazy\" width=\"1920\" height=\"2560\" src=\"https:\/\/lesvergersdemothois.fr\/wp-content\/uploads\/2022\/11\/PXL_20221117_093526490-scaled.jpg\" class=\"attachment-full size-full wp-image-1212\" alt=\"\" srcset=\"https:\/\/lesvergersdemothois.fr\/wp-content\/uploads\/2022\/11\/PXL_20221117_093526490-scaled.jpg 1920w, https:\/\/lesvergersdemothois.fr\/wp-content\/uploads\/2022\/11\/PXL_20221117_093526490-225x300.jpg 225w, https:\/\/lesvergersdemothois.fr\/wp-content\/uploads\/2022\/11\/PXL_20221117_093526490-768x1024.jpg 768w, https:\/\/lesvergersdemothois.fr\/wp-content\/uploads\/2022\/11\/PXL_20221117_093526490-1152x1536.jpg 1152w, https:\/\/lesvergersdemothois.fr\/wp-content\/uploads\/2022\/11\/PXL_20221117_093526490-1536x2048.jpg 1536w\" sizes=\"(max-width: 767px) 89vw, (max-width: 1000px) 54vw, (max-width: 1071px) 543px, 580px\" \/><\/figure><div class=\"elementor-image-box-content\"><h3 class=\"elementor-image-box-title\">Honey<\/h3><p class=\"elementor-image-box-description\">\u20ac8 for the 500g pot<br>Beehives installed on the farm and managed by Mr Jean-Fran\u00e7ois Knoops<br>Spring honey: apple blossom<br>Summer honey on the right: all flowers<\/p><\/div><\/div>\t\t<\/div>\n\t\t\t\t<\/div>\n\t\t\t\t\t<\/div>\n\t\t<\/div>\n\t\t\t\t<div class=\"elementor-column elementor-col-33 elementor-top-column elementor-element elementor-element-9d71d41\" data-id=\"9d71d41\" data-element_type=\"column\">\n\t\t\t<div class=\"elementor-widget-wrap elementor-element-populated\">\n\t\t\t\t\t\t<div class=\"elementor-element elementor-element-3e6cb3f elementor-position-top elementor-widget elementor-widget-image-box\" data-id=\"3e6cb3f\" data-element_type=\"widget\" data-widget_type=\"image-box.default\">\n\t\t\t\t<div class=\"elementor-widget-container\">\n\t\t\t<div class=\"elementor-image-box-wrapper\"><figure class=\"elementor-image-box-img\"><a href=\"https:\/\/lesvergersdemothois.fr\/en\/mariviere\/\" tabindex=\"-1\"><img loading=\"lazy\" width=\"1920\" height=\"2560\" src=\"https:\/\/lesvergersdemothois.fr\/wp-content\/uploads\/2023\/12\/photo-site-scaled.jpg\" class=\"attachment-full size-full wp-image-1394\" alt=\"\" srcset=\"https:\/\/lesvergersdemothois.fr\/wp-content\/uploads\/2023\/12\/photo-site-scaled.jpg 1920w, https:\/\/lesvergersdemothois.fr\/wp-content\/uploads\/2023\/12\/photo-site-225x300.jpg 225w, https:\/\/lesvergersdemothois.fr\/wp-content\/uploads\/2023\/12\/photo-site-768x1024.jpg 768w, https:\/\/lesvergersdemothois.fr\/wp-content\/uploads\/2023\/12\/photo-site-1152x1536.jpg 1152w, https:\/\/lesvergersdemothois.fr\/wp-content\/uploads\/2023\/12\/photo-site-1536x2048.jpg 1536w\" sizes=\"(max-width: 767px) 89vw, (max-width: 1000px) 54vw, (max-width: 1071px) 543px, 580px\" \/><\/a><\/figure><div class=\"elementor-image-box-content\"><h3 class=\"elementor-image-box-title\"><a href=\"https:\/\/lesvergersdemothois.fr\/en\/mariviere\/\">Syrups<\/a><\/h3><p class=\"elementor-image-box-description\">4,80\u20ac for a 25cl bottle<br><b>Raspberry, Rose Geranium, Elderflower, Lemon Balm...<\/b><br>To be consumed diluted in a drink or neat to flavour your dishes and desserts.<\/p><\/div><\/div>\t\t<\/div>\n\t\t\t\t<\/div>\n\t\t\t\t\t<\/div>\n\t\t<\/div>\n\t\t\t\t\t<\/div>\n\t\t<\/section>\n\t\t\t\t<section class=\"elementor-section elementor-top-section elementor-element elementor-element-2bafc28 elementor-section-boxed elementor-section-height-default elementor-section-height-default\" data-id=\"2bafc28\" data-element_type=\"section\">\n\t\t\t\t\t\t<div class=\"elementor-container elementor-column-gap-default\">\n\t\t\t\t\t<div class=\"elementor-column elementor-col-33 elementor-top-column elementor-element elementor-element-64ec4a8\" data-id=\"64ec4a8\" data-element_type=\"column\">\n\t\t\t<div class=\"elementor-widget-wrap elementor-element-populated\">\n\t\t\t\t\t\t<div class=\"elementor-element elementor-element-86a5510 elementor-position-top elementor-widget elementor-widget-image-box\" data-id=\"86a5510\" data-element_type=\"widget\" data-widget_type=\"image-box.default\">\n\t\t\t\t<div class=\"elementor-widget-container\">\n\t\t\t<div class=\"elementor-image-box-wrapper\"><figure class=\"elementor-image-box-img\"><img loading=\"lazy\" width=\"1919\" height=\"2560\" src=\"https:\/\/lesvergersdemothois.fr\/wp-content\/uploads\/2022\/11\/PXL_20221117_0927501202-scaled.jpg\" class=\"attachment-full size-full wp-image-1211\" alt=\"\" srcset=\"https:\/\/lesvergersdemothois.fr\/wp-content\/uploads\/2022\/11\/PXL_20221117_0927501202-scaled.jpg 1919w, https:\/\/lesvergersdemothois.fr\/wp-content\/uploads\/2022\/11\/PXL_20221117_0927501202-225x300.jpg 225w, https:\/\/lesvergersdemothois.fr\/wp-content\/uploads\/2022\/11\/PXL_20221117_0927501202-768x1024.jpg 768w, https:\/\/lesvergersdemothois.fr\/wp-content\/uploads\/2022\/11\/PXL_20221117_0927501202-1152x1536.jpg 1152w, https:\/\/lesvergersdemothois.fr\/wp-content\/uploads\/2022\/11\/PXL_20221117_0927501202-1536x2048.jpg 1536w\" sizes=\"(max-width: 767px) 89vw, (max-width: 1000px) 54vw, (max-width: 1071px) 543px, 580px\" \/><\/figure><div class=\"elementor-image-box-content\"><h3 class=\"elementor-image-box-title\">Apple cider vinegar<\/h3><p class=\"elementor-image-box-description\"><span style=\"text-align: start; white-space: normal;\">Natural fermentation of farm cider<\/span><br><span style=\"text-align: start; white-space: normal;\">\u00a32.50 for a 500ml bottle<\/span><\/p><\/div><\/div>\t\t<\/div>\n\t\t\t\t<\/div>\n\t\t\t\t<div class=\"elementor-element elementor-element-b18d8b9 elementor-widget elementor-widget-image-box\" data-id=\"b18d8b9\" data-element_type=\"widget\" data-widget_type=\"image-box.default\">\n\t\t\t\t<div class=\"elementor-widget-container\">\n\t\t\t<div class=\"elementor-image-box-wrapper\"><div class=\"elementor-image-box-content\"><h3 class=\"elementor-image-box-title\"><a href=\"https:\/\/lesvergersdemothois.fr\/en\/mariviere\/\">Apple compote<\/a><\/h3><p class=\"elementor-image-box-description\">The 620g pot: \u20ac5.50<br><\/p><\/div><\/div>\t\t<\/div>\n\t\t\t\t<\/div>\n\t\t\t\t\t<\/div>\n\t\t<\/div>\n\t\t\t\t<div class=\"elementor-column elementor-col-33 elementor-top-column elementor-element elementor-element-71b70fa\" data-id=\"71b70fa\" data-element_type=\"column\">\n\t\t\t<div class=\"elementor-widget-wrap elementor-element-populated\">\n\t\t\t\t\t\t<div class=\"elementor-element elementor-element-42e5aa8 elementor-position-top elementor-widget elementor-widget-image-box\" data-id=\"42e5aa8\" data-element_type=\"widget\" data-widget_type=\"image-box.default\">\n\t\t\t\t<div class=\"elementor-widget-container\">\n\t\t\t<div class=\"elementor-image-box-wrapper\"><figure class=\"elementor-image-box-img\"><a href=\"https:\/\/lesvergersdemothois.fr\/index.php\/pommes-de-table\/\" tabindex=\"-1\"><img loading=\"lazy\" width=\"1919\" height=\"2560\" src=\"https:\/\/lesvergersdemothois.fr\/wp-content\/uploads\/2022\/11\/PXL_20221117_0943363452-scaled.jpg\" class=\"attachment-full size-full wp-image-1227\" alt=\"\" srcset=\"https:\/\/lesvergersdemothois.fr\/wp-content\/uploads\/2022\/11\/PXL_20221117_0943363452-scaled.jpg 1919w, https:\/\/lesvergersdemothois.fr\/wp-content\/uploads\/2022\/11\/PXL_20221117_0943363452-225x300.jpg 225w, https:\/\/lesvergersdemothois.fr\/wp-content\/uploads\/2022\/11\/PXL_20221117_0943363452-768x1024.jpg 768w, https:\/\/lesvergersdemothois.fr\/wp-content\/uploads\/2022\/11\/PXL_20221117_0943363452-1152x1536.jpg 1152w, https:\/\/lesvergersdemothois.fr\/wp-content\/uploads\/2022\/11\/PXL_20221117_0943363452-1535x2048.jpg 1535w\" sizes=\"(max-width: 767px) 89vw, (max-width: 1000px) 54vw, (max-width: 1071px) 543px, 580px\" \/><\/a><\/figure><div class=\"elementor-image-box-content\"><h3 class=\"elementor-image-box-title\"><a href=\"https:\/\/lesvergersdemothois.fr\/index.php\/pommes-de-table\/\">Apples<\/a><\/h3><p class=\"elementor-image-box-description\">Find our <b>Jonagored, Chantecler, Cox Orange, Boskoop Rouge and Idared<\/b> from October 2025 on the farm.<\/p><\/div><\/div>\t\t<\/div>\n\t\t\t\t<\/div>\n\t\t\t\t<div class=\"elementor-element elementor-element-f0837a7 elementor-position-top elementor-widget elementor-widget-image-box\" data-id=\"f0837a7\" data-element_type=\"widget\" data-widget_type=\"image-box.default\">\n\t\t\t\t<div class=\"elementor-widget-container\">\n\t\t\t<div class=\"elementor-image-box-wrapper\"><figure class=\"elementor-image-box-img\"><a href=\"https:\/\/lesvergersdemothois.fr\/en\/mariviere\/\" tabindex=\"-1\"><img loading=\"lazy\" width=\"400\" height=\"267\" src=\"https:\/\/lesvergersdemothois.fr\/wp-content\/uploads\/2018\/12\/IMG_Gel\u00e9e.jpg\" class=\"attachment-full size-full wp-image-193\" alt=\"\" srcset=\"https:\/\/lesvergersdemothois.fr\/wp-content\/uploads\/2018\/12\/IMG_Gel\u00e9e.jpg 400w, https:\/\/lesvergersdemothois.fr\/wp-content\/uploads\/2018\/12\/IMG_Gel\u00e9e-300x200.jpg 300w\" sizes=\"(max-width: 400px) 100vw, 400px\" \/><\/a><\/figure><div class=\"elementor-image-box-content\"><h3 class=\"elementor-image-box-title\"><a href=\"https:\/\/lesvergersdemothois.fr\/en\/mariviere\/\">Apple jelly<\/a><\/h3><p class=\"elementor-image-box-description\">The 330g jar: \u20ac5<br><\/p><\/div><\/div>\t\t<\/div>\n\t\t\t\t<\/div>\n\t\t\t\t\t<\/div>\n\t\t<\/div>\n\t\t\t\t<div class=\"elementor-column elementor-col-33 elementor-top-column elementor-element elementor-element-d2d51b7\" data-id=\"d2d51b7\" data-element_type=\"column\">\n\t\t\t<div class=\"elementor-widget-wrap elementor-element-populated\">\n\t\t\t\t\t\t<div class=\"elementor-element elementor-element-475d160 elementor-position-top elementor-widget elementor-widget-image-box\" data-id=\"475d160\" data-element_type=\"widget\" data-widget_type=\"image-box.default\">\n\t\t\t\t<div class=\"elementor-widget-container\">\n\t\t\t<div class=\"elementor-image-box-wrapper\"><figure class=\"elementor-image-box-img\"><a href=\"https:\/\/lesvergersdemothois.fr\/en\/mariviere\/\" tabindex=\"-1\"><img loading=\"lazy\" width=\"2560\" height=\"1920\" src=\"https:\/\/lesvergersdemothois.fr\/wp-content\/uploads\/2025\/12\/PXL_20251205_140429304-scaled.jpg\" class=\"attachment-full size-full wp-image-1667\" alt=\"\" srcset=\"https:\/\/lesvergersdemothois.fr\/wp-content\/uploads\/2025\/12\/PXL_20251205_140429304-scaled.jpg 2560w, https:\/\/lesvergersdemothois.fr\/wp-content\/uploads\/2025\/12\/PXL_20251205_140429304-300x225.jpg 300w, https:\/\/lesvergersdemothois.fr\/wp-content\/uploads\/2025\/12\/PXL_20251205_140429304-1024x768.jpg 1024w, https:\/\/lesvergersdemothois.fr\/wp-content\/uploads\/2025\/12\/PXL_20251205_140429304-768x576.jpg 768w, https:\/\/lesvergersdemothois.fr\/wp-content\/uploads\/2025\/12\/PXL_20251205_140429304-1536x1152.jpg 1536w, https:\/\/lesvergersdemothois.fr\/wp-content\/uploads\/2025\/12\/PXL_20251205_140429304-2048x1536.jpg 2048w\" sizes=\"(max-width: 767px) 89vw, (max-width: 1000px) 54vw, (max-width: 1071px) 543px, 580px\" \/><\/a><\/figure><div class=\"elementor-image-box-content\"><h3 class=\"elementor-image-box-title\"><a href=\"https:\/\/lesvergersdemothois.fr\/en\/mariviere\/\">The \"Rosat\" Packs\"<\/a><\/h3><p class=\"elementor-image-box-description\">Aperitifs to offer.<br><b>Small Pack: \u20ac9<\/b><br>- 1 bottle of Rosat Cider 33cl (estate cider infused with Rose Geranium)<br>- 1 bottle of Rosat Apple Juice 25cl (Orchard apple juice infused with rose geranium) <br><br><b>Grand Pack: 14\u20ac<\/b><br>- 1 Cider Ros\u00e9 33cl<br>- 1 Apple Rosat Juice 25cl <br>- 1 syrup of Rose Geranium (to be consumed in Kir, Kir Royal, with fresh sparkling water, or to sweeten and flavour your desserts...)<\/p><\/div><\/div>\t\t<\/div>\n\t\t\t\t<\/div>\n\t\t\t\t\t<\/div>\n\t\t<\/div>\n\t\t\t\t\t<\/div>\n\t\t<\/section>\n\t\t\t\t<\/div>","protected":false},"excerpt":{"rendered":"<p>Cidre Sans sulfite ajout\u00e9, fermentation et prise de mousse naturelles4\u20ac la bouteille23\u20ac le carton de 6 bouteilles Vinaigres aromatis\u00e9s Basilic, Estragon, Sureau&#8230;Synergie du vinaigre de cidre des Vergers de Mothois et des plantes infus\u00e9es fra\u00eeches de Marivi\u00e8re 4\u20ac la bouteille de 25cl Jus de Pomme Pasteuris\u00e93\u20ac la bouteille17\u20ac le carton de 6 bouteilles Tisanes Tisanes &hellip; <\/p>\n<p class=\"link-more\"><a href=\"https:\/\/lesvergersdemothois.fr\/en\/produits\/\" class=\"more-link\">Continue reading<span class=\"screen-reader-text\"> \u00ab\u00a0Produits\u00a0\u00bb<\/span><\/a><\/p>","protected":false},"author":1,"featured_media":0,"parent":0,"menu_order":0,"comment_status":"closed","ping_status":"closed","template":"","meta":[],"_links":{"self":[{"href":"https:\/\/lesvergersdemothois.fr\/en\/wp-json\/wp\/v2\/pages\/55"}],"collection":[{"href":"https:\/\/lesvergersdemothois.fr\/en\/wp-json\/wp\/v2\/pages"}],"about":[{"href":"https:\/\/lesvergersdemothois.fr\/en\/wp-json\/wp\/v2\/types\/page"}],"author":[{"embeddable":true,"href":"https:\/\/lesvergersdemothois.fr\/en\/wp-json\/wp\/v2\/users\/1"}],"replies":[{"embeddable":true,"href":"https:\/\/lesvergersdemothois.fr\/en\/wp-json\/wp\/v2\/comments?post=55"}],"version-history":[{"count":72,"href":"https:\/\/lesvergersdemothois.fr\/en\/wp-json\/wp\/v2\/pages\/55\/revisions"}],"predecessor-version":[{"id":1673,"href":"https:\/\/lesvergersdemothois.fr\/en\/wp-json\/wp\/v2\/pages\/55\/revisions\/1673"}],"wp:attachment":[{"href":"https:\/\/lesvergersdemothois.fr\/en\/wp-json\/wp\/v2\/media?parent=55"}],"curies":[{"name":"wp","href":"https:\/\/api.w.org\/{rel}","templated":true}]}}