{"id":7,"date":"2018-12-28T19:00:00","date_gmt":"2018-12-28T18:00:00","guid":{"rendered":"http:\/\/lesvergersdemothois.fr\/?page_id=7"},"modified":"2019-01-19T22:15:01","modified_gmt":"2019-01-19T21:15:01","slug":"arboriculture","status":"publish","type":"page","link":"https:\/\/lesvergersdemothois.fr\/en\/arboriculture\/","title":{"rendered":"arboriculture"},"content":{"rendered":"<div data-elementor-type=\"wp-post\" data-elementor-id=\"7\" class=\"elementor elementor-7 elementor-bc-flex-widget\">\n\t\t\t\t\t\t<section class=\"elementor-section elementor-top-section elementor-element elementor-element-97f1a8f elementor-section-boxed elementor-section-height-default elementor-section-height-default\" data-id=\"97f1a8f\" data-element_type=\"section\">\n\t\t\t\t\t\t<div class=\"elementor-container elementor-column-gap-default\">\n\t\t\t\t\t<div class=\"elementor-column elementor-col-33 elementor-top-column elementor-element elementor-element-8bcfdf9\" data-id=\"8bcfdf9\" data-element_type=\"column\">\n\t\t\t<div class=\"elementor-widget-wrap elementor-element-populated\">\n\t\t\t\t\t\t<div class=\"elementor-element elementor-element-b0589d5 elementor-widget elementor-widget-image\" data-id=\"b0589d5\" data-element_type=\"widget\" data-widget_type=\"image.default\">\n\t\t\t\t<div class=\"elementor-widget-container\">\n\t\t\t\t\t\t\t\t\t\t\t\t\t<img fetchpriority=\"high\" width=\"525\" height=\"350\" src=\"https:\/\/lesvergersdemothois.fr\/wp-content\/uploads\/2018\/12\/Ballade_1016_VL-56-1024x683.jpg\" class=\"attachment-large size-large wp-image-213\" alt=\"\" srcset=\"https:\/\/lesvergersdemothois.fr\/wp-content\/uploads\/2018\/12\/Ballade_1016_VL-56-1024x683.jpg 1024w, https:\/\/lesvergersdemothois.fr\/wp-content\/uploads\/2018\/12\/Ballade_1016_VL-56-300x200.jpg 300w, https:\/\/lesvergersdemothois.fr\/wp-content\/uploads\/2018\/12\/Ballade_1016_VL-56-768x512.jpg 768w\" sizes=\"100vw\" \/>\t\t\t\t\t\t\t\t\t\t\t\t\t<\/div>\n\t\t\t\t<\/div>\n\t\t\t\t\t<\/div>\n\t\t<\/div>\n\t\t\t\t<div class=\"elementor-column elementor-col-33 elementor-top-column elementor-element elementor-element-df803dc\" data-id=\"df803dc\" data-element_type=\"column\">\n\t\t\t<div class=\"elementor-widget-wrap elementor-element-populated\">\n\t\t\t\t\t\t<div class=\"elementor-element elementor-element-0cb7c4c elementor-widget elementor-widget-image\" data-id=\"0cb7c4c\" data-element_type=\"widget\" data-widget_type=\"image.default\">\n\t\t\t\t<div class=\"elementor-widget-container\">\n\t\t\t\t\t\t\t\t\t\t\t\t\t<img width=\"300\" height=\"218\" src=\"https:\/\/lesvergersdemothois.fr\/wp-content\/uploads\/2018\/12\/abeille.jpg\" class=\"attachment-large size-large wp-image-187\" alt=\"\" sizes=\"100vw\" \/>\t\t\t\t\t\t\t\t\t\t\t\t\t<\/div>\n\t\t\t\t<\/div>\n\t\t\t\t\t<\/div>\n\t\t<\/div>\n\t\t\t\t<div class=\"elementor-column elementor-col-33 elementor-top-column elementor-element elementor-element-a3c2bce\" data-id=\"a3c2bce\" data-element_type=\"column\">\n\t\t\t<div class=\"elementor-widget-wrap elementor-element-populated\">\n\t\t\t\t\t\t<div class=\"elementor-element elementor-element-ec87ea8 elementor-widget elementor-widget-image\" data-id=\"ec87ea8\" data-element_type=\"widget\" data-widget_type=\"image.default\">\n\t\t\t\t<div class=\"elementor-widget-container\">\n\t\t\t\t\t\t\t\t\t\t\t\t\t<img width=\"300\" height=\"200\" src=\"https:\/\/lesvergersdemothois.fr\/wp-content\/uploads\/2018\/12\/IMG_pomme-8945.jpg\" class=\"attachment-large size-large wp-image-195\" alt=\"\" sizes=\"100vw\" \/>\t\t\t\t\t\t\t\t\t\t\t\t\t<\/div>\n\t\t\t\t<\/div>\n\t\t\t\t\t<\/div>\n\t\t<\/div>\n\t\t\t\t\t<\/div>\n\t\t<\/section>\n\t\t\t\t<section class=\"elementor-section elementor-top-section elementor-element elementor-element-bf5e420 elementor-section-boxed elementor-section-height-default elementor-section-height-default\" data-id=\"bf5e420\" data-element_type=\"section\">\n\t\t\t\t\t\t<div class=\"elementor-container elementor-column-gap-default\">\n\t\t\t\t\t<div class=\"elementor-column elementor-col-100 elementor-top-column elementor-element elementor-element-b08c199\" data-id=\"b08c199\" data-element_type=\"column\">\n\t\t\t<div class=\"elementor-widget-wrap elementor-element-populated\">\n\t\t\t\t\t\t<div class=\"elementor-element elementor-element-24fb965 elementor-widget elementor-widget-text-editor\" data-id=\"24fb965\" data-element_type=\"widget\" data-widget_type=\"text-editor.default\">\n\t\t\t\t<div class=\"elementor-widget-container\">\n\t\t\t\t\t\t\t<p>La ferme compte 54 ha de vergers de pommiers \u00e0 cidre et 1 ha de pommiers \u00e0 couteaux.<\/p><p>Les <a href=\"http:\/\/lesvergersdemothois.fr\/index.php\/pommes-de-table\/\">pommes de table<\/a> sont produites pour la vente \u00e0 la ferme exclusivement. Elles sont cueillies \u00e0 la main et stock\u00e9es en chambre froide.<\/p><p>Les <a href=\"http:\/\/lesvergersdemothois.fr\/index.php\/pommes-a-cidre\/\">pommes \u00e0 cidre<\/a> sont r\u00e9colt\u00e9es m\u00e9caniquement et exp\u00e9di\u00e9es en camions vers les cidreries de la coop\u00e9rative AGRIAL pour \u00e9laborer les cidres Lo\u00efc Raison et\u00a0 Ecusson.<\/p>\t\t\t\t\t\t<\/div>\n\t\t\t\t<\/div>\n\t\t\t\t\t<\/div>\n\t\t<\/div>\n\t\t\t\t\t<\/div>\n\t\t<\/section>\n\t\t\t\t<\/div>","protected":false},"excerpt":{"rendered":"<p>La ferme compte 54 ha de vergers de pommiers \u00e0 cidre et 1 ha de pommiers \u00e0 couteaux. Les pommes de table sont produites pour la vente \u00e0 la ferme exclusivement. Elles sont cueillies \u00e0 la main et stock\u00e9es en chambre froide. Les pommes \u00e0 cidre sont r\u00e9colt\u00e9es m\u00e9caniquement et exp\u00e9di\u00e9es en camions vers les &hellip; <\/p>\n<p class=\"link-more\"><a href=\"https:\/\/lesvergersdemothois.fr\/en\/arboriculture\/\" class=\"more-link\">Continue reading<span class=\"screen-reader-text\"> \u00ab\u00a0arboriculture\u00a0\u00bb<\/span><\/a><\/p>","protected":false},"author":1,"featured_media":0,"parent":0,"menu_order":0,"comment_status":"closed","ping_status":"closed","template":"","meta":[],"_links":{"self":[{"href":"https:\/\/lesvergersdemothois.fr\/en\/wp-json\/wp\/v2\/pages\/7"}],"collection":[{"href":"https:\/\/lesvergersdemothois.fr\/en\/wp-json\/wp\/v2\/pages"}],"about":[{"href":"https:\/\/lesvergersdemothois.fr\/en\/wp-json\/wp\/v2\/types\/page"}],"author":[{"embeddable":true,"href":"https:\/\/lesvergersdemothois.fr\/en\/wp-json\/wp\/v2\/users\/1"}],"replies":[{"embeddable":true,"href":"https:\/\/lesvergersdemothois.fr\/en\/wp-json\/wp\/v2\/comments?post=7"}],"version-history":[{"count":7,"href":"https:\/\/lesvergersdemothois.fr\/en\/wp-json\/wp\/v2\/pages\/7\/revisions"}],"predecessor-version":[{"id":270,"href":"https:\/\/lesvergersdemothois.fr\/en\/wp-json\/wp\/v2\/pages\/7\/revisions\/270"}],"wp:attachment":[{"href":"https:\/\/lesvergersdemothois.fr\/en\/wp-json\/wp\/v2\/media?parent=7"}],"curies":[{"name":"wp","href":"https:\/\/api.w.org\/{rel}","templated":true}]}}