{"id":84,"date":"2018-12-28T23:12:16","date_gmt":"2018-12-28T22:12:16","guid":{"rendered":"http:\/\/lesvergersdemothois.fr\/?page_id=84"},"modified":"2024-11-18T11:20:38","modified_gmt":"2024-11-18T10:20:38","slug":"pommes-de-table","status":"publish","type":"page","link":"https:\/\/lesvergersdemothois.fr\/en\/pommes-de-table\/","title":{"rendered":"Table apples"},"content":{"rendered":"<div data-elementor-type=\"wp-post\" data-elementor-id=\"84\" class=\"elementor elementor-84\">\n\t\t\t\t\t\t<section class=\"elementor-section elementor-top-section elementor-element elementor-element-546d599 elementor-section-boxed elementor-section-height-default elementor-section-height-default\" data-id=\"546d599\" data-element_type=\"section\">\n\t\t\t\t\t\t<div class=\"elementor-container elementor-column-gap-default\">\n\t\t\t\t\t<div class=\"elementor-column elementor-col-100 elementor-top-column elementor-element elementor-element-fb5f8fd\" data-id=\"fb5f8fd\" data-element_type=\"column\">\n\t\t\t<div class=\"elementor-widget-wrap elementor-element-populated\">\n\t\t\t\t\t\t<div class=\"elementor-element elementor-element-684c0b4 elementor-widget elementor-widget-heading\" data-id=\"684c0b4\" data-element_type=\"widget\" data-widget_type=\"heading.default\">\n\t\t\t\t<div class=\"elementor-widget-container\">\n\t\t\t<h2 class=\"elementor-heading-title elementor-size-default\">Nos vari\u00e9t\u00e9s<\/h2>\t\t<\/div>\n\t\t\t\t<\/div>\n\t\t\t\t\t<\/div>\n\t\t<\/div>\n\t\t\t\t\t<\/div>\n\t\t<\/section>\n\t\t\t\t<section class=\"elementor-section elementor-top-section elementor-element elementor-element-66a9f4b elementor-section-boxed elementor-section-height-default elementor-section-height-default\" data-id=\"66a9f4b\" data-element_type=\"section\">\n\t\t\t\t\t\t<div class=\"elementor-container elementor-column-gap-default\">\n\t\t\t\t\t<div class=\"elementor-column elementor-col-33 elementor-top-column elementor-element elementor-element-50d60cb\" data-id=\"50d60cb\" data-element_type=\"column\">\n\t\t\t<div class=\"elementor-widget-wrap elementor-element-populated\">\n\t\t\t\t\t\t<div class=\"elementor-element elementor-element-a7df454 elementor-position-top elementor-widget elementor-widget-image-box\" data-id=\"a7df454\" data-element_type=\"widget\" data-widget_type=\"image-box.default\">\n\t\t\t\t<div class=\"elementor-widget-container\">\n\t\t\t<div class=\"elementor-image-box-wrapper\"><figure class=\"elementor-image-box-img\"><img src=\"https:\/\/lesvergersdemothois.fr\/wp-content\/uploads\/elementor\/thumbs\/PXL_20221117_0943176422-scaled-pxuflq62qe9bjrnqqy2ce2a1x1u1ee2p12kmlxflew.jpg\" title=\"PXL_20221117_094317642~2\" alt=\"PXL_20221117_094317642~2\" loading=\"lazy\" \/><\/figure><div class=\"elementor-image-box-content\"><h3 class=\"elementor-image-box-title\">Jonagored<\/h3><\/div><\/div>\t\t<\/div>\n\t\t\t\t<\/div>\n\t\t\t\t\t<\/div>\n\t\t<\/div>\n\t\t\t\t<div class=\"elementor-column elementor-col-33 elementor-top-column elementor-element elementor-element-7de9be9\" data-id=\"7de9be9\" data-element_type=\"column\">\n\t\t\t<div class=\"elementor-widget-wrap elementor-element-populated\">\n\t\t\t\t\t\t<div class=\"elementor-element elementor-element-bdb3a96 elementor-position-top elementor-widget elementor-widget-image-box\" data-id=\"bdb3a96\" data-element_type=\"widget\" data-widget_type=\"image-box.default\">\n\t\t\t\t<div class=\"elementor-widget-container\">\n\t\t\t<div class=\"elementor-image-box-wrapper\"><figure class=\"elementor-image-box-img\"><img src=\"https:\/\/lesvergersdemothois.fr\/wp-content\/uploads\/elementor\/thumbs\/PXL_20221117_0943104042-scaled-pxuf8q2g6wgixyjoobq4wcei35x8x4gd8potm4pnhk.jpg\" title=\"PXL_20221117_094310404~2\" alt=\"PXL_20221117_094310404~2\" loading=\"lazy\" \/><\/figure><div class=\"elementor-image-box-content\"><h3 class=\"elementor-image-box-title\">Boskoop rouge<\/h3><\/div><\/div>\t\t<\/div>\n\t\t\t\t<\/div>\n\t\t\t\t\t<\/div>\n\t\t<\/div>\n\t\t\t\t<div class=\"elementor-column elementor-col-33 elementor-top-column elementor-element elementor-element-a2ab731\" data-id=\"a2ab731\" data-element_type=\"column\">\n\t\t\t<div class=\"elementor-widget-wrap elementor-element-populated\">\n\t\t\t\t\t\t<div class=\"elementor-element elementor-element-86d745c elementor-position-top elementor-widget elementor-widget-image-box\" data-id=\"86d745c\" data-element_type=\"widget\" data-widget_type=\"image-box.default\">\n\t\t\t\t<div class=\"elementor-widget-container\">\n\t\t\t<div class=\"elementor-image-box-wrapper\"><figure class=\"elementor-image-box-img\"><img src=\"https:\/\/lesvergersdemothois.fr\/wp-content\/uploads\/elementor\/thumbs\/PXL_20221117_0942550912-scaled-pxuf7c904okbumk1r86wq6z2lqqsl5yldv436grinc.jpg\" title=\"PXL_20221117_094255091~2\" alt=\"PXL_20221117_094255091~2\" loading=\"lazy\" \/><\/figure><div class=\"elementor-image-box-content\"><h3 class=\"elementor-image-box-title\">Cox orange<\/h3><\/div><\/div>\t\t<\/div>\n\t\t\t\t<\/div>\n\t\t\t\t\t<\/div>\n\t\t<\/div>\n\t\t\t\t\t<\/div>\n\t\t<\/section>\n\t\t\t\t<section class=\"elementor-section elementor-top-section elementor-element elementor-element-d412861 elementor-section-boxed elementor-section-height-default elementor-section-height-default\" data-id=\"d412861\" data-element_type=\"section\">\n\t\t\t\t\t\t<div class=\"elementor-container elementor-column-gap-default\">\n\t\t\t\t\t<div class=\"elementor-column elementor-col-33 elementor-top-column elementor-element elementor-element-f849f51\" data-id=\"f849f51\" data-element_type=\"column\">\n\t\t\t<div class=\"elementor-widget-wrap elementor-element-populated\">\n\t\t\t\t\t\t<div class=\"elementor-element elementor-element-de24f79 elementor-position-top elementor-widget elementor-widget-image-box\" data-id=\"de24f79\" data-element_type=\"widget\" data-widget_type=\"image-box.default\">\n\t\t\t\t<div class=\"elementor-widget-container\">\n\t\t\t<div class=\"elementor-image-box-wrapper\"><figure class=\"elementor-image-box-img\"><img src=\"https:\/\/lesvergersdemothois.fr\/wp-content\/uploads\/elementor\/thumbs\/PXL_20221117_0943024702-scaled-pxuf83ibmvln7bggc1z38i3ftx0fsdyt5m163hn3mw.jpg\" title=\"PXL_20221117_094302470~2\" alt=\"PXL_20221117_094302470~2\" loading=\"lazy\" \/><\/figure><div class=\"elementor-image-box-content\"><h3 class=\"elementor-image-box-title\">Chantecler<\/h3><\/div><\/div>\t\t<\/div>\n\t\t\t\t<\/div>\n\t\t\t\t\t<\/div>\n\t\t<\/div>\n\t\t\t\t<div class=\"elementor-column elementor-col-33 elementor-top-column elementor-element elementor-element-588682e\" data-id=\"588682e\" data-element_type=\"column\">\n\t\t\t<div class=\"elementor-widget-wrap elementor-element-populated\">\n\t\t\t\t\t\t<div class=\"elementor-element elementor-element-625d91b elementor-position-top elementor-widget elementor-widget-image-box\" data-id=\"625d91b\" data-element_type=\"widget\" data-widget_type=\"image-box.default\">\n\t\t\t\t<div class=\"elementor-widget-container\">\n\t\t\t<div class=\"elementor-image-box-wrapper\"><figure class=\"elementor-image-box-img\"><img src=\"https:\/\/lesvergersdemothois.fr\/wp-content\/uploads\/elementor\/thumbs\/PXL_20221117_094246267-scaled-pxuf6lxitbkatjma0wtcsdm5yyciln23y8uhqpujhk.jpg\" title=\"PXL_20221117_094246267\" alt=\"PXL_20221117_094246267\" loading=\"lazy\" \/><\/figure><div class=\"elementor-image-box-content\"><h3 class=\"elementor-image-box-title\">Reine des reinettes<\/h3><\/div><\/div>\t\t<\/div>\n\t\t\t\t<\/div>\n\t\t\t\t\t<\/div>\n\t\t<\/div>\n\t\t\t\t<div class=\"elementor-column elementor-col-33 elementor-top-column elementor-element elementor-element-b7f38a2\" data-id=\"b7f38a2\" data-element_type=\"column\">\n\t\t\t<div class=\"elementor-widget-wrap elementor-element-populated\">\n\t\t\t\t\t\t<div class=\"elementor-element elementor-element-5994c1f elementor-position-top elementor-widget elementor-widget-image-box\" data-id=\"5994c1f\" data-element_type=\"widget\" data-widget_type=\"image-box.default\">\n\t\t\t\t<div class=\"elementor-widget-container\">\n\t\t\t<div class=\"elementor-image-box-wrapper\"><figure class=\"elementor-image-box-img\"><img src=\"https:\/\/lesvergersdemothois.fr\/wp-content\/uploads\/elementor\/thumbs\/PXL_20221117_0942328032-scaled-pxuf5ssixggetmslr27x52yvk0c4z0ufi8mfv51qug.jpg\" title=\"PXL_20221117_094232803~2\" alt=\"PXL_20221117_094232803~2\" loading=\"lazy\" \/><\/figure><div class=\"elementor-image-box-content\"><h3 class=\"elementor-image-box-title\">Idared<\/h3><\/div><\/div>\t\t<\/div>\n\t\t\t\t<\/div>\n\t\t\t\t\t<\/div>\n\t\t<\/div>\n\t\t\t\t\t<\/div>\n\t\t<\/section>\n\t\t\t\t<section class=\"elementor-section elementor-top-section elementor-element elementor-element-08150aa elementor-section-boxed elementor-section-height-default elementor-section-height-default\" data-id=\"08150aa\" data-element_type=\"section\">\n\t\t\t\t\t\t<div class=\"elementor-container elementor-column-gap-default\">\n\t\t\t\t\t<div class=\"elementor-column elementor-col-50 elementor-top-column elementor-element elementor-element-4cfc798\" data-id=\"4cfc798\" data-element_type=\"column\">\n\t\t\t<div class=\"elementor-widget-wrap elementor-element-populated\">\n\t\t\t\t\t\t<div class=\"elementor-element elementor-element-321a9f8 elementor-widget elementor-widget-video\" data-id=\"321a9f8\" data-element_type=\"widget\" data-settings=\"{&quot;video_type&quot;:&quot;hosted&quot;,&quot;controls&quot;:&quot;yes&quot;}\" data-widget_type=\"video.default\">\n\t\t\t\t<div class=\"elementor-widget-container\">\n\t\t\t\t\t<div class=\"e-hosted-video elementor-wrapper elementor-open-inline\">\n\t\t\t\t\t<video class=\"elementor-video\" src=\"https:\/\/lesvergersdemothois.fr\/wp-content\/uploads\/2022\/02\/PXL_20210921_144925589.mp4\" controls=\"\" preload=\"metadata\" controlslist=\"nodownload\"><\/video>\n\t\t\t\t<\/div>\n\t\t\t\t<\/div>\n\t\t\t\t<\/div>\n\t\t\t\t\t<\/div>\n\t\t<\/div>\n\t\t\t\t<div class=\"elementor-column elementor-col-50 elementor-top-column elementor-element elementor-element-e04e5f4\" data-id=\"e04e5f4\" data-element_type=\"column\">\n\t\t\t<div class=\"elementor-widget-wrap elementor-element-populated\">\n\t\t\t\t\t\t<div class=\"elementor-element elementor-element-210c8741 elementor-drop-cap-yes elementor-drop-cap-view-default elementor-widget elementor-widget-text-editor\" data-id=\"210c8741\" data-element_type=\"widget\" data-settings=\"{&quot;drop_cap&quot;:&quot;yes&quot;}\" data-widget_type=\"text-editor.default\">\n\t\t\t\t<div class=\"elementor-widget-container\">\n\t\t\t\t\t\t\t<p><!-- wp:paragraph --><\/p>\n<p>Nous produisons des Pommes de Table pour la vente directe \u00e0 la ferme dans notre magasin.<\/p>\n<p>La production a \u00e9t\u00e9 initi\u00e9e par Marie-H\u00e9l\u00e8ne et Jean en 2005, par la greffe de vari\u00e9t\u00e9s de pommes de table sur un hectare de verger de pommes \u00e0 cidre. Marie-H\u00e9l\u00e8ne a d\u00e9velopp\u00e9 par l&rsquo;exp\u00e9rience un savoir faire adapt\u00e9 \u00e0 nos vari\u00e9t\u00e9s qui assure la grande qualit\u00e9 gustative de nos pommes. Leur fille Lise travaille avec elle aujourd&rsquo;hui dans le but de poursuivre la production.<\/p>\n<p><!-- \/wp:paragraph --><\/p>\n<p><!-- wp:paragraph --><\/p>\n<p>Les pommes sont cueillies \u00e0 la main puis conserv\u00e9es en chambre froide.<\/p>\n<p>La taille des arbres, l\u2019\u00e9claircissage des pommes en surnombre et la cueillette sont faits de fa\u00e7on manuelle. Notre objectif est la meilleure qualit\u00e9 gustative des fruits, ils sont cueillis \u00e0 maturit\u00e9 et tri\u00e9s pour exprimer tout leur caract\u00e8re.<\/p>\n<p><!-- \/wp:paragraph --><\/p>\n<p><!-- wp:paragraph --><\/p>\n<p>Les vari\u00e9t\u00e9s produites sont : Reine des Reinettes, Boskoop, Jonagored, Idared, Cox Orange et Chantecler.<\/p>\n<p><!-- \/wp:paragraph --><\/p>\n<p><!-- wp:paragraph --><\/p>\n<p><!-- \/wp:paragraph --><\/p>\n<p><!-- wp:paragraph --><\/p>\n<p><!-- \/wp:paragraph --><\/p>\n<p><!-- wp:paragraph --><\/p>\n<p>Elles sont travaill\u00e9es dans le respect des r\u00e8gles de l&rsquo;agriculture biologique.<\/p>\n<p><!-- \/wp:paragraph --><\/p>\t\t\t\t\t\t<\/div>\n\t\t\t\t<\/div>\n\t\t\t\t\t<\/div>\n\t\t<\/div>\n\t\t\t\t\t<\/div>\n\t\t<\/section>\n\t\t\t\t<section class=\"elementor-section elementor-top-section elementor-element elementor-element-11f9b6c elementor-section-boxed elementor-section-height-default elementor-section-height-default\" data-id=\"11f9b6c\" data-element_type=\"section\">\n\t\t\t\t\t\t<div class=\"elementor-container elementor-column-gap-default\">\n\t\t\t\t\t<div class=\"elementor-column elementor-col-100 elementor-top-column elementor-element elementor-element-653bb26\" data-id=\"653bb26\" data-element_type=\"column\">\n\t\t\t<div class=\"elementor-widget-wrap elementor-element-populated\">\n\t\t\t\t\t\t<div class=\"elementor-element elementor-element-20a23ca elementor-widget elementor-widget-image-gallery\" data-id=\"20a23ca\" data-element_type=\"widget\" data-widget_type=\"image-gallery.default\">\n\t\t\t\t<div class=\"elementor-widget-container\">\n\t\t\t\t\t<div class=\"elementor-image-gallery\">\n\t\t\t<div id='gallery-1' class='gallery galleryid-84 gallery-columns-3 gallery-size-full'><figure class='gallery-item'>\n\t\t\t<div class='gallery-icon landscape'>\n\t\t\t\t<a data-elementor-open-lightbox=\"yes\" data-elementor-lightbox-slideshow=\"20a23ca\" data-elementor-lightbox-title=\"IMG_20201103_155613\" data-e-action-hash=\"#elementor-action%3Aaction%3Dlightbox%26settings%3DeyJpZCI6ODc5LCJ1cmwiOiJodHRwczpcL1wvbGVzdmVyZ2Vyc2RlbW90aG9pcy5mclwvd3AtY29udGVudFwvdXBsb2Fkc1wvMjAyMlwvMDJcL0lNR18yMDIwMTEwM18xNTU2MTMtc2NhbGVkLmpwZyIsInNsaWRlc2hvdyI6IjIwYTIzY2EifQ%3D%3D\" href='https:\/\/lesvergersdemothois.fr\/wp-content\/uploads\/2022\/02\/IMG_20201103_155613-scaled.jpg'><img fetchpriority=\"high\" width=\"2560\" height=\"1920\" src=\"https:\/\/lesvergersdemothois.fr\/wp-content\/uploads\/2022\/02\/IMG_20201103_155613-scaled.jpg\" class=\"attachment-full size-full\" alt=\"\" srcset=\"https:\/\/lesvergersdemothois.fr\/wp-content\/uploads\/2022\/02\/IMG_20201103_155613-scaled.jpg 2560w, https:\/\/lesvergersdemothois.fr\/wp-content\/uploads\/2022\/02\/IMG_20201103_155613-300x225.jpg 300w, https:\/\/lesvergersdemothois.fr\/wp-content\/uploads\/2022\/02\/IMG_20201103_155613-1024x768.jpg 1024w, https:\/\/lesvergersdemothois.fr\/wp-content\/uploads\/2022\/02\/IMG_20201103_155613-768x576.jpg 768w, https:\/\/lesvergersdemothois.fr\/wp-content\/uploads\/2022\/02\/IMG_20201103_155613-1536x1152.jpg 1536w, https:\/\/lesvergersdemothois.fr\/wp-content\/uploads\/2022\/02\/IMG_20201103_155613-2048x1536.jpg 2048w\" sizes=\"100vw\" \/><\/a>\n\t\t\t<\/div><\/figure><figure class='gallery-item'>\n\t\t\t<div class='gallery-icon landscape'>\n\t\t\t\t<a data-elementor-open-lightbox=\"yes\" data-elementor-lightbox-slideshow=\"20a23ca\" data-elementor-lightbox-title=\"IMG_20200918_103424\" data-e-action-hash=\"#elementor-action%3Aaction%3Dlightbox%26settings%3DeyJpZCI6ODc2LCJ1cmwiOiJodHRwczpcL1wvbGVzdmVyZ2Vyc2RlbW90aG9pcy5mclwvd3AtY29udGVudFwvdXBsb2Fkc1wvMjAyMlwvMDJcL0lNR18yMDIwMDkxOF8xMDM0MjQtc2NhbGVkLmpwZyIsInNsaWRlc2hvdyI6IjIwYTIzY2EifQ%3D%3D\" href='https:\/\/lesvergersdemothois.fr\/wp-content\/uploads\/2022\/02\/IMG_20200918_103424-scaled.jpg'><img width=\"2560\" height=\"1920\" src=\"https:\/\/lesvergersdemothois.fr\/wp-content\/uploads\/2022\/02\/IMG_20200918_103424-scaled.jpg\" class=\"attachment-full size-full\" alt=\"\" srcset=\"https:\/\/lesvergersdemothois.fr\/wp-content\/uploads\/2022\/02\/IMG_20200918_103424-scaled.jpg 2560w, https:\/\/lesvergersdemothois.fr\/wp-content\/uploads\/2022\/02\/IMG_20200918_103424-300x225.jpg 300w, https:\/\/lesvergersdemothois.fr\/wp-content\/uploads\/2022\/02\/IMG_20200918_103424-1024x768.jpg 1024w, https:\/\/lesvergersdemothois.fr\/wp-content\/uploads\/2022\/02\/IMG_20200918_103424-768x576.jpg 768w, https:\/\/lesvergersdemothois.fr\/wp-content\/uploads\/2022\/02\/IMG_20200918_103424-1536x1152.jpg 1536w, https:\/\/lesvergersdemothois.fr\/wp-content\/uploads\/2022\/02\/IMG_20200918_103424-2048x1536.jpg 2048w\" sizes=\"100vw\" \/><\/a>\n\t\t\t<\/div><\/figure><figure class='gallery-item'>\n\t\t\t<div class='gallery-icon landscape'>\n\t\t\t\t<a data-elementor-open-lightbox=\"yes\" data-elementor-lightbox-slideshow=\"20a23ca\" data-elementor-lightbox-title=\"PXL_20211008_142244505\" data-e-action-hash=\"#elementor-action%3Aaction%3Dlightbox%26settings%3DeyJpZCI6ODc0LCJ1cmwiOiJodHRwczpcL1wvbGVzdmVyZ2Vyc2RlbW90aG9pcy5mclwvd3AtY29udGVudFwvdXBsb2Fkc1wvMjAyMlwvMDJcL1BYTF8yMDIxMTAwOF8xNDIyNDQ1MDUtc2NhbGVkLmpwZyIsInNsaWRlc2hvdyI6IjIwYTIzY2EifQ%3D%3D\" href='https:\/\/lesvergersdemothois.fr\/wp-content\/uploads\/2022\/02\/PXL_20211008_142244505-scaled.jpg'><img width=\"2560\" height=\"1920\" src=\"https:\/\/lesvergersdemothois.fr\/wp-content\/uploads\/2022\/02\/PXL_20211008_142244505-scaled.jpg\" class=\"attachment-full size-full\" alt=\"\" srcset=\"https:\/\/lesvergersdemothois.fr\/wp-content\/uploads\/2022\/02\/PXL_20211008_142244505-scaled.jpg 2560w, https:\/\/lesvergersdemothois.fr\/wp-content\/uploads\/2022\/02\/PXL_20211008_142244505-300x225.jpg 300w, https:\/\/lesvergersdemothois.fr\/wp-content\/uploads\/2022\/02\/PXL_20211008_142244505-1024x768.jpg 1024w, https:\/\/lesvergersdemothois.fr\/wp-content\/uploads\/2022\/02\/PXL_20211008_142244505-768x576.jpg 768w, https:\/\/lesvergersdemothois.fr\/wp-content\/uploads\/2022\/02\/PXL_20211008_142244505-1536x1152.jpg 1536w, https:\/\/lesvergersdemothois.fr\/wp-content\/uploads\/2022\/02\/PXL_20211008_142244505-2048x1536.jpg 2048w\" sizes=\"100vw\" \/><\/a>\n\t\t\t<\/div><\/figure><figure class='gallery-item'>\n\t\t\t<div class='gallery-icon portrait'>\n\t\t\t\t<a data-elementor-open-lightbox=\"yes\" data-elementor-lightbox-slideshow=\"20a23ca\" data-elementor-lightbox-title=\"P1000987\" data-e-action-hash=\"#elementor-action%3Aaction%3Dlightbox%26settings%3DeyJpZCI6MTY3LCJ1cmwiOiJodHRwczpcL1wvbGVzdmVyZ2Vyc2RlbW90aG9pcy5mclwvd3AtY29udGVudFwvdXBsb2Fkc1wvMjAxOFwvMTJcL1AxMDAwOTg3LWUxNTQ2MTkxNDE1NDE1LmpwZyIsInNsaWRlc2hvdyI6IjIwYTIzY2EifQ%3D%3D\" href='https:\/\/lesvergersdemothois.fr\/wp-content\/uploads\/2018\/12\/P1000987-e1546191415415.jpg'><img loading=\"lazy\" width=\"3456\" height=\"4608\" src=\"https:\/\/lesvergersdemothois.fr\/wp-content\/uploads\/2018\/12\/P1000987-e1546191415415.jpg\" class=\"attachment-full size-full\" alt=\"\" srcset=\"https:\/\/lesvergersdemothois.fr\/wp-content\/uploads\/2018\/12\/P1000987-e1546191415415.jpg 3456w, https:\/\/lesvergersdemothois.fr\/wp-content\/uploads\/2018\/12\/P1000987-e1546191415415-225x300.jpg 225w, https:\/\/lesvergersdemothois.fr\/wp-content\/uploads\/2018\/12\/P1000987-e1546191415415-768x1024.jpg 768w\" sizes=\"100vw\" \/><\/a>\n\t\t\t<\/div><\/figure><figure class='gallery-item'>\n\t\t\t<div class='gallery-icon portrait'>\n\t\t\t\t<a data-elementor-open-lightbox=\"yes\" data-elementor-lightbox-slideshow=\"20a23ca\" data-elementor-lightbox-title=\"IMG_20201109_152609\" data-e-action-hash=\"#elementor-action%3Aaction%3Dlightbox%26settings%3DeyJpZCI6ODgxLCJ1cmwiOiJodHRwczpcL1wvbGVzdmVyZ2Vyc2RlbW90aG9pcy5mclwvd3AtY29udGVudFwvdXBsb2Fkc1wvMjAyMlwvMDJcL0lNR18yMDIwMTEwOV8xNTI2MDktc2NhbGVkLmpwZyIsInNsaWRlc2hvdyI6IjIwYTIzY2EifQ%3D%3D\" href='https:\/\/lesvergersdemothois.fr\/wp-content\/uploads\/2022\/02\/IMG_20201109_152609-scaled.jpg'><img loading=\"lazy\" width=\"1920\" height=\"2560\" src=\"https:\/\/lesvergersdemothois.fr\/wp-content\/uploads\/2022\/02\/IMG_20201109_152609-scaled.jpg\" class=\"attachment-full size-full\" alt=\"\" srcset=\"https:\/\/lesvergersdemothois.fr\/wp-content\/uploads\/2022\/02\/IMG_20201109_152609-scaled.jpg 1920w, https:\/\/lesvergersdemothois.fr\/wp-content\/uploads\/2022\/02\/IMG_20201109_152609-225x300.jpg 225w, https:\/\/lesvergersdemothois.fr\/wp-content\/uploads\/2022\/02\/IMG_20201109_152609-768x1024.jpg 768w, https:\/\/lesvergersdemothois.fr\/wp-content\/uploads\/2022\/02\/IMG_20201109_152609-1152x1536.jpg 1152w, https:\/\/lesvergersdemothois.fr\/wp-content\/uploads\/2022\/02\/IMG_20201109_152609-1536x2048.jpg 1536w\" sizes=\"100vw\" \/><\/a>\n\t\t\t<\/div><\/figure><figure class='gallery-item'>\n\t\t\t<div class='gallery-icon portrait'>\n\t\t\t\t<a data-elementor-open-lightbox=\"yes\" data-elementor-lightbox-slideshow=\"20a23ca\" data-elementor-lightbox-title=\"PXL_20210916_145510057\" data-e-action-hash=\"#elementor-action%3Aaction%3Dlightbox%26settings%3DeyJpZCI6ODczLCJ1cmwiOiJodHRwczpcL1wvbGVzdmVyZ2Vyc2RlbW90aG9pcy5mclwvd3AtY29udGVudFwvdXBsb2Fkc1wvMjAyMlwvMDJcL1BYTF8yMDIxMDkxNl8xNDU1MTAwNTctc2NhbGVkLmpwZyIsInNsaWRlc2hvdyI6IjIwYTIzY2EifQ%3D%3D\" href='https:\/\/lesvergersdemothois.fr\/wp-content\/uploads\/2022\/02\/PXL_20210916_145510057-scaled.jpg'><img loading=\"lazy\" width=\"1920\" height=\"2560\" src=\"https:\/\/lesvergersdemothois.fr\/wp-content\/uploads\/2022\/02\/PXL_20210916_145510057-scaled.jpg\" class=\"attachment-full size-full\" alt=\"\" srcset=\"https:\/\/lesvergersdemothois.fr\/wp-content\/uploads\/2022\/02\/PXL_20210916_145510057-scaled.jpg 1920w, https:\/\/lesvergersdemothois.fr\/wp-content\/uploads\/2022\/02\/PXL_20210916_145510057-225x300.jpg 225w, https:\/\/lesvergersdemothois.fr\/wp-content\/uploads\/2022\/02\/PXL_20210916_145510057-768x1024.jpg 768w, https:\/\/lesvergersdemothois.fr\/wp-content\/uploads\/2022\/02\/PXL_20210916_145510057-1152x1536.jpg 1152w, https:\/\/lesvergersdemothois.fr\/wp-content\/uploads\/2022\/02\/PXL_20210916_145510057-1536x2048.jpg 1536w\" sizes=\"100vw\" \/><\/a>\n\t\t\t<\/div><\/figure>\n\t\t<\/div>\n\t\t<\/div>\n\t\t\t\t<\/div>\n\t\t\t\t<\/div>\n\t\t\t\t\t<\/div>\n\t\t<\/div>\n\t\t\t\t\t<\/div>\n\t\t<\/section>\n\t\t\t\t<\/div>","protected":false},"excerpt":{"rendered":"<p>Nos vari\u00e9t\u00e9s Jonagored Boskoop rouge Cox orange Chantecler Reine des reinettes Idared https:\/\/lesvergersdemothois.fr\/wp-content\/uploads\/2022\/02\/PXL_20210921_144925589.mp4 Nous produisons des Pommes de Table pour la vente directe \u00e0 la ferme dans notre magasin. La production a \u00e9t\u00e9 initi\u00e9e par Marie-H\u00e9l\u00e8ne et Jean en 2005, par la greffe de vari\u00e9t\u00e9s de pommes de table sur un hectare de verger de &hellip; <\/p>\n<p class=\"link-more\"><a href=\"https:\/\/lesvergersdemothois.fr\/en\/pommes-de-table\/\" class=\"more-link\">Continue reading<span class=\"screen-reader-text\"> \u00ab\u00a0Pommes de table\u00a0\u00bb<\/span><\/a><\/p>","protected":false},"author":1,"featured_media":0,"parent":0,"menu_order":0,"comment_status":"closed","ping_status":"closed","template":"","meta":[],"_links":{"self":[{"href":"https:\/\/lesvergersdemothois.fr\/en\/wp-json\/wp\/v2\/pages\/84"}],"collection":[{"href":"https:\/\/lesvergersdemothois.fr\/en\/wp-json\/wp\/v2\/pages"}],"about":[{"href":"https:\/\/lesvergersdemothois.fr\/en\/wp-json\/wp\/v2\/types\/page"}],"author":[{"embeddable":true,"href":"https:\/\/lesvergersdemothois.fr\/en\/wp-json\/wp\/v2\/users\/1"}],"replies":[{"embeddable":true,"href":"https:\/\/lesvergersdemothois.fr\/en\/wp-json\/wp\/v2\/comments?post=84"}],"version-history":[{"count":38,"href":"https:\/\/lesvergersdemothois.fr\/en\/wp-json\/wp\/v2\/pages\/84\/revisions"}],"predecessor-version":[{"id":1572,"href":"https:\/\/lesvergersdemothois.fr\/en\/wp-json\/wp\/v2\/pages\/84\/revisions\/1572"}],"wp:attachment":[{"href":"https:\/\/lesvergersdemothois.fr\/en\/wp-json\/wp\/v2\/media?parent=84"}],"curies":[{"name":"wp","href":"https:\/\/api.w.org\/{rel}","templated":true}]}}