{"id":88,"date":"2018-12-28T23:28:04","date_gmt":"2018-12-28T22:28:04","guid":{"rendered":"http:\/\/lesvergersdemothois.fr\/?page_id=88"},"modified":"2022-02-22T13:53:46","modified_gmt":"2022-02-22T12:53:46","slug":"pommes-a-cidre","status":"publish","type":"page","link":"https:\/\/lesvergersdemothois.fr\/en\/pommes-a-cidre\/","title":{"rendered":"Cider apples"},"content":{"rendered":"<div data-elementor-type=\"wp-page\" data-elementor-id=\"88\" class=\"elementor elementor-88\">\n\t\t\t\t\t\t<section class=\"elementor-section elementor-top-section elementor-element elementor-element-119b3529 elementor-section-boxed elementor-section-height-default elementor-section-height-default\" data-id=\"119b3529\" data-element_type=\"section\">\n\t\t\t\t\t\t<div class=\"elementor-container elementor-column-gap-default\">\n\t\t\t\t\t<div class=\"elementor-column elementor-col-100 elementor-top-column elementor-element elementor-element-61768eae\" data-id=\"61768eae\" data-element_type=\"column\">\n\t\t\t<div class=\"elementor-widget-wrap elementor-element-populated\">\n\t\t\t\t\t\t<div class=\"elementor-element elementor-element-11f3964 elementor-widget elementor-widget-video\" data-id=\"11f3964\" data-element_type=\"widget\" data-settings=\"{&quot;youtube_url&quot;:&quot;https:\\\/\\\/youtu.be\\\/SARDMP8_LAo&quot;,&quot;video_type&quot;:&quot;youtube&quot;,&quot;controls&quot;:&quot;yes&quot;}\" data-widget_type=\"video.default\">\n\t\t\t\t<div class=\"elementor-widget-container\">\n\t\t\t\t\t<div class=\"elementor-wrapper elementor-open-inline\">\n\t\t\t<div class=\"elementor-video\"><\/div>\t\t<\/div>\n\t\t\t\t<\/div>\n\t\t\t\t<\/div>\n\t\t\t\t<div class=\"elementor-element elementor-element-63abccdb elementor-widget elementor-widget-text-editor\" data-id=\"63abccdb\" data-element_type=\"widget\" data-widget_type=\"text-editor.default\">\n\t\t\t\t<div class=\"elementor-widget-container\">\n\t\t\t\t\t\t\t<p><\/p>\n<p><!-- wp:paragraph --><\/p>\n<p>Les pommes \u00e0 cidre Bio sont produites pour la vente aux cidreries de la coop\u00e9rative AGRIAL qui commercialise les cidres Lo\u00efc Raison et Ecusson.<\/p>\n<p><!-- \/wp:paragraph --><\/p>\n<p><!-- wp:html -->\n<\/p>\n<p>Nous produisons 17 vari\u00e9t\u00e9s de pommes \u00e0 cidre class\u00e9es en trois cat\u00e9gories Pommes douces, acidul\u00e9es et pommes \u00e0 jus.<\/p>\n<p>\n<!-- \/wp:html --><\/p>\n<p><!-- wp:html -->\n<\/p>\n<p>Elles sont toutes r\u00e9colt\u00e9es m\u00e9caniquement et exp\u00e9di\u00e9es en camions.<\/p>\n<p>Les vergers n\u00e9cessitent beaucoup de soins toute l&rsquo;ann\u00e9e. Apr\u00e8s la taille hivernale manuelle, les arbres se r\u00e9veillent au mois d&rsquo;avril pour fleurir en mai et porter leurs fruits jusqu&rsquo;\u00e0 la r\u00e9colte qui s&rsquo;\u00e9tale de septembre \u00e0 d\u00e9cembre.<\/p>\n<p>\n<!-- \/wp:html --><\/p>\n<p><!-- wp:html -->\n<\/p>\n<p>\n<!-- \/wp:html --><\/p>\n<p><!-- wp:html -->\n<\/p>\n<p>Bien que conduits en agriculture biologique, les arbres n\u00e9cessitent des soins sanitaires sous forme de pulv\u00e9risation pour les prot\u00e9ger des attaques d&rsquo;insectes et de champignons.<\/p>\n<p>\n<!-- \/wp:html --><\/p>\n<p><!-- wp:html -->\n<\/p>\n<p>Les principaux ravageurs sont l&rsquo;anthonome, l&rsquo;hoplocampe, le puceron cendr\u00e9 et le carpocapse. Ils sont tous capables d&rsquo;an\u00e9antir une r\u00e9colte. On observe leur pr\u00e9sence en faisant des comptages pour \u00e9valuer le niveau de risque et la n\u00e9cessit\u00e9 d&rsquo;une intervention. En amont nous entretenons un environnement favorable \u00e0 l&rsquo;\u00e9quilibre entre les ravageurs et les auxiliaires (comme les coccinelles) pour ne plus avoir \u00e0 intervenir.<\/p>\n<p><img fetchpriority=\"high\" src=\"http:\/\/lesvergersdemothois.fr\/wp-content\/uploads\/2018\/12\/abeille-300x218.jpg\" alt=\"\" width=\"300\" height=\"218\">&nbsp; &nbsp; &nbsp; &nbsp; &nbsp; &nbsp;<img style=\"font-size: 1rem;\" src=\"http:\/\/lesvergersdemothois.fr\/wp-content\/uploads\/2018\/12\/Coccinelle21-redim300-300x236.jpg\" alt=\"\" width=\"300\" height=\"236\"><\/p>\n<p>Les maladies du pommier sont dues \u00e0 des champignons comme la tavelure, l&rsquo;o\u00efdium ou la moniliose sur le feuillage ou le phytophthora et le chancre sur le bois. On prot\u00e8ge les arbres par pulv\u00e9risation de souffre ou de cuivre selon la saison et les vari\u00e9t\u00e9s. L\u00e0 aussi on raisonne les interventions gr\u00e2ce \u00e0 des outils d&rsquo;aide \u00e0 la d\u00e9cision (RIMPRO pour la tavelure) qui utilisent les donn\u00e9es m\u00e9t\u00e9o et les observations dans le verger et en laboratoire.<\/p>\n<p>\n<!-- \/wp:html --><\/p>\n<p><!-- wp:paragraph --><\/p>\n<p>Suivant leur sensibilit\u00e9 aux maladies, les arbres re\u00e7oivent entre 1 et 6 traitements par an durant la p\u00e9riode v\u00e9g\u00e9tative.<\/p>\n<p><!-- \/wp:paragraph --><\/p>\t\t\t\t\t\t<\/div>\n\t\t\t\t<\/div>\n\t\t\t\t\t<\/div>\n\t\t<\/div>\n\t\t\t\t\t<\/div>\n\t\t<\/section>\n\t\t\t\t<\/div>","protected":false},"excerpt":{"rendered":"<p>https:\/\/youtu.be\/SARDMP8_LAo Les pommes \u00e0 cidre Bio sont produites pour la vente aux cidreries de la coop\u00e9rative AGRIAL qui commercialise les cidres Lo\u00efc Raison et Ecusson. Nous produisons 17 vari\u00e9t\u00e9s de pommes \u00e0 cidre class\u00e9es en trois cat\u00e9gories Pommes douces, acidul\u00e9es et pommes \u00e0 jus. Elles sont toutes r\u00e9colt\u00e9es m\u00e9caniquement et exp\u00e9di\u00e9es en camions. Les vergers &hellip; <\/p>\n<p class=\"link-more\"><a href=\"https:\/\/lesvergersdemothois.fr\/en\/pommes-a-cidre\/\" class=\"more-link\">Continue reading<span class=\"screen-reader-text\"> \u00ab\u00a0Pommes \u00e0 cidre\u00a0\u00bb<\/span><\/a><\/p>","protected":false},"author":1,"featured_media":0,"parent":0,"menu_order":0,"comment_status":"closed","ping_status":"closed","template":"","meta":[],"_links":{"self":[{"href":"https:\/\/lesvergersdemothois.fr\/en\/wp-json\/wp\/v2\/pages\/88"}],"collection":[{"href":"https:\/\/lesvergersdemothois.fr\/en\/wp-json\/wp\/v2\/pages"}],"about":[{"href":"https:\/\/lesvergersdemothois.fr\/en\/wp-json\/wp\/v2\/types\/page"}],"author":[{"embeddable":true,"href":"https:\/\/lesvergersdemothois.fr\/en\/wp-json\/wp\/v2\/users\/1"}],"replies":[{"embeddable":true,"href":"https:\/\/lesvergersdemothois.fr\/en\/wp-json\/wp\/v2\/comments?post=88"}],"version-history":[{"count":20,"href":"https:\/\/lesvergersdemothois.fr\/en\/wp-json\/wp\/v2\/pages\/88\/revisions"}],"predecessor-version":[{"id":958,"href":"https:\/\/lesvergersdemothois.fr\/en\/wp-json\/wp\/v2\/pages\/88\/revisions\/958"}],"wp:attachment":[{"href":"https:\/\/lesvergersdemothois.fr\/en\/wp-json\/wp\/v2\/media?parent=88"}],"curies":[{"name":"wp","href":"https:\/\/api.w.org\/{rel}","templated":true}]}}